{"id":9967,"date":"2019-08-18T18:55:32","date_gmt":"2019-08-18T16:55:32","guid":{"rendered":"http:\/\/www.naturalna-plodnosc.pl\/?page_id=9967"},"modified":"2019-08-18T18:55:32","modified_gmt":"2019-08-18T16:55:32","slug":"jak-przekonac-partnera-do-posiadania-dziecka","status":"publish","type":"page","link":"https:\/\/www.naturalna-plodnosc.pl\/index.php\/ciaza\/planowanie-ciazy\/jak-przekonac-partnera-do-posiadania-dziecka\/","title":{"rendered":"Jak przekona\u0107 partnera do posiadania dziecka"},"content":{"rendered":"<div id=\"attachment_9968\" style=\"width: 260px\" class=\"wp-caption alignleft\"><img loading=\"lazy\" decoding=\"async\" aria-describedby=\"caption-attachment-9968\" data-attachment-id=\"9968\" data-permalink=\"https:\/\/www.naturalna-plodnosc.pl\/index.php\/ciaza\/planowanie-ciazy\/jak-przekonac-partnera-do-posiadania-dziecka\/hands-437968_640-3\/\" data-orig-file=\"https:\/\/www.naturalna-plodnosc.pl\/wp-content\/uploads\/2019\/08\/hands-437968_640.jpg\" data-orig-size=\"640,423\" data-comments-opened=\"1\" data-image-meta=\"{&quot;aperture&quot;:&quot;2.8&quot;,&quot;credit&quot;:&quot;&quot;,&quot;camera&quot;:&quot;NIKON D7000&quot;,&quot;caption&quot;:&quot;&quot;,&quot;created_timestamp&quot;:&quot;0&quot;,&quot;copyright&quot;:&quot;&quot;,&quot;focal_length&quot;:&quot;105&quot;,&quot;iso&quot;:&quot;100&quot;,&quot;shutter_speed&quot;:&quot;0.008&quot;,&quot;title&quot;:&quot;&quot;,&quot;orientation&quot;:&quot;0&quot;}\" data-image-title=\"Jak przekona\u0107 partnera do posiadania dziecka\" data-image-description=\"&lt;p&gt;Jak przekona\u0107 partnera do posiadania dziecka&lt;\/p&gt;\n\" data-image-caption=\"&lt;p&gt;Jak przekona\u0107 partnera do posiadania dziecka&lt;\/p&gt;\n\" data-large-file=\"https:\/\/www.naturalna-plodnosc.pl\/wp-content\/uploads\/2019\/08\/hands-437968_640.jpg\" class=\"size-medium wp-image-9968\" src=\"http:\/\/www.naturalna-plodnosc.pl\/wp-content\/uploads\/2019\/08\/hands-437968_640-250x166.jpg\" alt=\"Jak przekona\u0107 partnera do posiadania dziecka\" width=\"250\" height=\"166\" srcset=\"https:\/\/www.naturalna-plodnosc.pl\/wp-content\/uploads\/2019\/08\/hands-437968_640.jpg 250w, https:\/\/www.naturalna-plodnosc.pl\/wp-content\/uploads\/2019\/08\/hands-437968_640.jpg 640w\" sizes=\"(max-width: 250px) 100vw, 250px\" \/><p id=\"caption-attachment-9968\" class=\"wp-caption-text\">Jak przekona\u0107 partnera do posiadania dziecka<\/p><\/div>\n<p><strong>Narodziny dziecka to jeden z wa\u017cniejszych moment\u00f3w z w \u017cyciu ka\u017cdej pary. W idealnej sytuacji jest to \u015bwiadoma decyzja obojga partner\u00f3w. Bywa jednak tak, \u017ce tylko jedna z os\u00f3b pragnie dziecka. Najcz\u0119\u015bciej decyzj\u0119 t\u0119 op\u00f3\u017aniaj\u0105 panowie. Sk\u0105d si\u0119 bierze niech\u0119\u0107 do posiadania potomstwa i w jaki spos\u00f3b przekona\u0107 m\u0119\u017cczyzn\u0119 do powi\u0119kszenia rodziny?<\/strong><\/p>\n<p><strong>Dlaczego m\u0119\u017cczy\u017ani unikaj\u0105 tematu ci\u0105\u017cy?<\/strong><\/p>\n<p>Przyjmuje si\u0119, \u017ce kobiety maj\u0105 wrodzony instynkt posiadania i opieki nad potomstwem oraz zasadniczo szybciej dojrzewaj\u0105 do tej decyzji. Najcz\u0119\u015bciej kobiety decyduj\u0105 si\u0119 na dziecko mi\u0119dzy 20 a 30 rokiem \u017cycia. U m\u0119\u017cczyzn decyzja ta niekiedy bywa odroczona w czasie. Przyczyn mo\u017ce by\u0107 wiele, np.: poczucie braku stabilizacji finansowej, perspektywa ograniczenia \u017cycia zawodowego i towarzyskiego, obawy przed utrat\u0105 ,,czasu dla siebie\u201d w zwi\u0105zku lub niesprawdzenia si\u0119 w roli ojca.<\/p>\n<p><strong>Kluczem jest rozmowa<\/strong><\/p>\n<p>Wa\u017cnym elementem wzajemnych ,,negocjacji\u201d w tym temacie jest wsp\u00f3lna rozmowa, w czasie kt\u00f3rej kobieta mo\u017ce zadeklarowa\u0107 swoje pragnienia, a m\u0119\u017cczyzna obawy dotycz\u0105ce posiadania dziecka. Wsp\u00f3lna analiza obaw i pragnie\u0144 mo\u017ce niekiedy doprowadzi\u0107 partner\u00f3w do konstruktywnych wniosk\u00f3w, np. ,,pragniemy dziecka, ale do ko\u0144ca roku powinni\u015bmy ustabilizowa\u0107 nasz\u0105 sytuacj\u0119 finansow\u0105\u201d. Werbalizacja obaw partnera to wa\u017cny element budowania opartej na zaufaniu relacji. Poza tym podej\u015bcie to niweluje wszelkie niedom\u00f3wienia w tej kwestii. Niech\u0119\u0107 partnera do potomstwa mo\u017ce niekiedy budzi\u0107 w kobiecie poczucie niepewno\u015bci co do stabilno\u015bci zwi\u0105zku i zamiar\u00f3w partnera. Spokojna i rzeczowa rozmowa niesie ze sob\u0105 oczyszczaj\u0105cy wp\u0142yw na obojga. Nawet je\u015bli w danym momencie partner nie czuje si\u0119 gotowy na dziecko, spokojna rozmowa daje podstawy do tego, by wr\u00f3ci\u0107 do tematu w przysz\u0142o\u015bci. Czasami decyzja o byciu ojcem wymaga od m\u0119\u017cczyzny troch\u0119 czasu, kobieta nie powinna wywiera\u0107 na partnerze presji. W zamian mo\u017ce stosowa\u0107 rzeczowe i ,,mi\u0119kkie\u2019\u2019 argumenty.<\/p>\n<p><strong>W jaki spos\u00f3b przekona\u0107 partnera do dziecka?<\/strong><\/p>\n<p>Bardzo wa\u017cne jest, by stosowa\u0107 argumenty, kt\u00f3re b\u0119d\u0105 mia\u0142y rzeczowe uzasadnienie.<\/p>\n<p>&#8211; Zaznacz, \u017ce jeste\u015b w pe\u0142ni gotowa na posiadanie dziecka, a tw\u00f3j zegar biologiczny wskazuje w\u0142a\u015bnie optymaln\u0105 do tego godzin\u0119.<\/p>\n<p>&#8211; Podkre\u015bl, \u017ce starania o dziecko wymagaj\u0105 niekiedy troch\u0119 czasu i cierpliwo\u015bci, a wi\u0119c od momentu podj\u0119cia decyzji o dziecku rzeczywista jego obecno\u015b\u0107 w \u017cyciu obojga mo\u017ce sporo odroczy\u0107 si\u0119 w czasie.<\/p>\n<p>&#8211; Je\u015bli niech\u0119\u0107 do posiadania potomstwa wynika z obaw o wydolno\u015b\u0107 finansow\u0105 partnera mo\u017cesz przypomnie\u0107, \u017ce obecnie istniej\u0105 dodatkowe zasi\u0142ki pieni\u0119\u017cne w przypadku narodzin dziecka. Poza tym je\u015bli wcze\u015bniej mia\u0142a\u015b sta\u0142\u0105 prac\u0119, b\u0119dziesz otrzymywa\u0142a wynagrodzenie, przebywaj\u0105c na urlopie macierzy\u0144skim. Obecno\u015b\u0107 dziecka nie powinna wi\u0119c drastycznie pogorszy\u0107 waszej sytuacji finansowej.<\/p>\n<p>&#8211; Je\u015bli wiesz, \u017ce wasi rodzice s\u0105 ch\u0119tni do pomocy w przypadku pojawienia si\u0119 wnuka, mo\u017cesz do tego odwo\u0142a\u0107 si\u0119 w rozmowie z partnerem. \u015awiadomo\u015b\u0107, \u017ce jest kto\u015b kto pomo\u017ce w opiece nad potomstwem bywa bardzo buduj\u0105ca.<\/p>\n<p>&#8211; Rozmawiaj w spos\u00f3b spokojny, nie naciskaj, nie krytykuj, nie por\u00f3wnuj go do innych m\u0119\u017cczyzn, kt\u00f3rzy s\u0105 w podobnym wieku i maj\u0105 ju\u017c dzieci. Staraj si\u0119 raczej podbudowa\u0107 swojego partnera, np. s\u0142owami: ,,Wiem, \u017ce by\u0142by\u015b \u015bwietnym ojcem\u201d.<\/p>\n<p>&nbsp;<\/p>\n<h1>TAGI: planowanie dziecka, planowanie ci\u0105\u017cy, jak zaj\u015b\u0107 w ci\u0105\u017c\u0119<\/h1>\n","protected":false},"excerpt":{"rendered":"<p>Narodziny dziecka to jeden z wa\u017cniejszych moment\u00f3w z w \u017cyciu ka\u017cdej pary. W idealnej sytuacji jest to \u015bwiadoma decyzja obojga partner\u00f3w. Bywa jednak tak, \u017ce tylko jedna z os\u00f3b pragnie dziecka. Najcz\u0119\u015bciej decyzj\u0119 t\u0119 op\u00f3\u017aniaj\u0105 panowie. Sk\u0105d si\u0119 bierze niech\u0119\u0107 do posiadania potomstwa i w jaki spos\u00f3b przekona\u0107 m\u0119\u017cczyzn\u0119 do powi\u0119kszenia rodziny? Dlaczego m\u0119\u017cczy\u017ani unikaj\u0105 [&hellip;]<\/p>\n","protected":false},"author":1,"featured_media":0,"parent":143,"menu_order":0,"comment_status":"open","ping_status":"open","template":"","meta":{"_et_pb_use_builder":"","_et_pb_old_content":"","_et_gb_content_width":"","footnotes":""},"class_list":["post-9967","page","type-page","status-publish","hentry"],"yoast_head":"<!-- This site is optimized with the Yoast SEO plugin v27.4 - https:\/\/yoast.com\/product\/yoast-seo-wordpress\/ -->\n<title>Jak przekona\u0107 partnera do posiadania dziecka - Naturalna P\u0142odno\u015b\u0107<\/title>\n<meta name=\"robots\" content=\"index, follow, max-snippet:-1, max-image-preview:large, max-video-preview:-1\" \/>\n<link rel=\"canonical\" href=\"https:\/\/www.naturalna-plodnosc.pl\/index.php\/ciaza\/planowanie-ciazy\/jak-przekonac-partnera-do-posiadania-dziecka\/\" \/>\n<meta property=\"og:locale\" content=\"pl_PL\" \/>\n<meta property=\"og:type\" content=\"article\" \/>\n<meta property=\"og:title\" content=\"Jak przekona\u0107 partnera do posiadania dziecka - Naturalna P\u0142odno\u015b\u0107\" \/>\n<meta property=\"og:description\" content=\"Narodziny dziecka to jeden z wa\u017cniejszych moment\u00f3w z w \u017cyciu ka\u017cdej pary. W idealnej sytuacji jest to \u015bwiadoma decyzja obojga partner\u00f3w. Bywa jednak tak, \u017ce tylko jedna z os\u00f3b pragnie dziecka. Najcz\u0119\u015bciej decyzj\u0119 t\u0119 op\u00f3\u017aniaj\u0105 panowie. Sk\u0105d si\u0119 bierze niech\u0119\u0107 do posiadania potomstwa i w jaki spos\u00f3b przekona\u0107 m\u0119\u017cczyzn\u0119 do powi\u0119kszenia rodziny? Dlaczego m\u0119\u017cczy\u017ani unikaj\u0105 [&hellip;]\" \/>\n<meta property=\"og:url\" content=\"https:\/\/www.naturalna-plodnosc.pl\/index.php\/ciaza\/planowanie-ciazy\/jak-przekonac-partnera-do-posiadania-dziecka\/\" \/>\n<meta property=\"og:site_name\" content=\"Naturalna P\u0142odno\u015b\u0107\" \/>\n<meta property=\"article:publisher\" content=\"https:\/\/www.facebook.com\/NaturalnaPlodnosc\/\" \/>\n<meta property=\"og:image\" content=\"http:\/\/www.naturalna-plodnosc.pl\/wp-content\/uploads\/2019\/08\/hands-437968_640-250x166.jpg\" \/>\n<meta name=\"twitter:card\" content=\"summary_large_image\" \/>\n<meta name=\"twitter:label1\" content=\"Szacowany czas czytania\" \/>\n\t<meta name=\"twitter:data1\" content=\"3 minuty\" \/>\n<script type=\"application\/ld+json\" class=\"yoast-schema-graph\">{\"@context\":\"https:\\\/\\\/schema.org\",\"@graph\":[{\"@type\":\"WebPage\",\"@id\":\"https:\\\/\\\/www.naturalna-plodnosc.pl\\\/index.php\\\/ciaza\\\/planowanie-ciazy\\\/jak-przekonac-partnera-do-posiadania-dziecka\\\/\",\"url\":\"https:\\\/\\\/www.naturalna-plodnosc.pl\\\/index.php\\\/ciaza\\\/planowanie-ciazy\\\/jak-przekonac-partnera-do-posiadania-dziecka\\\/\",\"name\":\"Jak przekona\u0107 partnera do posiadania dziecka - Naturalna P\u0142odno\u015b\u0107\",\"isPartOf\":{\"@id\":\"https:\\\/\\\/www.naturalna-plodnosc.pl\\\/#website\"},\"primaryImageOfPage\":{\"@id\":\"https:\\\/\\\/www.naturalna-plodnosc.pl\\\/index.php\\\/ciaza\\\/planowanie-ciazy\\\/jak-przekonac-partnera-do-posiadania-dziecka\\\/#primaryimage\"},\"image\":{\"@id\":\"https:\\\/\\\/www.naturalna-plodnosc.pl\\\/index.php\\\/ciaza\\\/planowanie-ciazy\\\/jak-przekonac-partnera-do-posiadania-dziecka\\\/#primaryimage\"},\"thumbnailUrl\":\"http:\\\/\\\/www.naturalna-plodnosc.pl\\\/wp-content\\\/uploads\\\/2019\\\/08\\\/hands-437968_640-250x166.jpg\",\"datePublished\":\"2019-08-18T16:55:32+00:00\",\"breadcrumb\":{\"@id\":\"https:\\\/\\\/www.naturalna-plodnosc.pl\\\/index.php\\\/ciaza\\\/planowanie-ciazy\\\/jak-przekonac-partnera-do-posiadania-dziecka\\\/#breadcrumb\"},\"inLanguage\":\"pl-PL\",\"potentialAction\":[{\"@type\":\"ReadAction\",\"target\":[\"https:\\\/\\\/www.naturalna-plodnosc.pl\\\/index.php\\\/ciaza\\\/planowanie-ciazy\\\/jak-przekonac-partnera-do-posiadania-dziecka\\\/\"]}]},{\"@type\":\"ImageObject\",\"inLanguage\":\"pl-PL\",\"@id\":\"https:\\\/\\\/www.naturalna-plodnosc.pl\\\/index.php\\\/ciaza\\\/planowanie-ciazy\\\/jak-przekonac-partnera-do-posiadania-dziecka\\\/#primaryimage\",\"url\":\"http:\\\/\\\/www.naturalna-plodnosc.pl\\\/wp-content\\\/uploads\\\/2019\\\/08\\\/hands-437968_640-250x166.jpg\",\"contentUrl\":\"http:\\\/\\\/www.naturalna-plodnosc.pl\\\/wp-content\\\/uploads\\\/2019\\\/08\\\/hands-437968_640-250x166.jpg\"},{\"@type\":\"BreadcrumbList\",\"@id\":\"https:\\\/\\\/www.naturalna-plodnosc.pl\\\/index.php\\\/ciaza\\\/planowanie-ciazy\\\/jak-przekonac-partnera-do-posiadania-dziecka\\\/#breadcrumb\",\"itemListElement\":[{\"@type\":\"ListItem\",\"position\":1,\"name\":\"Strona g\u0142\u00f3wna\",\"item\":\"https:\\\/\\\/www.naturalna-plodnosc.pl\\\/\"},{\"@type\":\"ListItem\",\"position\":2,\"name\":\"Ci\u0105\u017ca\",\"item\":\"https:\\\/\\\/www.naturalna-plodnosc.pl\\\/index.php\\\/ciaza\\\/\"},{\"@type\":\"ListItem\",\"position\":3,\"name\":\"Planowanie ci\u0105\u017cy\",\"item\":\"https:\\\/\\\/www.naturalna-plodnosc.pl\\\/index.php\\\/ciaza\\\/planowanie-ciazy\\\/\"},{\"@type\":\"ListItem\",\"position\":4,\"name\":\"Jak przekona\u0107 partnera do posiadania dziecka\"}]},{\"@type\":\"WebSite\",\"@id\":\"https:\\\/\\\/www.naturalna-plodnosc.pl\\\/#website\",\"url\":\"https:\\\/\\\/www.naturalna-plodnosc.pl\\\/\",\"name\":\"Naturalna P\u0142odno\u015b\u0107\",\"description\":\"Antykoncepcja Bez Hormon\u00f3w i Planowanie Ci\u0105\u017cy\",\"publisher\":{\"@id\":\"https:\\\/\\\/www.naturalna-plodnosc.pl\\\/#organization\"},\"potentialAction\":[{\"@type\":\"SearchAction\",\"target\":{\"@type\":\"EntryPoint\",\"urlTemplate\":\"https:\\\/\\\/www.naturalna-plodnosc.pl\\\/?s={search_term_string}\"},\"query-input\":{\"@type\":\"PropertyValueSpecification\",\"valueRequired\":true,\"valueName\":\"search_term_string\"}}],\"inLanguage\":\"pl-PL\"},{\"@type\":\"Organization\",\"@id\":\"https:\\\/\\\/www.naturalna-plodnosc.pl\\\/#organization\",\"name\":\"Naturalna P\u0142odno\u015b\u0107\",\"url\":\"https:\\\/\\\/www.naturalna-plodnosc.pl\\\/\",\"logo\":{\"@type\":\"ImageObject\",\"inLanguage\":\"pl-PL\",\"@id\":\"https:\\\/\\\/www.naturalna-plodnosc.pl\\\/#\\\/schema\\\/logo\\\/image\\\/\",\"url\":\"https:\\\/\\\/i2.wp.com\\\/www.naturalna-plodnosc.pl\\\/wp-content\\\/uploads\\\/2017\\\/10\\\/logo-Naturalna-Plodnosc_favicon.png?fit=68%2C78\",\"contentUrl\":\"https:\\\/\\\/i2.wp.com\\\/www.naturalna-plodnosc.pl\\\/wp-content\\\/uploads\\\/2017\\\/10\\\/logo-Naturalna-Plodnosc_favicon.png?fit=68%2C78\",\"width\":68,\"height\":78,\"caption\":\"Naturalna P\u0142odno\u015b\u0107\"},\"image\":{\"@id\":\"https:\\\/\\\/www.naturalna-plodnosc.pl\\\/#\\\/schema\\\/logo\\\/image\\\/\"},\"sameAs\":[\"https:\\\/\\\/www.facebook.com\\\/NaturalnaPlodnosc\\\/\",\"https:\\\/\\\/www.instagram.com\\\/naturalnaplodnosc.pl\\\/\"]}]}<\/script>\n<!-- \/ Yoast SEO plugin. -->","yoast_head_json":{"title":"Jak przekona\u0107 partnera do posiadania dziecka - Naturalna P\u0142odno\u015b\u0107","robots":{"index":"index","follow":"follow","max-snippet":"max-snippet:-1","max-image-preview":"max-image-preview:large","max-video-preview":"max-video-preview:-1"},"canonical":"https:\/\/www.naturalna-plodnosc.pl\/index.php\/ciaza\/planowanie-ciazy\/jak-przekonac-partnera-do-posiadania-dziecka\/","og_locale":"pl_PL","og_type":"article","og_title":"Jak przekona\u0107 partnera do posiadania dziecka - Naturalna P\u0142odno\u015b\u0107","og_description":"Narodziny dziecka to jeden z wa\u017cniejszych moment\u00f3w z w \u017cyciu ka\u017cdej pary. W idealnej sytuacji jest to \u015bwiadoma decyzja obojga partner\u00f3w. Bywa jednak tak, \u017ce tylko jedna z os\u00f3b pragnie dziecka. Najcz\u0119\u015bciej decyzj\u0119 t\u0119 op\u00f3\u017aniaj\u0105 panowie. Sk\u0105d si\u0119 bierze niech\u0119\u0107 do posiadania potomstwa i w jaki spos\u00f3b przekona\u0107 m\u0119\u017cczyzn\u0119 do powi\u0119kszenia rodziny? Dlaczego m\u0119\u017cczy\u017ani unikaj\u0105 [&hellip;]","og_url":"https:\/\/www.naturalna-plodnosc.pl\/index.php\/ciaza\/planowanie-ciazy\/jak-przekonac-partnera-do-posiadania-dziecka\/","og_site_name":"Naturalna P\u0142odno\u015b\u0107","article_publisher":"https:\/\/www.facebook.com\/NaturalnaPlodnosc\/","og_image":[{"url":"http:\/\/www.naturalna-plodnosc.pl\/wp-content\/uploads\/2019\/08\/hands-437968_640-250x166.jpg","type":"","width":"","height":""}],"twitter_card":"summary_large_image","twitter_misc":{"Szacowany czas czytania":"3 minuty"},"schema":{"@context":"https:\/\/schema.org","@graph":[{"@type":"WebPage","@id":"https:\/\/www.naturalna-plodnosc.pl\/index.php\/ciaza\/planowanie-ciazy\/jak-przekonac-partnera-do-posiadania-dziecka\/","url":"https:\/\/www.naturalna-plodnosc.pl\/index.php\/ciaza\/planowanie-ciazy\/jak-przekonac-partnera-do-posiadania-dziecka\/","name":"Jak przekona\u0107 partnera do posiadania dziecka - Naturalna P\u0142odno\u015b\u0107","isPartOf":{"@id":"https:\/\/www.naturalna-plodnosc.pl\/#website"},"primaryImageOfPage":{"@id":"https:\/\/www.naturalna-plodnosc.pl\/index.php\/ciaza\/planowanie-ciazy\/jak-przekonac-partnera-do-posiadania-dziecka\/#primaryimage"},"image":{"@id":"https:\/\/www.naturalna-plodnosc.pl\/index.php\/ciaza\/planowanie-ciazy\/jak-przekonac-partnera-do-posiadania-dziecka\/#primaryimage"},"thumbnailUrl":"http:\/\/www.naturalna-plodnosc.pl\/wp-content\/uploads\/2019\/08\/hands-437968_640-250x166.jpg","datePublished":"2019-08-18T16:55:32+00:00","breadcrumb":{"@id":"https:\/\/www.naturalna-plodnosc.pl\/index.php\/ciaza\/planowanie-ciazy\/jak-przekonac-partnera-do-posiadania-dziecka\/#breadcrumb"},"inLanguage":"pl-PL","potentialAction":[{"@type":"ReadAction","target":["https:\/\/www.naturalna-plodnosc.pl\/index.php\/ciaza\/planowanie-ciazy\/jak-przekonac-partnera-do-posiadania-dziecka\/"]}]},{"@type":"ImageObject","inLanguage":"pl-PL","@id":"https:\/\/www.naturalna-plodnosc.pl\/index.php\/ciaza\/planowanie-ciazy\/jak-przekonac-partnera-do-posiadania-dziecka\/#primaryimage","url":"http:\/\/www.naturalna-plodnosc.pl\/wp-content\/uploads\/2019\/08\/hands-437968_640-250x166.jpg","contentUrl":"http:\/\/www.naturalna-plodnosc.pl\/wp-content\/uploads\/2019\/08\/hands-437968_640-250x166.jpg"},{"@type":"BreadcrumbList","@id":"https:\/\/www.naturalna-plodnosc.pl\/index.php\/ciaza\/planowanie-ciazy\/jak-przekonac-partnera-do-posiadania-dziecka\/#breadcrumb","itemListElement":[{"@type":"ListItem","position":1,"name":"Strona g\u0142\u00f3wna","item":"https:\/\/www.naturalna-plodnosc.pl\/"},{"@type":"ListItem","position":2,"name":"Ci\u0105\u017ca","item":"https:\/\/www.naturalna-plodnosc.pl\/index.php\/ciaza\/"},{"@type":"ListItem","position":3,"name":"Planowanie ci\u0105\u017cy","item":"https:\/\/www.naturalna-plodnosc.pl\/index.php\/ciaza\/planowanie-ciazy\/"},{"@type":"ListItem","position":4,"name":"Jak przekona\u0107 partnera do posiadania dziecka"}]},{"@type":"WebSite","@id":"https:\/\/www.naturalna-plodnosc.pl\/#website","url":"https:\/\/www.naturalna-plodnosc.pl\/","name":"Naturalna P\u0142odno\u015b\u0107","description":"Antykoncepcja Bez Hormon\u00f3w i Planowanie Ci\u0105\u017cy","publisher":{"@id":"https:\/\/www.naturalna-plodnosc.pl\/#organization"},"potentialAction":[{"@type":"SearchAction","target":{"@type":"EntryPoint","urlTemplate":"https:\/\/www.naturalna-plodnosc.pl\/?s={search_term_string}"},"query-input":{"@type":"PropertyValueSpecification","valueRequired":true,"valueName":"search_term_string"}}],"inLanguage":"pl-PL"},{"@type":"Organization","@id":"https:\/\/www.naturalna-plodnosc.pl\/#organization","name":"Naturalna P\u0142odno\u015b\u0107","url":"https:\/\/www.naturalna-plodnosc.pl\/","logo":{"@type":"ImageObject","inLanguage":"pl-PL","@id":"https:\/\/www.naturalna-plodnosc.pl\/#\/schema\/logo\/image\/","url":"https:\/\/i2.wp.com\/www.naturalna-plodnosc.pl\/wp-content\/uploads\/2017\/10\/logo-Naturalna-Plodnosc_favicon.png?fit=68%2C78","contentUrl":"https:\/\/i2.wp.com\/www.naturalna-plodnosc.pl\/wp-content\/uploads\/2017\/10\/logo-Naturalna-Plodnosc_favicon.png?fit=68%2C78","width":68,"height":78,"caption":"Naturalna P\u0142odno\u015b\u0107"},"image":{"@id":"https:\/\/www.naturalna-plodnosc.pl\/#\/schema\/logo\/image\/"},"sameAs":["https:\/\/www.facebook.com\/NaturalnaPlodnosc\/","https:\/\/www.instagram.com\/naturalnaplodnosc.pl\/"]}]}},"jetpack_sharing_enabled":true,"jetpack_shortlink":"https:\/\/wp.me\/P763jt-2AL","jetpack-related-posts":[{"id":8435,"url":"https:\/\/www.naturalna-plodnosc.pl\/index.php\/ciaza\/planowanie-ciazy\/jaki-jest-najlepszy-wiek-na-urodzenie-dziecka\/","url_meta":{"origin":9967,"position":0},"title":"Jaki jest najlepszy wiek na urodzenie dziecka?","author":"Joanna","date":"17 wrze\u015bnia 2018","format":false,"excerpt":" Jaki jest najlepszy wiek na urodzenie dziecka? Moment decyzji o dziecku jest kwesti\u0105 bardzo indywidualn\u0105. Niekt\u00f3re kobiety zachodz\u0105 w ci\u0105\u017c\u0119 w stosunkowo\u2026","rel":"","context":"Podobny wpis","block_context":{"text":"Podobny wpis","link":""},"img":{"alt_text":"","src":"http:\/\/www.naturalna-plodnosc.pl\/wp-content\/uploads\/2018\/08\/Fotolia_182388930_S-250x166.jpg","width":350,"height":200},"classes":[]},{"id":1195,"url":"https:\/\/www.naturalna-plodnosc.pl\/index.php\/nieplodnosc\/nieplodnosc-a-bezplodnosc-czym-sie-roznia-i-czy-mozna-je-leczyc\/","url_meta":{"origin":9967,"position":1},"title":"Niep\u0142odno\u015b\u0107 a bezp\u0142odno\u015b\u0107","author":"Joanna","date":"11 stycznia 2016","format":false,"excerpt":"Niep\u0142odno\u015b\u0107 a bezp\u0142odno\u015b\u0107 - czym si\u0119 r\u00f3\u017cni\u0105 i jak mo\u017cna je leczy\u0107?\u00a0 Niep\u0142odno\u015b\u0107 to niemo\u017cno\u015b\u0107 zaj\u015bcia w ci\u0105\u017c\u0119, pomimo regularnego wsp\u00f3\u0142\u017cycia seksualnego.. O niep\u0142odno\u015bci m\u00f3wimywtedy, gdy przy 12 miesi\u0105cach regularnego wsp\u00f3\u0142\u017cycia bez zabezpieczenia, nie dochodzi do zap\u0142odnienia. Ta granicamo\u017ce si\u0119 zmienia\u0107 \u2013 je\u015bli kobieta staraj\u0105ca si\u0119 o zaj\u015bcie w ci\u0105\u017c\u0119\u2026","rel":"","context":"Z 1 komentarzem","block_context":{"text":"Z 1 komentarzem","link":"https:\/\/www.naturalna-plodnosc.pl\/index.php\/nieplodnosc\/nieplodnosc-a-bezplodnosc-czym-sie-roznia-i-czy-mozna-je-leczyc\/#comments"},"img":{"alt_text":"nozki","src":"http:\/\/www.naturalna-plodnosc.pl\/wp-content\/uploads\/2015\/10\/nozki.jpg","width":350,"height":200},"classes":[]},{"id":10381,"url":"https:\/\/www.naturalna-plodnosc.pl\/index.php\/ciaza\/planowanie-ciazy\/jaki-jest-najlepszy-wiek-dla-kobiety-aby-zajsc-w-ciaze-i-urodzic-zdrowe-dziecko\/","url_meta":{"origin":9967,"position":2},"title":"Jaki jest najlepszy wiek, aby zaj\u015b\u0107 w ci\u0105\u017c\u0119 i urodzi\u0107 zdrowe dziecko","author":"Joanna","date":"28 listopada 2019","format":false,"excerpt":"Jaki jest najlepszy wiek dla kobiety, aby zaj\u015b\u0107 w ci\u0105\u017c\u0119 i\u2026","rel":"","context":"Podobny wpis","block_context":{"text":"Podobny wpis","link":""},"img":{"alt_text":"Jaki jest najlepszy wiek, aby zaj\u015b\u0107 w ci\u0105\u017c\u0119 i urodzi\u0107 zdrowe dziecko","src":"http:\/\/www.naturalna-plodnosc.pl\/wp-content\/uploads\/2019\/11\/baby-784609_640-1-250x166.jpg","width":350,"height":200},"classes":[]},{"id":10746,"url":"https:\/\/www.naturalna-plodnosc.pl\/index.php\/nieplodnosc\/poronienie-a-nastepna-ciaza-jak-szybko-mozna-zajsc-w-ciaze-po-poronieniu\/","url_meta":{"origin":9967,"position":3},"title":"Ci\u0105\u017ca po poronieniu: Jak szybko mo\u017cna zaj\u015b\u0107 w ci\u0105\u017c\u0119 po poronieniu","author":"Joanna","date":"18 marca 2020","format":false,"excerpt":"Poronienie to ogromna strata dla ka\u017cdej pary, kt\u00f3ra oczekiwa\u0142a dziecka. Powr\u00f3t do codzienno\u015bci po utracie ci\u0105\u017cy czasami wymaga troch\u0119 czasu. Jest to szczeg\u00f3lnie trudne, w szczeg\u00f3lno\u015bci wtedy, kiedy ci\u0105\u017ca by\u0142a ju\u017c na zaawansowanym poziomie, a mi\u0119dzy matk\u0105 i dzieckiem wytworzy\u0142a si\u0119 wi\u0119\u017a emocjonalna. Po poronieniu kobieta zwykle potrzebuje troch\u0119 czasu\u2026","rel":"","context":"Podobny wpis","block_context":{"text":"Podobny wpis","link":""},"img":{"alt_text":"Ci\u0105\u017ca po poronieniu","src":"http:\/\/www.naturalna-plodnosc.pl\/wp-content\/uploads\/2020\/03\/belly-4057139_640-250x166.jpg","width":350,"height":200},"classes":[]},{"id":10013,"url":"https:\/\/www.naturalna-plodnosc.pl\/index.php\/ciaza\/planowanie-ciazy\/dziecko-po-35-roku-zycia-jak-wyglada-plodnosc-po-35-roku-zycia\/","url_meta":{"origin":9967,"position":4},"title":"Dziecko po 35 roku \u017cycia. Jak wygl\u0105da p\u0142odno\u015b\u0107 po 35 roku \u017cycia?","author":"Joanna","date":"5 wrze\u015bnia 2019","format":false,"excerpt":"Dziecko po 35 roku \u017cycia. Jak wygl\u0105da p\u0142odno\u015b\u0107 po 35 roku\u2026","rel":"","context":"Podobny wpis","block_context":{"text":"Podobny wpis","link":""},"img":{"alt_text":"","src":"http:\/\/www.naturalna-plodnosc.pl\/wp-content\/uploads\/2019\/09\/hands-2568594_640-250x166.jpg","width":350,"height":200},"classes":[]},{"id":8958,"url":"https:\/\/www.naturalna-plodnosc.pl\/index.php\/ciaza\/planowanie-ciazy\/ciaza-po-35-roku-zycia-na-co-nalezy-zwrocic-szczegolna-uwage\/","url_meta":{"origin":9967,"position":5},"title":"Ci\u0105\u017ca po 35 roku \u017cycia. Na co nale\u017cy zwr\u00f3ci\u0107 szczeg\u00f3ln\u0105 uwag\u0119.","author":"Joanna","date":"16 lutego 2019","format":false,"excerpt":" Ci\u0105\u017ca po 35 roku \u017cycia. Na co nale\u017cy zwr\u00f3ci\u0107 szczeg\u00f3ln\u0105 uwag\u0119. Dzisiaj \u201ep\u00f3\u017ana\u201d ci\u0105\u017ca nikogo ju\u017c nie dziwi. Decyzja\u2026","rel":"","context":"Podobny wpis","block_context":{"text":"Podobny wpis","link":""},"img":{"alt_text":"Ci\u0105\u017ca po 35 roku \u017cycia","src":"http:\/\/www.naturalna-plodnosc.pl\/wp-content\/uploads\/2019\/02\/woman-1284353_640-250x166.jpg","width":350,"height":200},"classes":[]}],"jetpack_likes_enabled":true,"_links":{"self":[{"href":"https:\/\/www.naturalna-plodnosc.pl\/index.php\/wp-json\/wp\/v2\/pages\/9967","targetHints":{"allow":["GET"]}}],"collection":[{"href":"https:\/\/www.naturalna-plodnosc.pl\/index.php\/wp-json\/wp\/v2\/pages"}],"about":[{"href":"https:\/\/www.naturalna-plodnosc.pl\/index.php\/wp-json\/wp\/v2\/types\/page"}],"author":[{"embeddable":true,"href":"https:\/\/www.naturalna-plodnosc.pl\/index.php\/wp-json\/wp\/v2\/users\/1"}],"replies":[{"embeddable":true,"href":"https:\/\/www.naturalna-plodnosc.pl\/index.php\/wp-json\/wp\/v2\/comments?post=9967"}],"version-history":[{"count":0,"href":"https:\/\/www.naturalna-plodnosc.pl\/index.php\/wp-json\/wp\/v2\/pages\/9967\/revisions"}],"up":[{"embeddable":true,"href":"https:\/\/www.naturalna-plodnosc.pl\/index.php\/wp-json\/wp\/v2\/pages\/143"}],"wp:attachment":[{"href":"https:\/\/www.naturalna-plodnosc.pl\/index.php\/wp-json\/wp\/v2\/media?parent=9967"}],"curies":[{"name":"wp","href":"https:\/\/api.w.org\/{rel}","templated":true}]}}