{"id":8685,"date":"2018-11-27T19:18:28","date_gmt":"2018-11-27T18:18:28","guid":{"rendered":"http:\/\/www.naturalna-plodnosc.pl\/?page_id=8685"},"modified":"2018-11-27T19:18:28","modified_gmt":"2018-11-27T18:18:28","slug":"ile-moze-spozniac-sie-miesiaczka","status":"publish","type":"page","link":"https:\/\/www.naturalna-plodnosc.pl\/index.php\/zdrowie\/higiena-intymna\/ile-moze-spozniac-sie-miesiaczka\/","title":{"rendered":"Ile mo\u017ce sp\u00f3\u017ania\u0107 si\u0119 miesi\u0105czka?"},"content":{"rendered":"<p><strong><img loading=\"lazy\" decoding=\"async\" data-attachment-id=\"8686\" data-permalink=\"https:\/\/www.naturalna-plodnosc.pl\/index.php\/zdrowie\/higiena-intymna\/ile-moze-spozniac-sie-miesiaczka\/time-273857_640-1\/\" data-orig-file=\"https:\/\/www.naturalna-plodnosc.pl\/wp-content\/uploads\/2018\/11\/time-273857_640-1.jpg\" data-orig-size=\"640,426\" data-comments-opened=\"1\" data-image-meta=\"{&quot;aperture&quot;:&quot;4.5&quot;,&quot;credit&quot;:&quot;&quot;,&quot;camera&quot;:&quot;Canon EOS 600D&quot;,&quot;caption&quot;:&quot;&quot;,&quot;created_timestamp&quot;:&quot;0&quot;,&quot;copyright&quot;:&quot;&quot;,&quot;focal_length&quot;:&quot;35&quot;,&quot;iso&quot;:&quot;1600&quot;,&quot;shutter_speed&quot;:&quot;0.01&quot;,&quot;title&quot;:&quot;&quot;,&quot;orientation&quot;:&quot;0&quot;}\" data-image-title=\"miesi\u0105czka\" data-image-description=\"\" data-image-caption=\"\" data-large-file=\"https:\/\/www.naturalna-plodnosc.pl\/wp-content\/uploads\/2018\/11\/time-273857_640-1.jpg\" class=\"size-medium wp-image-8686 alignleft\" src=\"http:\/\/www.naturalna-plodnosc.pl\/wp-content\/uploads\/2018\/11\/time-273857_640-1-250x166.jpg\" alt=\"\" width=\"250\" height=\"166\" srcset=\"https:\/\/www.naturalna-plodnosc.pl\/wp-content\/uploads\/2018\/11\/time-273857_640-1.jpg 250w, https:\/\/www.naturalna-plodnosc.pl\/wp-content\/uploads\/2018\/11\/time-273857_640-1.jpg 640w\" sizes=\"(max-width: 250px) 100vw, 250px\" \/>Podr\u0119cznikowy cykl menstruacyjny kobiety trwa blisko 28 dni. Jego d\u0142ugo\u015b\u0107 mo\u017ce jednak ulec wyd\u0142u\u017ceniu lub skr\u00f3ceniu o kilka dni i nie zawsze musi oznacza\u0107 to ci\u0105\u017c\u0119. Jakie mog\u0105 by\u0107 przyczyny braku okresu w spodziewanym terminie? Dowiedz si\u0119 jak d\u0142ugo mo\u017cna czeka\u0107 na menstruacj\u0119, a kiedy nale\u017cy\u00a0 uda\u0107 si\u0119 do lekarza.<\/strong><\/p>\n<p>Brak \u00a0okresu w wielu przypadkach jest pierwszym sygna\u0142em ci\u0105\u017cy i ka\u017cda regularnie wsp\u00f3\u0142\u017cyj\u0105ca kobieta powinna by\u0107 \u015bwiadoma takiej mo\u017cliwo\u015bci. Je\u015bli jednak wyklucza si\u0119\u00a0 zap\u0142odnienie, nale\u017cy pozna\u0107 inne przyczyny sp\u00f3\u017aniaj\u0105cej si\u0119 menstruacji.<\/p>\n<p><strong>Niskokaloryczna dieta<\/strong> \u2013 kobiety stosuj\u0105ce restrykcyjne diety powinny by\u0107 \u015bwiadome konsekwencji jakie to ze sob\u0105 niesie. Zbyt ma\u0142a ilo\u015b\u0107 dostarczanych do organizmu kalorii wywo\u0142uje spadek hormonu leptyny. Odpowiedzialny jest on za prawid\u0142ow\u0105 regulacj\u0119 apetytu, a gdy jego poziom gwa\u0142townie spada organizm odbiera w\u00f3wczas sygna\u0142, \u017ce ,, lepiej nie zachodzi\u0107 w ci\u0105\u017c\u0119\u2019\u2019. Powoduje to w efekcie zanik jajeczkowania i\u00a0 brak okresu. Porzucanie niskokalorycznej diety sprawi, \u017ce po pewnym czasie miesi\u0105czka powinna wr\u00f3ci\u0107 do normy.<\/p>\n<p><strong>Podr\u00f3\u017ce<\/strong> \u2013 zmiana sfer czasowych oraz klimatycznych mo\u017ce spowodowa\u0107 dysregulacj\u0119 w cyklu miesi\u0105czkowym. Organizm potrzebuje zazwyczaj kilku dni, \u017ceby przyzwyczai\u0107 si\u0119 do nowych warunk\u00f3w, co mo\u017ce spowodowa\u0107 op\u00f3\u017anienie okresu.<\/p>\n<p><strong>Stres <\/strong>\u2013 w czasie d\u0142ugotrwa\u0142ego stresu dochodzi do przekierowania si\u0142 organizmu na prac\u0119 mi\u0119\u015bni i m\u00f3zgu. Wszelkie inne funkcje, w tym cykl menstruacyjny mog\u0105 w\u00f3wczas zosta\u0107 zahamowane. Ponadto nadmierny stres powoduje \u00a0nadprodukcj\u0119 androgen\u00f3w (m\u0119skich hormon\u00f3w p\u0142ciowych), co tak\u017ce sprzyja zahamowaniu okresu.<\/p>\n<p><strong>Niedoczynno\u015b\u0107\u00a0 hormon\u00f3w\u00a0 tarczycy<\/strong> \u2013 zbyt niskie st\u0119\u017cenie hormon\u00f3w T3 i T4 (odpowiedzialnych m.in. za nadz\u00f3r nad dojrzewaniem jajeczek) mo\u017ce spowodowa\u0107 wzrost produkcji estrogen\u00f3w i aktywacj\u0119 przysadki m\u00f3zgowej. W efekcie \u00a0tego dochodzi do zahamowania cyklu menstruacyjnego. W tego typu przypadkach nale\u017cy wdro\u017cy\u0107 odpowiednie leczenie w kierunku leczenia niedoczynno\u015bci tarczycy, a miesi\u0105czka po pewnym czasie powinna wr\u00f3ci\u0107 do normy.<\/p>\n<p><strong>Menopauza<\/strong> \u2013 op\u00f3\u017aniaj\u0105ce si\u0119 miesi\u0105czki mog\u0105 oznacza\u0107 wej\u015bcie kobiety w okres przekwitania (najcz\u0119\u015bciej ok. 50 roku \u017cycia). Pomimo, \u017ce menopauza jest nieuniknionym procesem w \u017cyciu kobiety obecnie mo\u017cna op\u00f3\u017ani\u0107 jej dzia\u0142anie i z\u0142agodzi\u0107 skutki. W tym celu stosuje si\u0119 hormonaln\u0105 terapi\u0119 zast\u0119pcz\u0105 lub \u015brodki z fitoestrogenami (hormonami ro\u015blinnymi, kt\u00f3re dzia\u0142aj\u0105 podobnie do estrogen\u00f3w)<\/p>\n<p><strong>Op\u00f3\u017aniaj\u0105ca si\u0119 miesi\u0105czka \u2013 kiedy nale\u017cy uda\u0107 si\u0119 do lekarza?<\/strong><\/p>\n<p>Prawid\u0142owy cykl menstruacyjny wynosi \u015brednio od 26 do 32 dni i tak\u0105 d\u0142ugo\u015b\u0107 cyklu uznaje si\u0119 za prawid\u0142ow\u0105. Oczywi\u015bcie op\u00f3\u017anienie okresu o kilka dni nie stanowi powodu do zmartwie\u0144 . Jednak cz\u0119stsze lub rzadsze miesi\u0105czkowanie lub wyst\u0119powanie w trakcie cyklu dodatkowego plamienia powinny sk\u0142oni\u0107 kobiet\u0119 do konsultacji ginekologicznej. Kilkumiesi\u0119czne odst\u0119pstwa od okresu mog\u0105 by\u0107 szczeg\u00f3lnie niepokoj\u0105ce. Mog\u0105 one \u015bwiadczy\u0107 o rozwijaj\u0105cej si\u0119 chorobie \u2013 przewlek\u0142ym stanie zapalnym jajnik\u00f3w, os\u0142abieniu organizmu, problemach hormonalnych lub by\u0107 efektem ubocznym przyjmowania niekt\u00f3rych lek\u00f3w (psychotropowych lub lek\u00f3w na nadci\u015bnienie).<\/p>\n<h1>\u00a0 \u00a0 TAGI: okres, miesi\u0105czka<\/h1>\n<p>&nbsp;<\/p>\n<p>&nbsp;<\/p>\n","protected":false},"excerpt":{"rendered":"<p>Podr\u0119cznikowy cykl menstruacyjny kobiety trwa blisko 28 dni. Jego d\u0142ugo\u015b\u0107 mo\u017ce jednak ulec wyd\u0142u\u017ceniu lub skr\u00f3ceniu o kilka dni i nie zawsze musi oznacza\u0107 to ci\u0105\u017c\u0119. Jakie mog\u0105 by\u0107 przyczyny braku okresu w spodziewanym terminie? Dowiedz si\u0119 jak d\u0142ugo mo\u017cna czeka\u0107 na menstruacj\u0119, a kiedy nale\u017cy\u00a0 uda\u0107 si\u0119 do lekarza. Brak \u00a0okresu w wielu przypadkach [&hellip;]<\/p>\n","protected":false},"author":1,"featured_media":0,"parent":157,"menu_order":0,"comment_status":"closed","ping_status":"closed","template":"","meta":{"_et_pb_use_builder":"","_et_pb_old_content":"","_et_gb_content_width":"","footnotes":""},"class_list":["post-8685","page","type-page","status-publish","hentry"],"yoast_head":"<!-- This site is optimized with the Yoast SEO plugin v27.4 - https:\/\/yoast.com\/product\/yoast-seo-wordpress\/ -->\n<title>Ile mo\u017ce sp\u00f3\u017ania\u0107 si\u0119 miesi\u0105czka? - Naturalna P\u0142odno\u015b\u0107<\/title>\n<meta name=\"robots\" content=\"index, follow, max-snippet:-1, max-image-preview:large, max-video-preview:-1\" \/>\n<link rel=\"canonical\" href=\"https:\/\/www.naturalna-plodnosc.pl\/index.php\/zdrowie\/higiena-intymna\/ile-moze-spozniac-sie-miesiaczka\/\" \/>\n<meta property=\"og:locale\" content=\"pl_PL\" \/>\n<meta property=\"og:type\" content=\"article\" \/>\n<meta property=\"og:title\" content=\"Ile mo\u017ce sp\u00f3\u017ania\u0107 si\u0119 miesi\u0105czka? - Naturalna P\u0142odno\u015b\u0107\" \/>\n<meta property=\"og:description\" content=\"Podr\u0119cznikowy cykl menstruacyjny kobiety trwa blisko 28 dni. Jego d\u0142ugo\u015b\u0107 mo\u017ce jednak ulec wyd\u0142u\u017ceniu lub skr\u00f3ceniu o kilka dni i nie zawsze musi oznacza\u0107 to ci\u0105\u017c\u0119. Jakie mog\u0105 by\u0107 przyczyny braku okresu w spodziewanym terminie? Dowiedz si\u0119 jak d\u0142ugo mo\u017cna czeka\u0107 na menstruacj\u0119, a kiedy nale\u017cy\u00a0 uda\u0107 si\u0119 do lekarza. Brak \u00a0okresu w wielu przypadkach [&hellip;]\" \/>\n<meta property=\"og:url\" content=\"https:\/\/www.naturalna-plodnosc.pl\/index.php\/zdrowie\/higiena-intymna\/ile-moze-spozniac-sie-miesiaczka\/\" \/>\n<meta property=\"og:site_name\" content=\"Naturalna P\u0142odno\u015b\u0107\" \/>\n<meta property=\"article:publisher\" content=\"https:\/\/www.facebook.com\/NaturalnaPlodnosc\/\" \/>\n<meta property=\"og:image\" content=\"http:\/\/www.naturalna-plodnosc.pl\/wp-content\/uploads\/2018\/11\/time-273857_640-1-250x166.jpg\" \/>\n<meta name=\"twitter:card\" content=\"summary_large_image\" \/>\n<meta name=\"twitter:label1\" content=\"Szacowany czas czytania\" \/>\n\t<meta name=\"twitter:data1\" content=\"3 minuty\" \/>\n<script type=\"application\/ld+json\" class=\"yoast-schema-graph\">{\"@context\":\"https:\\\/\\\/schema.org\",\"@graph\":[{\"@type\":\"WebPage\",\"@id\":\"https:\\\/\\\/www.naturalna-plodnosc.pl\\\/index.php\\\/zdrowie\\\/higiena-intymna\\\/ile-moze-spozniac-sie-miesiaczka\\\/\",\"url\":\"https:\\\/\\\/www.naturalna-plodnosc.pl\\\/index.php\\\/zdrowie\\\/higiena-intymna\\\/ile-moze-spozniac-sie-miesiaczka\\\/\",\"name\":\"Ile mo\u017ce sp\u00f3\u017ania\u0107 si\u0119 miesi\u0105czka? - Naturalna P\u0142odno\u015b\u0107\",\"isPartOf\":{\"@id\":\"https:\\\/\\\/www.naturalna-plodnosc.pl\\\/#website\"},\"primaryImageOfPage\":{\"@id\":\"https:\\\/\\\/www.naturalna-plodnosc.pl\\\/index.php\\\/zdrowie\\\/higiena-intymna\\\/ile-moze-spozniac-sie-miesiaczka\\\/#primaryimage\"},\"image\":{\"@id\":\"https:\\\/\\\/www.naturalna-plodnosc.pl\\\/index.php\\\/zdrowie\\\/higiena-intymna\\\/ile-moze-spozniac-sie-miesiaczka\\\/#primaryimage\"},\"thumbnailUrl\":\"http:\\\/\\\/www.naturalna-plodnosc.pl\\\/wp-content\\\/uploads\\\/2018\\\/11\\\/time-273857_640-1-250x166.jpg\",\"datePublished\":\"2018-11-27T18:18:28+00:00\",\"breadcrumb\":{\"@id\":\"https:\\\/\\\/www.naturalna-plodnosc.pl\\\/index.php\\\/zdrowie\\\/higiena-intymna\\\/ile-moze-spozniac-sie-miesiaczka\\\/#breadcrumb\"},\"inLanguage\":\"pl-PL\",\"potentialAction\":[{\"@type\":\"ReadAction\",\"target\":[\"https:\\\/\\\/www.naturalna-plodnosc.pl\\\/index.php\\\/zdrowie\\\/higiena-intymna\\\/ile-moze-spozniac-sie-miesiaczka\\\/\"]}]},{\"@type\":\"ImageObject\",\"inLanguage\":\"pl-PL\",\"@id\":\"https:\\\/\\\/www.naturalna-plodnosc.pl\\\/index.php\\\/zdrowie\\\/higiena-intymna\\\/ile-moze-spozniac-sie-miesiaczka\\\/#primaryimage\",\"url\":\"http:\\\/\\\/www.naturalna-plodnosc.pl\\\/wp-content\\\/uploads\\\/2018\\\/11\\\/time-273857_640-1-250x166.jpg\",\"contentUrl\":\"http:\\\/\\\/www.naturalna-plodnosc.pl\\\/wp-content\\\/uploads\\\/2018\\\/11\\\/time-273857_640-1-250x166.jpg\"},{\"@type\":\"BreadcrumbList\",\"@id\":\"https:\\\/\\\/www.naturalna-plodnosc.pl\\\/index.php\\\/zdrowie\\\/higiena-intymna\\\/ile-moze-spozniac-sie-miesiaczka\\\/#breadcrumb\",\"itemListElement\":[{\"@type\":\"ListItem\",\"position\":1,\"name\":\"Strona g\u0142\u00f3wna\",\"item\":\"https:\\\/\\\/www.naturalna-plodnosc.pl\\\/\"},{\"@type\":\"ListItem\",\"position\":2,\"name\":\"Zdrowie\",\"item\":\"https:\\\/\\\/www.naturalna-plodnosc.pl\\\/index.php\\\/zdrowie\\\/\"},{\"@type\":\"ListItem\",\"position\":3,\"name\":\"Higiena Intymna\",\"item\":\"https:\\\/\\\/www.naturalna-plodnosc.pl\\\/index.php\\\/zdrowie\\\/higiena-intymna\\\/\"},{\"@type\":\"ListItem\",\"position\":4,\"name\":\"Ile mo\u017ce sp\u00f3\u017ania\u0107 si\u0119 miesi\u0105czka?\"}]},{\"@type\":\"WebSite\",\"@id\":\"https:\\\/\\\/www.naturalna-plodnosc.pl\\\/#website\",\"url\":\"https:\\\/\\\/www.naturalna-plodnosc.pl\\\/\",\"name\":\"Naturalna P\u0142odno\u015b\u0107\",\"description\":\"Antykoncepcja Bez Hormon\u00f3w i Planowanie Ci\u0105\u017cy\",\"publisher\":{\"@id\":\"https:\\\/\\\/www.naturalna-plodnosc.pl\\\/#organization\"},\"potentialAction\":[{\"@type\":\"SearchAction\",\"target\":{\"@type\":\"EntryPoint\",\"urlTemplate\":\"https:\\\/\\\/www.naturalna-plodnosc.pl\\\/?s={search_term_string}\"},\"query-input\":{\"@type\":\"PropertyValueSpecification\",\"valueRequired\":true,\"valueName\":\"search_term_string\"}}],\"inLanguage\":\"pl-PL\"},{\"@type\":\"Organization\",\"@id\":\"https:\\\/\\\/www.naturalna-plodnosc.pl\\\/#organization\",\"name\":\"Naturalna P\u0142odno\u015b\u0107\",\"url\":\"https:\\\/\\\/www.naturalna-plodnosc.pl\\\/\",\"logo\":{\"@type\":\"ImageObject\",\"inLanguage\":\"pl-PL\",\"@id\":\"https:\\\/\\\/www.naturalna-plodnosc.pl\\\/#\\\/schema\\\/logo\\\/image\\\/\",\"url\":\"https:\\\/\\\/i2.wp.com\\\/www.naturalna-plodnosc.pl\\\/wp-content\\\/uploads\\\/2017\\\/10\\\/logo-Naturalna-Plodnosc_favicon.png?fit=68%2C78\",\"contentUrl\":\"https:\\\/\\\/i2.wp.com\\\/www.naturalna-plodnosc.pl\\\/wp-content\\\/uploads\\\/2017\\\/10\\\/logo-Naturalna-Plodnosc_favicon.png?fit=68%2C78\",\"width\":68,\"height\":78,\"caption\":\"Naturalna P\u0142odno\u015b\u0107\"},\"image\":{\"@id\":\"https:\\\/\\\/www.naturalna-plodnosc.pl\\\/#\\\/schema\\\/logo\\\/image\\\/\"},\"sameAs\":[\"https:\\\/\\\/www.facebook.com\\\/NaturalnaPlodnosc\\\/\",\"https:\\\/\\\/www.instagram.com\\\/naturalnaplodnosc.pl\\\/\"]}]}<\/script>\n<!-- \/ Yoast SEO plugin. -->","yoast_head_json":{"title":"Ile mo\u017ce sp\u00f3\u017ania\u0107 si\u0119 miesi\u0105czka? - Naturalna P\u0142odno\u015b\u0107","robots":{"index":"index","follow":"follow","max-snippet":"max-snippet:-1","max-image-preview":"max-image-preview:large","max-video-preview":"max-video-preview:-1"},"canonical":"https:\/\/www.naturalna-plodnosc.pl\/index.php\/zdrowie\/higiena-intymna\/ile-moze-spozniac-sie-miesiaczka\/","og_locale":"pl_PL","og_type":"article","og_title":"Ile mo\u017ce sp\u00f3\u017ania\u0107 si\u0119 miesi\u0105czka? - Naturalna P\u0142odno\u015b\u0107","og_description":"Podr\u0119cznikowy cykl menstruacyjny kobiety trwa blisko 28 dni. Jego d\u0142ugo\u015b\u0107 mo\u017ce jednak ulec wyd\u0142u\u017ceniu lub skr\u00f3ceniu o kilka dni i nie zawsze musi oznacza\u0107 to ci\u0105\u017c\u0119. Jakie mog\u0105 by\u0107 przyczyny braku okresu w spodziewanym terminie? Dowiedz si\u0119 jak d\u0142ugo mo\u017cna czeka\u0107 na menstruacj\u0119, a kiedy nale\u017cy\u00a0 uda\u0107 si\u0119 do lekarza. Brak \u00a0okresu w wielu przypadkach [&hellip;]","og_url":"https:\/\/www.naturalna-plodnosc.pl\/index.php\/zdrowie\/higiena-intymna\/ile-moze-spozniac-sie-miesiaczka\/","og_site_name":"Naturalna P\u0142odno\u015b\u0107","article_publisher":"https:\/\/www.facebook.com\/NaturalnaPlodnosc\/","og_image":[{"url":"http:\/\/www.naturalna-plodnosc.pl\/wp-content\/uploads\/2018\/11\/time-273857_640-1-250x166.jpg","type":"","width":"","height":""}],"twitter_card":"summary_large_image","twitter_misc":{"Szacowany czas czytania":"3 minuty"},"schema":{"@context":"https:\/\/schema.org","@graph":[{"@type":"WebPage","@id":"https:\/\/www.naturalna-plodnosc.pl\/index.php\/zdrowie\/higiena-intymna\/ile-moze-spozniac-sie-miesiaczka\/","url":"https:\/\/www.naturalna-plodnosc.pl\/index.php\/zdrowie\/higiena-intymna\/ile-moze-spozniac-sie-miesiaczka\/","name":"Ile mo\u017ce sp\u00f3\u017ania\u0107 si\u0119 miesi\u0105czka? - Naturalna P\u0142odno\u015b\u0107","isPartOf":{"@id":"https:\/\/www.naturalna-plodnosc.pl\/#website"},"primaryImageOfPage":{"@id":"https:\/\/www.naturalna-plodnosc.pl\/index.php\/zdrowie\/higiena-intymna\/ile-moze-spozniac-sie-miesiaczka\/#primaryimage"},"image":{"@id":"https:\/\/www.naturalna-plodnosc.pl\/index.php\/zdrowie\/higiena-intymna\/ile-moze-spozniac-sie-miesiaczka\/#primaryimage"},"thumbnailUrl":"http:\/\/www.naturalna-plodnosc.pl\/wp-content\/uploads\/2018\/11\/time-273857_640-1-250x166.jpg","datePublished":"2018-11-27T18:18:28+00:00","breadcrumb":{"@id":"https:\/\/www.naturalna-plodnosc.pl\/index.php\/zdrowie\/higiena-intymna\/ile-moze-spozniac-sie-miesiaczka\/#breadcrumb"},"inLanguage":"pl-PL","potentialAction":[{"@type":"ReadAction","target":["https:\/\/www.naturalna-plodnosc.pl\/index.php\/zdrowie\/higiena-intymna\/ile-moze-spozniac-sie-miesiaczka\/"]}]},{"@type":"ImageObject","inLanguage":"pl-PL","@id":"https:\/\/www.naturalna-plodnosc.pl\/index.php\/zdrowie\/higiena-intymna\/ile-moze-spozniac-sie-miesiaczka\/#primaryimage","url":"http:\/\/www.naturalna-plodnosc.pl\/wp-content\/uploads\/2018\/11\/time-273857_640-1-250x166.jpg","contentUrl":"http:\/\/www.naturalna-plodnosc.pl\/wp-content\/uploads\/2018\/11\/time-273857_640-1-250x166.jpg"},{"@type":"BreadcrumbList","@id":"https:\/\/www.naturalna-plodnosc.pl\/index.php\/zdrowie\/higiena-intymna\/ile-moze-spozniac-sie-miesiaczka\/#breadcrumb","itemListElement":[{"@type":"ListItem","position":1,"name":"Strona g\u0142\u00f3wna","item":"https:\/\/www.naturalna-plodnosc.pl\/"},{"@type":"ListItem","position":2,"name":"Zdrowie","item":"https:\/\/www.naturalna-plodnosc.pl\/index.php\/zdrowie\/"},{"@type":"ListItem","position":3,"name":"Higiena Intymna","item":"https:\/\/www.naturalna-plodnosc.pl\/index.php\/zdrowie\/higiena-intymna\/"},{"@type":"ListItem","position":4,"name":"Ile mo\u017ce sp\u00f3\u017ania\u0107 si\u0119 miesi\u0105czka?"}]},{"@type":"WebSite","@id":"https:\/\/www.naturalna-plodnosc.pl\/#website","url":"https:\/\/www.naturalna-plodnosc.pl\/","name":"Naturalna P\u0142odno\u015b\u0107","description":"Antykoncepcja Bez Hormon\u00f3w i Planowanie Ci\u0105\u017cy","publisher":{"@id":"https:\/\/www.naturalna-plodnosc.pl\/#organization"},"potentialAction":[{"@type":"SearchAction","target":{"@type":"EntryPoint","urlTemplate":"https:\/\/www.naturalna-plodnosc.pl\/?s={search_term_string}"},"query-input":{"@type":"PropertyValueSpecification","valueRequired":true,"valueName":"search_term_string"}}],"inLanguage":"pl-PL"},{"@type":"Organization","@id":"https:\/\/www.naturalna-plodnosc.pl\/#organization","name":"Naturalna P\u0142odno\u015b\u0107","url":"https:\/\/www.naturalna-plodnosc.pl\/","logo":{"@type":"ImageObject","inLanguage":"pl-PL","@id":"https:\/\/www.naturalna-plodnosc.pl\/#\/schema\/logo\/image\/","url":"https:\/\/i2.wp.com\/www.naturalna-plodnosc.pl\/wp-content\/uploads\/2017\/10\/logo-Naturalna-Plodnosc_favicon.png?fit=68%2C78","contentUrl":"https:\/\/i2.wp.com\/www.naturalna-plodnosc.pl\/wp-content\/uploads\/2017\/10\/logo-Naturalna-Plodnosc_favicon.png?fit=68%2C78","width":68,"height":78,"caption":"Naturalna P\u0142odno\u015b\u0107"},"image":{"@id":"https:\/\/www.naturalna-plodnosc.pl\/#\/schema\/logo\/image\/"},"sameAs":["https:\/\/www.facebook.com\/NaturalnaPlodnosc\/","https:\/\/www.instagram.com\/naturalnaplodnosc.pl\/"]}]}},"jetpack_sharing_enabled":true,"jetpack_shortlink":"https:\/\/wp.me\/P763jt-2g5","jetpack-related-posts":[{"id":13332,"url":"https:\/\/www.naturalna-plodnosc.pl\/index.php\/zdrowie\/seks\/brak-orgazmu-u-kobiety-przyczyny-i-leczenie\/","url_meta":{"origin":8685,"position":0},"title":"Brak orgazmu u kobiety &#8211; przyczyny i leczenie","author":"Joanna","date":"28 kwietnia 2022","format":false,"excerpt":"Brak orgazmu u kobiety jest popularnym, cho\u0107 cz\u0119sto pomijanym problemem. Kobieca seksualno\u015b\u0107 nadal pozostaje tematem tabu. Szacuje si\u0119, \u017ce oko\u0142o 4% populacji kobiet ma problem z osi\u0105gni\u0119ciem orgazmu, jednak zaburzenie mo\u017ce by\u0107 szersze. Jakie s\u0105 jego przyczyny? Jak go leczy\u0107? Brak orgazmu u kobiety \u2013 przyczyny Anorgazmia odnosi si\u0119 do\u2026","rel":"","context":"Podobny wpis","block_context":{"text":"Podobny wpis","link":""},"img":{"alt_text":"Brak orgazmu u kobiety - przyczyny i leczenie","src":"http:\/\/www.naturalna-plodnosc.pl\/wp-content\/uploads\/2022\/04\/girl-ge5627d890_640-250x158.jpg","width":350,"height":200},"classes":[]},{"id":11113,"url":"https:\/\/www.naturalna-plodnosc.pl\/index.php\/zdrowie\/co-to-jest-cytoliza-pochwowa-jakie-sa-objawy-przyczyny-i-jak-leczyc-cytolize-pochwowa\/","url_meta":{"origin":8685,"position":1},"title":"Co to jest cytoliza pochwowa. Jakie s\u0105 objawy, przyczyny i jak leczy\u0107 cytoliz\u0119 pochwow\u0105.","author":"Joanna","date":"3 wrze\u015bnia 2020","format":false,"excerpt":"Cytoliza pochwowa to do\u015b\u0107 rzadka przypad\u0142o\u015b\u0107 niejednokrotnie \u017ale diagnozowana, objawiaj\u0105ca si\u0119 \u015bwi\u0105dem oraz pieczeniem okolic intymnych, a tak\u017ce bia\u0142ymi, g\u0119stymi up\u0142awami do z\u0142udzenia przypominaj\u0105c infekcj\u0119 grzybicz\u0105. Cytoliza spowodowana jest przerostem bakterii kwasu mlekowego, kt\u00f3re wywo\u0142uj\u0105 nadmiernie kwa\u015bne \u015brodowisko, \u00a0przyczyniaj\u0105ce si\u0119 do uci\u0105\u017cliwych podra\u017cnie\u0144. Bakterie te w normalnych warunkach s\u0105 bardzo\u2026","rel":"","context":"Podobny wpis","block_context":{"text":"Podobny wpis","link":""},"img":{"alt_text":"Cytoliza pochwowa","src":"http:\/\/www.naturalna-plodnosc.pl\/wp-content\/uploads\/2020\/09\/girl-3629520_640-1-248x166.jpg","width":350,"height":200},"classes":[]},{"id":9929,"url":"https:\/\/www.naturalna-plodnosc.pl\/index.php\/nieplodnosc\/cykle-bezowulacyjne-czy-to-powod-do-zmartwienia-jak-czesto-moga-wystepowac\/","url_meta":{"origin":8685,"position":2},"title":"Cykle bezowulacyjne: Czy to pow\u00f3d do zmartwienia? Jak cz\u0119sto mog\u0105 wyst\u0119powa\u0107?","author":"Joanna","date":"4 sierpnia 2019","format":false,"excerpt":"Cykl bezowulacyjny jest cyklem, w kt\u00f3rym nie pojawia si\u0119 owulacja lub faza lutealna, a kobieta pozostaje w tym okresie bezp\u0142odna. Brak owulacji mo\u017ce powodowa\u0107 te\u017c zaburzenia miesi\u0105czkowania \u2013 nieregularno\u015b\u0107 krwawienia lub jego brak. Najcz\u0119stsz\u0105 przyczyn\u0105 zaburzenia owulacji jest menopauza, co stanowi naturalny etap starzenia si\u0119 organizmu kobiety. U m\u0142odszych kobiet\u2026","rel":"","context":"Podobny wpis","block_context":{"text":"Podobny wpis","link":""},"img":{"alt_text":"Cykle bezowulacyjne","src":"http:\/\/www.naturalna-plodnosc.pl\/wp-content\/uploads\/2019\/08\/ballerina-4362282_640-250x164.jpg","width":350,"height":200},"classes":[]},{"id":6521,"url":"https:\/\/www.naturalna-plodnosc.pl\/index.php\/zdrowie\/przyczyny-braku-miesiaczki\/","url_meta":{"origin":8685,"position":3},"title":"Przyczyny braku miesi\u0105czki","author":"Joanna","date":"27 lipca 2017","format":false,"excerpt":"Nagle przesta\u0142a\u015b miesi\u0105czkowa\u0107? Obawiasz si\u0119, \u017ce mo\u017cesz by\u0107 w ci\u0105\u017cy? Sprawd\u017a, co mo\u017ce op\u00f3\u017ani\u0107 tw\u00f3j okres! Naszym pierwszym skojarzeniem zwi\u0105zanym z brakiem miesi\u0105czki jest ci\u0105\u017ca, poniewa\u017c to jej najbardziej charakterystyczny objaw. Jednak nie zawsze ci\u0105\u017ca jest przyczyn\u0105 niepojawiaj\u0105cego si\u0119 okresu. Istnieje szereg r\u00f3\u017cnych czynnik\u00f3w, kt\u00f3re mog\u0105 powodowa\u0107 zaburzenia cyklu menstruacyjnego,\u2026","rel":"","context":"Z 2 komentarzami","block_context":{"text":"Z 2 komentarzami","link":"https:\/\/www.naturalna-plodnosc.pl\/index.php\/zdrowie\/przyczyny-braku-miesiaczki\/#comments"},"img":{"alt_text":"","src":"http:\/\/www.naturalna-plodnosc.pl\/wp-content\/uploads\/2017\/07\/kobieta-250x141.jpg","width":350,"height":200},"classes":[]},{"id":13873,"url":"https:\/\/www.naturalna-plodnosc.pl\/index.php\/zdrowie\/higiena-intymna\/typowy-a-nietypowy-okres-jak-wyglada-prawidlowy-okres\/","url_meta":{"origin":8685,"position":4},"title":"Typowy a nietypowy okres. Jak wygl\u0105da prawid\u0142owy okres.","author":"Joanna","date":"1 marca 2023","format":false,"excerpt":"Zazwyczaj miesi\u0105czki trwaj\u0105 od czterech do siedmiu dni. \u015arednio cykl menstruacyjny trwa 28 dni, niemniej zdrowy mo\u017ce trwa\u0107 od 21 do 35 dni. Jakie s\u0105 przyczyny nieprawid\u0142owej miesi\u0105czki? Czy r\u00f3\u017cni si\u0119 typowy okres od nietypowego? Jaki jest typowy i prawid\u0142owy okres? Trzeba pami\u0119ta\u0107, \u017ce miesi\u0105czka miesi\u0105czce nie r\u00f3wna. Mo\u017ce inaczej\u2026","rel":"","context":"Podobny wpis","block_context":{"text":"Podobny wpis","link":""},"img":{"alt_text":"Typowy a nietypowy okres","src":"http:\/\/www.naturalna-plodnosc.pl\/wp-content\/uploads\/2023\/03\/menstruation-g7dc0c25b8_640-237x166.jpg","width":350,"height":200},"classes":[]},{"id":8637,"url":"https:\/\/www.naturalna-plodnosc.pl\/index.php\/antykoncepcja-bez-hormonow\/metody-antykoncepcji\/jakie-jest-ryzyko-ciazy-uprawiajac-seks-w-pierwszy-i-drugi-dzien-okresu\/","url_meta":{"origin":8685,"position":5},"title":"Jakie jest ryzyko ci\u0105\u017cy uprawiaj\u0105c seks w pierwszy i drugi dzie\u0144 okresu","author":"Joanna","date":"9 listopada 2018","format":false,"excerpt":" Jakie jest ryzyko ci\u0105\u017cy uprawiaj\u0105c seks w pierwszy i drugi dzie\u0144 okresu Seks podczas okresu przestaje by\u0107 ju\u017c tematem tabu. Wiele kobiet podejmuje aktywno\u015b\u0107 seksualn\u0105 w czasie miesi\u0105czki,\u2026","rel":"","context":"Podobny wpis","block_context":{"text":"Podobny wpis","link":""},"img":{"alt_text":"","src":"http:\/\/www.naturalna-plodnosc.pl\/wp-content\/uploads\/2018\/11\/hot-3174901_640-221x166.jpg","width":350,"height":200},"classes":[]}],"jetpack_likes_enabled":true,"_links":{"self":[{"href":"https:\/\/www.naturalna-plodnosc.pl\/index.php\/wp-json\/wp\/v2\/pages\/8685","targetHints":{"allow":["GET"]}}],"collection":[{"href":"https:\/\/www.naturalna-plodnosc.pl\/index.php\/wp-json\/wp\/v2\/pages"}],"about":[{"href":"https:\/\/www.naturalna-plodnosc.pl\/index.php\/wp-json\/wp\/v2\/types\/page"}],"author":[{"embeddable":true,"href":"https:\/\/www.naturalna-plodnosc.pl\/index.php\/wp-json\/wp\/v2\/users\/1"}],"replies":[{"embeddable":true,"href":"https:\/\/www.naturalna-plodnosc.pl\/index.php\/wp-json\/wp\/v2\/comments?post=8685"}],"version-history":[{"count":0,"href":"https:\/\/www.naturalna-plodnosc.pl\/index.php\/wp-json\/wp\/v2\/pages\/8685\/revisions"}],"up":[{"embeddable":true,"href":"https:\/\/www.naturalna-plodnosc.pl\/index.php\/wp-json\/wp\/v2\/pages\/157"}],"wp:attachment":[{"href":"https:\/\/www.naturalna-plodnosc.pl\/index.php\/wp-json\/wp\/v2\/media?parent=8685"}],"curies":[{"name":"wp","href":"https:\/\/api.w.org\/{rel}","templated":true}]}}