{"id":7974,"date":"2018-04-26T13:05:51","date_gmt":"2018-04-26T11:05:51","guid":{"rendered":"http:\/\/www.naturalna-plodnosc.pl\/?page_id=7974"},"modified":"2018-04-26T13:05:51","modified_gmt":"2018-04-26T11:05:51","slug":"bol-jajnikow-powody-bolu-jajnikow-i-jak-im-zaradzic","status":"publish","type":"page","link":"https:\/\/www.naturalna-plodnosc.pl\/index.php\/zdrowie\/bol-jajnikow-powody-bolu-jajnikow-i-jak-im-zaradzic\/","title":{"rendered":"B\u00f3l jajnik\u00f3w. Powody b\u00f3lu jajnik\u00f3w i jak im zaradzi\u0107?"},"content":{"rendered":"<p><strong><img loading=\"lazy\" decoding=\"async\" data-attachment-id=\"7976\" data-permalink=\"https:\/\/www.naturalna-plodnosc.pl\/index.php\/zdrowie\/bol-jajnikow-powody-bolu-jajnikow-i-jak-im-zaradzic\/gynecology-2533145_640\/\" data-orig-file=\"https:\/\/www.naturalna-plodnosc.pl\/wp-content\/uploads\/2018\/04\/gynecology-2533145_640.jpg\" data-orig-size=\"640,537\" data-comments-opened=\"1\" data-image-meta=\"{&quot;aperture&quot;:&quot;0&quot;,&quot;credit&quot;:&quot;&quot;,&quot;camera&quot;:&quot;&quot;,&quot;caption&quot;:&quot;&quot;,&quot;created_timestamp&quot;:&quot;0&quot;,&quot;copyright&quot;:&quot;&quot;,&quot;focal_length&quot;:&quot;0&quot;,&quot;iso&quot;:&quot;0&quot;,&quot;shutter_speed&quot;:&quot;0&quot;,&quot;title&quot;:&quot;&quot;,&quot;orientation&quot;:&quot;0&quot;}\" data-image-title=\"Rezerwa jajnikowa\" data-image-description=\"&lt;p&gt;Rezerwa jajnikowa&lt;\/p&gt;\n\" data-image-caption=\"&lt;p&gt;Rezerwa jajnikowa&lt;\/p&gt;\n\" data-large-file=\"https:\/\/www.naturalna-plodnosc.pl\/wp-content\/uploads\/2018\/04\/gynecology-2533145_640.jpg\" class=\"size-medium wp-image-7976 alignleft\" src=\"http:\/\/www.naturalna-plodnosc.pl\/wp-content\/uploads\/2018\/04\/gynecology-2533145_640-198x166.jpg\" alt=\"\" width=\"198\" height=\"166\" srcset=\"https:\/\/www.naturalna-plodnosc.pl\/wp-content\/uploads\/2018\/04\/gynecology-2533145_640.jpg 198w, https:\/\/www.naturalna-plodnosc.pl\/wp-content\/uploads\/2018\/04\/gynecology-2533145_640.jpg 640w\" sizes=\"(max-width: 198px) 100vw, 198px\" \/>Odczuwasz b\u00f3l w podbrzuszu i martwisz si\u0119, \u017ce to jajniki? Czy zawsze musi oznacza\u0107 co\u015b niepokoj\u0105cego? Czy w takich sytuacjach nale\u017cy wybra\u0107 si\u0119 niezw\u0142ocznie do lekarza? Poznaj odpowiedzi na pytania, kt\u00f3re nurtuj\u0105 wiele kobiet, poniewa\u017c b\u00f3le jajnik\u00f3w s\u0105 do\u015b\u0107 cz\u0119st\u0105 przypad\u0142o\u015bci\u0105, maj\u0105c\u0105 jednak wiele r\u00f3\u017cnych przyczyn.<\/strong><\/p>\n<p>Jajniki s\u0105 to niewielkiej wielko\u015bci dwa narz\u0105dy znajduj\u0105ce si\u0119 przy bocznych \u015bcianach miednicy. S\u0105 odpowiedzialne za produkcj\u0119 hormon\u00f3w oraz kom\u00f3rek jajowych. Wizualnie przypominaj\u0105 dwa migda\u0142y. Kurcz\u0105 si\u0119 wraz z wiekiem i ich funkcja wygasa w okresie menopauzy. Przyczyny b\u00f3lu jajnik\u00f3w mog\u0105 by\u0107 r\u00f3\u017cne i niekoniecznie musz\u0105 oznacza\u0107 co\u015b powa\u017cnego. Cz\u0119sto b\u00f3l ten jest zwi\u0105zany z naturalnym funkcjonowaniem cyklu miesi\u0105czkowego i oznacza, \u017ce w ciele zachodz\u0105 comiesi\u0119czne zmiany, np. owulacja, zesp\u00f3\u0142 napi\u0119cia przedmiesi\u0105czkowego. Podobnie bywa, gdy \u00a0kobieta jest w ci\u0105\u017cy i organizm przygotowuje si\u0119 na przyj\u0119cie dziecka. B\u00f3l jajnik\u00f3w mo\u017ce by\u0107 spowodowany tak\u017ce nadmiern\u0105 ilo\u015bci\u0105 stresu, czy nieodpowiedni\u0105 pozycj\u0105 seksualn\u0105.\u00a0 Warto w takich sytuacjach skorzysta\u0107 z pomocy seksuologa.\u00a0 Jednak je\u017celi b\u00f3le utrzymuj\u0105 si\u0119 d\u0142u\u017cszy czas, maj\u0105 silne nat\u0119\u017cenie lub towarzysz\u0105 im inne objawy, np. up\u0142awy, temperatura, wymioty, parcie na p\u0119cherz, biegunka, bardzo obfite miesi\u0105czki, plamienia \u015br\u00f3dcykliczne wtedy nale\u017cy niezw\u0142ocznie wybra\u0107 si\u0119 do lekarza, poniewa\u017c najprawdopodobniej b\u0119d\u0105 zwi\u0105zane z jakim\u015b schorzeniem.<\/p>\n<p><strong>Przyczyny b\u00f3lu jajnik\u00f3w <\/strong><\/p>\n<p><strong>Endometrioza<\/strong><\/p>\n<p>Jest to choroba zwi\u0105zana z wszczepianiem si\u0119 endometrium poza obszar macicy ( w inne tkanki). Jednym z jej objaw\u00f3w mog\u0105 by\u0107 b\u00f3le jajnik\u00f3w, cz\u0119sto okre\u015blane jako b\u00f3l w podbrzuszu po stosunku.<\/p>\n<p><strong>Nad\u017cerka\u00a0\u00a0 <\/strong><\/p>\n<p>Jest to niewielka czerwona ranka, kt\u00f3ra powstaje najcz\u0119\u015bciej na pochwowej cz\u0119\u015bci szyjki macicy. Nara\u017cone s\u0105 na ni\u0105 panie w wieku najwi\u0119kszej aktywno\u015bci seksualnej i nale\u017cy do do\u015b\u0107 cz\u0119sto wyst\u0119puj\u0105cej kobiecej przypad\u0142o\u015bci. Mo\u017ce objawia\u0107 si\u0119 m.in. b\u00f3lem jajnik\u00f3w.<\/p>\n<p><strong>Torbiele jajnik\u00f3w <\/strong><\/p>\n<p>Jajniki maj\u0105 prawo bole\u0107 w momencie, gdy pojawi\u0105 si\u0119 na nich torbiele, kt\u00f3re powi\u0119kszaj\u0105c si\u0119, powoduj\u0105 ucisk. W momencie, gdy dojdzie do ich p\u0119kni\u0119cia i wylania si\u0119 p\u0142ynu dochodzi do zapalenia otrzewnej. W przypadku torbieli mo\u017ce r\u00f3wnie\u017c doj\u015b\u0107 to ich skr\u0119tu spowodowanego zastopowaniem przep\u0142ywu krwi do jajnika. Wtedy te\u017c mo\u017ce pojawi\u0107 si\u0119 ostry b\u00f3l w podbrzuszu.<\/p>\n<p><strong>Zapalenie jajnik\u00f3w<\/strong><\/p>\n<p>Cz\u0119sto nazywane r\u00f3wnie\u017c zapaleniem przydatk\u00f3w, zwi\u0105zane jest ze stanem zapalnym w obr\u0119bie jajnik\u00f3w i jajowod\u00f3w. Powoduj\u0105 go bakterie spowodowane najcz\u0119\u015bciej \u00a0nieodpowiedni\u0105 higien\u0105 lub kontaktami seksualnymi z zara\u017conymi osobami. Najcz\u0119\u015bciej dotyka m\u0142ode kobiety w okresie najwi\u0119kszej aktywno\u015bci seksualnej. Objawem zapalenia jajnik\u00f3w jest promieniuj\u0105cy b\u00f3l po obu stronach podbrzusza, wymioty, biegunka, dlatego cz\u0119sto mylone jest z zatruciem pokarmowym<\/p>\n<p><strong>Zapalenie dr\u00f3g moczowych<\/strong><\/p>\n<p>Bakterie, kt\u00f3re powoduj\u0105 zapalenie p\u0119cherza mog\u0105 przenie\u015b\u0107 si\u0119 na narz\u0105dy rodne i wywo\u0142ywa\u0107 ich b\u00f3l.<\/p>\n<p><strong>Nowotw\u00f3r jajnika<\/strong><\/p>\n<p>Nowotw\u00f3r ten pocz\u0105tkowo w og\u00f3le nie daje konkretnych objaw\u00f3w, dlatego jest trudny do wykrycia. Dopiero, gdy jest ju\u017c w zaawansowanym stadium powoduje silne b\u00f3le w podbrzuszu. Niestety wtedy jest ju\u017c najcz\u0119\u015bciej zbyt p\u00f3\u017ano na leczenie, dlatego tak wa\u017cna jest profilaktyka.<\/p>\n<h1><\/h1>\n<h1>TAGI: jajniki, owulacja, drogi rodne, torbiele jajnik\u00f3w, zapalenie dr\u00f3g moczowych, endometrioza, nad\u017cerka, nowotw\u00f3r jajnika<\/h1>\n","protected":false},"excerpt":{"rendered":"<p>Odczuwasz b\u00f3l w podbrzuszu i martwisz si\u0119, \u017ce to jajniki? Czy zawsze musi oznacza\u0107 co\u015b niepokoj\u0105cego? Czy w takich sytuacjach nale\u017cy wybra\u0107 si\u0119 niezw\u0142ocznie do lekarza? Poznaj odpowiedzi na pytania, kt\u00f3re nurtuj\u0105 wiele kobiet, poniewa\u017c b\u00f3le jajnik\u00f3w s\u0105 do\u015b\u0107 cz\u0119st\u0105 przypad\u0142o\u015bci\u0105, maj\u0105c\u0105 jednak wiele r\u00f3\u017cnych przyczyn. Jajniki s\u0105 to niewielkiej wielko\u015bci dwa narz\u0105dy znajduj\u0105ce si\u0119 [&hellip;]<\/p>\n","protected":false},"author":1,"featured_media":0,"parent":155,"menu_order":0,"comment_status":"open","ping_status":"open","template":"","meta":{"_et_pb_use_builder":"","_et_pb_old_content":"","_et_gb_content_width":"","footnotes":""},"class_list":["post-7974","page","type-page","status-publish","hentry"],"yoast_head":"<!-- This site is optimized with the Yoast SEO plugin v27.4 - https:\/\/yoast.com\/product\/yoast-seo-wordpress\/ -->\n<title>B\u00f3l jajnik\u00f3w. Powody b\u00f3lu jajnik\u00f3w i jak im zaradzi\u0107? - Naturalna P\u0142odno\u015b\u0107<\/title>\n<meta name=\"robots\" content=\"index, follow, max-snippet:-1, max-image-preview:large, max-video-preview:-1\" \/>\n<link rel=\"canonical\" href=\"https:\/\/www.naturalna-plodnosc.pl\/index.php\/zdrowie\/bol-jajnikow-powody-bolu-jajnikow-i-jak-im-zaradzic\/\" \/>\n<meta property=\"og:locale\" content=\"pl_PL\" \/>\n<meta property=\"og:type\" content=\"article\" \/>\n<meta property=\"og:title\" content=\"B\u00f3l jajnik\u00f3w. Powody b\u00f3lu jajnik\u00f3w i jak im zaradzi\u0107? - Naturalna P\u0142odno\u015b\u0107\" \/>\n<meta property=\"og:description\" content=\"Odczuwasz b\u00f3l w podbrzuszu i martwisz si\u0119, \u017ce to jajniki? Czy zawsze musi oznacza\u0107 co\u015b niepokoj\u0105cego? Czy w takich sytuacjach nale\u017cy wybra\u0107 si\u0119 niezw\u0142ocznie do lekarza? Poznaj odpowiedzi na pytania, kt\u00f3re nurtuj\u0105 wiele kobiet, poniewa\u017c b\u00f3le jajnik\u00f3w s\u0105 do\u015b\u0107 cz\u0119st\u0105 przypad\u0142o\u015bci\u0105, maj\u0105c\u0105 jednak wiele r\u00f3\u017cnych przyczyn. Jajniki s\u0105 to niewielkiej wielko\u015bci dwa narz\u0105dy znajduj\u0105ce si\u0119 [&hellip;]\" \/>\n<meta property=\"og:url\" content=\"https:\/\/www.naturalna-plodnosc.pl\/index.php\/zdrowie\/bol-jajnikow-powody-bolu-jajnikow-i-jak-im-zaradzic\/\" \/>\n<meta property=\"og:site_name\" content=\"Naturalna P\u0142odno\u015b\u0107\" \/>\n<meta property=\"article:publisher\" content=\"https:\/\/www.facebook.com\/NaturalnaPlodnosc\/\" \/>\n<meta property=\"og:image\" content=\"http:\/\/www.naturalna-plodnosc.pl\/wp-content\/uploads\/2018\/04\/gynecology-2533145_640-198x166.jpg\" \/>\n<meta name=\"twitter:card\" content=\"summary_large_image\" \/>\n<meta name=\"twitter:label1\" content=\"Szacowany czas czytania\" \/>\n\t<meta name=\"twitter:data1\" content=\"3 minuty\" \/>\n<script type=\"application\/ld+json\" class=\"yoast-schema-graph\">{\"@context\":\"https:\\\/\\\/schema.org\",\"@graph\":[{\"@type\":\"WebPage\",\"@id\":\"https:\\\/\\\/www.naturalna-plodnosc.pl\\\/index.php\\\/zdrowie\\\/bol-jajnikow-powody-bolu-jajnikow-i-jak-im-zaradzic\\\/\",\"url\":\"https:\\\/\\\/www.naturalna-plodnosc.pl\\\/index.php\\\/zdrowie\\\/bol-jajnikow-powody-bolu-jajnikow-i-jak-im-zaradzic\\\/\",\"name\":\"B\u00f3l jajnik\u00f3w. Powody b\u00f3lu jajnik\u00f3w i jak im zaradzi\u0107? - Naturalna P\u0142odno\u015b\u0107\",\"isPartOf\":{\"@id\":\"https:\\\/\\\/www.naturalna-plodnosc.pl\\\/#website\"},\"primaryImageOfPage\":{\"@id\":\"https:\\\/\\\/www.naturalna-plodnosc.pl\\\/index.php\\\/zdrowie\\\/bol-jajnikow-powody-bolu-jajnikow-i-jak-im-zaradzic\\\/#primaryimage\"},\"image\":{\"@id\":\"https:\\\/\\\/www.naturalna-plodnosc.pl\\\/index.php\\\/zdrowie\\\/bol-jajnikow-powody-bolu-jajnikow-i-jak-im-zaradzic\\\/#primaryimage\"},\"thumbnailUrl\":\"http:\\\/\\\/www.naturalna-plodnosc.pl\\\/wp-content\\\/uploads\\\/2018\\\/04\\\/gynecology-2533145_640-198x166.jpg\",\"datePublished\":\"2018-04-26T11:05:51+00:00\",\"breadcrumb\":{\"@id\":\"https:\\\/\\\/www.naturalna-plodnosc.pl\\\/index.php\\\/zdrowie\\\/bol-jajnikow-powody-bolu-jajnikow-i-jak-im-zaradzic\\\/#breadcrumb\"},\"inLanguage\":\"pl-PL\",\"potentialAction\":[{\"@type\":\"ReadAction\",\"target\":[\"https:\\\/\\\/www.naturalna-plodnosc.pl\\\/index.php\\\/zdrowie\\\/bol-jajnikow-powody-bolu-jajnikow-i-jak-im-zaradzic\\\/\"]}]},{\"@type\":\"ImageObject\",\"inLanguage\":\"pl-PL\",\"@id\":\"https:\\\/\\\/www.naturalna-plodnosc.pl\\\/index.php\\\/zdrowie\\\/bol-jajnikow-powody-bolu-jajnikow-i-jak-im-zaradzic\\\/#primaryimage\",\"url\":\"http:\\\/\\\/www.naturalna-plodnosc.pl\\\/wp-content\\\/uploads\\\/2018\\\/04\\\/gynecology-2533145_640-198x166.jpg\",\"contentUrl\":\"http:\\\/\\\/www.naturalna-plodnosc.pl\\\/wp-content\\\/uploads\\\/2018\\\/04\\\/gynecology-2533145_640-198x166.jpg\"},{\"@type\":\"BreadcrumbList\",\"@id\":\"https:\\\/\\\/www.naturalna-plodnosc.pl\\\/index.php\\\/zdrowie\\\/bol-jajnikow-powody-bolu-jajnikow-i-jak-im-zaradzic\\\/#breadcrumb\",\"itemListElement\":[{\"@type\":\"ListItem\",\"position\":1,\"name\":\"Strona g\u0142\u00f3wna\",\"item\":\"https:\\\/\\\/www.naturalna-plodnosc.pl\\\/\"},{\"@type\":\"ListItem\",\"position\":2,\"name\":\"Zdrowie\",\"item\":\"https:\\\/\\\/www.naturalna-plodnosc.pl\\\/index.php\\\/zdrowie\\\/\"},{\"@type\":\"ListItem\",\"position\":3,\"name\":\"B\u00f3l jajnik\u00f3w. Powody b\u00f3lu jajnik\u00f3w i jak im zaradzi\u0107?\"}]},{\"@type\":\"WebSite\",\"@id\":\"https:\\\/\\\/www.naturalna-plodnosc.pl\\\/#website\",\"url\":\"https:\\\/\\\/www.naturalna-plodnosc.pl\\\/\",\"name\":\"Naturalna P\u0142odno\u015b\u0107\",\"description\":\"Antykoncepcja Bez Hormon\u00f3w i Planowanie Ci\u0105\u017cy\",\"publisher\":{\"@id\":\"https:\\\/\\\/www.naturalna-plodnosc.pl\\\/#organization\"},\"potentialAction\":[{\"@type\":\"SearchAction\",\"target\":{\"@type\":\"EntryPoint\",\"urlTemplate\":\"https:\\\/\\\/www.naturalna-plodnosc.pl\\\/?s={search_term_string}\"},\"query-input\":{\"@type\":\"PropertyValueSpecification\",\"valueRequired\":true,\"valueName\":\"search_term_string\"}}],\"inLanguage\":\"pl-PL\"},{\"@type\":\"Organization\",\"@id\":\"https:\\\/\\\/www.naturalna-plodnosc.pl\\\/#organization\",\"name\":\"Naturalna P\u0142odno\u015b\u0107\",\"url\":\"https:\\\/\\\/www.naturalna-plodnosc.pl\\\/\",\"logo\":{\"@type\":\"ImageObject\",\"inLanguage\":\"pl-PL\",\"@id\":\"https:\\\/\\\/www.naturalna-plodnosc.pl\\\/#\\\/schema\\\/logo\\\/image\\\/\",\"url\":\"https:\\\/\\\/i2.wp.com\\\/www.naturalna-plodnosc.pl\\\/wp-content\\\/uploads\\\/2017\\\/10\\\/logo-Naturalna-Plodnosc_favicon.png?fit=68%2C78\",\"contentUrl\":\"https:\\\/\\\/i2.wp.com\\\/www.naturalna-plodnosc.pl\\\/wp-content\\\/uploads\\\/2017\\\/10\\\/logo-Naturalna-Plodnosc_favicon.png?fit=68%2C78\",\"width\":68,\"height\":78,\"caption\":\"Naturalna P\u0142odno\u015b\u0107\"},\"image\":{\"@id\":\"https:\\\/\\\/www.naturalna-plodnosc.pl\\\/#\\\/schema\\\/logo\\\/image\\\/\"},\"sameAs\":[\"https:\\\/\\\/www.facebook.com\\\/NaturalnaPlodnosc\\\/\",\"https:\\\/\\\/www.instagram.com\\\/naturalnaplodnosc.pl\\\/\"]}]}<\/script>\n<!-- \/ Yoast SEO plugin. -->","yoast_head_json":{"title":"B\u00f3l jajnik\u00f3w. Powody b\u00f3lu jajnik\u00f3w i jak im zaradzi\u0107? - Naturalna P\u0142odno\u015b\u0107","robots":{"index":"index","follow":"follow","max-snippet":"max-snippet:-1","max-image-preview":"max-image-preview:large","max-video-preview":"max-video-preview:-1"},"canonical":"https:\/\/www.naturalna-plodnosc.pl\/index.php\/zdrowie\/bol-jajnikow-powody-bolu-jajnikow-i-jak-im-zaradzic\/","og_locale":"pl_PL","og_type":"article","og_title":"B\u00f3l jajnik\u00f3w. Powody b\u00f3lu jajnik\u00f3w i jak im zaradzi\u0107? - Naturalna P\u0142odno\u015b\u0107","og_description":"Odczuwasz b\u00f3l w podbrzuszu i martwisz si\u0119, \u017ce to jajniki? Czy zawsze musi oznacza\u0107 co\u015b niepokoj\u0105cego? Czy w takich sytuacjach nale\u017cy wybra\u0107 si\u0119 niezw\u0142ocznie do lekarza? Poznaj odpowiedzi na pytania, kt\u00f3re nurtuj\u0105 wiele kobiet, poniewa\u017c b\u00f3le jajnik\u00f3w s\u0105 do\u015b\u0107 cz\u0119st\u0105 przypad\u0142o\u015bci\u0105, maj\u0105c\u0105 jednak wiele r\u00f3\u017cnych przyczyn. Jajniki s\u0105 to niewielkiej wielko\u015bci dwa narz\u0105dy znajduj\u0105ce si\u0119 [&hellip;]","og_url":"https:\/\/www.naturalna-plodnosc.pl\/index.php\/zdrowie\/bol-jajnikow-powody-bolu-jajnikow-i-jak-im-zaradzic\/","og_site_name":"Naturalna P\u0142odno\u015b\u0107","article_publisher":"https:\/\/www.facebook.com\/NaturalnaPlodnosc\/","og_image":[{"url":"http:\/\/www.naturalna-plodnosc.pl\/wp-content\/uploads\/2018\/04\/gynecology-2533145_640-198x166.jpg","type":"","width":"","height":""}],"twitter_card":"summary_large_image","twitter_misc":{"Szacowany czas czytania":"3 minuty"},"schema":{"@context":"https:\/\/schema.org","@graph":[{"@type":"WebPage","@id":"https:\/\/www.naturalna-plodnosc.pl\/index.php\/zdrowie\/bol-jajnikow-powody-bolu-jajnikow-i-jak-im-zaradzic\/","url":"https:\/\/www.naturalna-plodnosc.pl\/index.php\/zdrowie\/bol-jajnikow-powody-bolu-jajnikow-i-jak-im-zaradzic\/","name":"B\u00f3l jajnik\u00f3w. Powody b\u00f3lu jajnik\u00f3w i jak im zaradzi\u0107? - Naturalna P\u0142odno\u015b\u0107","isPartOf":{"@id":"https:\/\/www.naturalna-plodnosc.pl\/#website"},"primaryImageOfPage":{"@id":"https:\/\/www.naturalna-plodnosc.pl\/index.php\/zdrowie\/bol-jajnikow-powody-bolu-jajnikow-i-jak-im-zaradzic\/#primaryimage"},"image":{"@id":"https:\/\/www.naturalna-plodnosc.pl\/index.php\/zdrowie\/bol-jajnikow-powody-bolu-jajnikow-i-jak-im-zaradzic\/#primaryimage"},"thumbnailUrl":"http:\/\/www.naturalna-plodnosc.pl\/wp-content\/uploads\/2018\/04\/gynecology-2533145_640-198x166.jpg","datePublished":"2018-04-26T11:05:51+00:00","breadcrumb":{"@id":"https:\/\/www.naturalna-plodnosc.pl\/index.php\/zdrowie\/bol-jajnikow-powody-bolu-jajnikow-i-jak-im-zaradzic\/#breadcrumb"},"inLanguage":"pl-PL","potentialAction":[{"@type":"ReadAction","target":["https:\/\/www.naturalna-plodnosc.pl\/index.php\/zdrowie\/bol-jajnikow-powody-bolu-jajnikow-i-jak-im-zaradzic\/"]}]},{"@type":"ImageObject","inLanguage":"pl-PL","@id":"https:\/\/www.naturalna-plodnosc.pl\/index.php\/zdrowie\/bol-jajnikow-powody-bolu-jajnikow-i-jak-im-zaradzic\/#primaryimage","url":"http:\/\/www.naturalna-plodnosc.pl\/wp-content\/uploads\/2018\/04\/gynecology-2533145_640-198x166.jpg","contentUrl":"http:\/\/www.naturalna-plodnosc.pl\/wp-content\/uploads\/2018\/04\/gynecology-2533145_640-198x166.jpg"},{"@type":"BreadcrumbList","@id":"https:\/\/www.naturalna-plodnosc.pl\/index.php\/zdrowie\/bol-jajnikow-powody-bolu-jajnikow-i-jak-im-zaradzic\/#breadcrumb","itemListElement":[{"@type":"ListItem","position":1,"name":"Strona g\u0142\u00f3wna","item":"https:\/\/www.naturalna-plodnosc.pl\/"},{"@type":"ListItem","position":2,"name":"Zdrowie","item":"https:\/\/www.naturalna-plodnosc.pl\/index.php\/zdrowie\/"},{"@type":"ListItem","position":3,"name":"B\u00f3l jajnik\u00f3w. Powody b\u00f3lu jajnik\u00f3w i jak im zaradzi\u0107?"}]},{"@type":"WebSite","@id":"https:\/\/www.naturalna-plodnosc.pl\/#website","url":"https:\/\/www.naturalna-plodnosc.pl\/","name":"Naturalna P\u0142odno\u015b\u0107","description":"Antykoncepcja Bez Hormon\u00f3w i Planowanie Ci\u0105\u017cy","publisher":{"@id":"https:\/\/www.naturalna-plodnosc.pl\/#organization"},"potentialAction":[{"@type":"SearchAction","target":{"@type":"EntryPoint","urlTemplate":"https:\/\/www.naturalna-plodnosc.pl\/?s={search_term_string}"},"query-input":{"@type":"PropertyValueSpecification","valueRequired":true,"valueName":"search_term_string"}}],"inLanguage":"pl-PL"},{"@type":"Organization","@id":"https:\/\/www.naturalna-plodnosc.pl\/#organization","name":"Naturalna P\u0142odno\u015b\u0107","url":"https:\/\/www.naturalna-plodnosc.pl\/","logo":{"@type":"ImageObject","inLanguage":"pl-PL","@id":"https:\/\/www.naturalna-plodnosc.pl\/#\/schema\/logo\/image\/","url":"https:\/\/i2.wp.com\/www.naturalna-plodnosc.pl\/wp-content\/uploads\/2017\/10\/logo-Naturalna-Plodnosc_favicon.png?fit=68%2C78","contentUrl":"https:\/\/i2.wp.com\/www.naturalna-plodnosc.pl\/wp-content\/uploads\/2017\/10\/logo-Naturalna-Plodnosc_favicon.png?fit=68%2C78","width":68,"height":78,"caption":"Naturalna P\u0142odno\u015b\u0107"},"image":{"@id":"https:\/\/www.naturalna-plodnosc.pl\/#\/schema\/logo\/image\/"},"sameAs":["https:\/\/www.facebook.com\/NaturalnaPlodnosc\/","https:\/\/www.instagram.com\/naturalnaplodnosc.pl\/"]}]}},"jetpack_sharing_enabled":true,"jetpack_shortlink":"https:\/\/wp.me\/P763jt-24C","jetpack-related-posts":[{"id":8341,"url":"https:\/\/www.naturalna-plodnosc.pl\/index.php\/zdrowie\/torbiele-na-jajnikach-przyczyny-i-leczenie\/","url_meta":{"origin":7974,"position":0},"title":"Torbiele na jajnikach. Przyczyny i leczenie.","author":"Joanna","date":"15 sierpnia 2018","format":false,"excerpt":"Jajniki s\u0105 to niewielkiej wielko\u015bci dwa narz\u0105dy znajduj\u0105ce si\u0119 przy bocznych \u015bcianach miednicy. S\u0105 odpowiedzialne za produkcj\u0119 hormon\u00f3w oraz kom\u00f3rek jajowych. Wizualnie przypominaj\u0105 dwa migda\u0142y. Kurcz\u0105 si\u0119 wraz z wiekiem i ich funkcja wygasa w okresie menopauzy. Jedn\u0105 z powszechniejszych dolegliwo\u015bci, kt\u00f3re ich dotycz\u0105 to torbiele jajnik\u00f3w. Pojawiaj\u0105 si\u0119 u\u2026","rel":"","context":"Podobny wpis","block_context":{"text":"Podobny wpis","link":""},"img":{"alt_text":"","src":"http:\/\/www.naturalna-plodnosc.pl\/wp-content\/uploads\/2018\/08\/woman-506120_640-250x166.jpg","width":350,"height":200},"classes":[]},{"id":12714,"url":"https:\/\/www.naturalna-plodnosc.pl\/index.php\/zdrowie\/bol-jajnika-po-okresie-przyczyny\/","url_meta":{"origin":7974,"position":1},"title":"B\u00f3l jajnika po okresie &#8211; przyczyny","author":"Joanna","date":"24 sierpnia 2021","format":false,"excerpt":"Menstruacji cz\u0119sto towarzyszy wiele nieprzyjemnych dolegliwo\u015bci. Jedn\u0105 z nich jest b\u00f3l jajnika. To poczucie k\u0142ucia w podbrzuszu, kt\u00f3re mo\u017ce mie\u0107 r\u00f3\u017cny stopie\u0144 nasilenia. Najcz\u0119\u015bciej jest objawem naturalnych proces\u00f3w zachodz\u0105cych w organizmie podczas miesi\u0105czki. Jednak zdarza si\u0119, \u017ce b\u00f3l jajnika wyst\u0119puje r\u00f3wnie\u017c po okresie. Jakie s\u0105 tego przyczyny? Jajniki Jajniki to\u2026","rel":"","context":"Z 1 komentarzem","block_context":{"text":"Z 1 komentarzem","link":"https:\/\/www.naturalna-plodnosc.pl\/index.php\/zdrowie\/bol-jajnika-po-okresie-przyczyny\/#comments"},"img":{"alt_text":"B\u00f3l jajnika po okresie","src":"http:\/\/www.naturalna-plodnosc.pl\/wp-content\/uploads\/2021\/08\/gynecology-2533145_640-198x166.jpg","width":350,"height":200},"classes":[]},{"id":9580,"url":"https:\/\/www.naturalna-plodnosc.pl\/index.php\/zdrowie\/bol-w-podbrzuszu-jakie-sa-mozliwe-przyczyny\/","url_meta":{"origin":7974,"position":2},"title":"B\u00f3l w podbrzuszu. Jakie s\u0105 mo\u017cliwe przyczyny?","author":"Joanna","date":"5 czerwca 2019","format":false,"excerpt":"B\u00f3l w podbrzuszu to jedna z cz\u0119stszych dolegliwo\u015bci, z kt\u00f3rymi przychodz\u0105 pacjenci do lekarza pierwszego kontaktu. O ile problem jest powszechny i chyba ka\u017cdy z nas go cho\u0107 raz w \u017cyciu do\u015bwiadczy\u0142, to jego przyczyny mog\u0105 by\u0107 naprawd\u0119 r\u00f3\u017cne i dotyczy\u0107 zupe\u0142nie innych uk\u0142ad\u00f3w, np. pokarmowego, moczowego, p\u0142ciowego itd. Z\u2026","rel":"","context":"Podobny wpis","block_context":{"text":"Podobny wpis","link":""},"img":{"alt_text":"","src":"http:\/\/www.naturalna-plodnosc.pl\/wp-content\/uploads\/2018\/08\/woman-506120_640-250x166.jpg","width":350,"height":200},"classes":[]},{"id":5706,"url":"https:\/\/www.naturalna-plodnosc.pl\/index.php\/nieplodnosc\/co-to-jest-zespol-policystycznych-jajnikow-i-jak-leczyc-aby-zajsc-w-ciaze\/","url_meta":{"origin":7974,"position":3},"title":"Co to jest Zesp\u00f3\u0142 Policystycznych Jajnik\u00f3w i jak leczy\u0107, aby Zaj\u015b\u0107 w Ci\u0105\u017c\u0119.","author":"Joanna","date":"16 stycznia 2017","format":false,"excerpt":"Je\u015bli zaobserwowa\u0142a\u015b u siebie nieregularne miesi\u0105czki, zwi\u0119kszony tr\u0105dzik, nadmierne ow\u0142osienie \u2013mo\u017ce to oznacza\u0107, \u017ce cierpisz na zesp\u00f3\u0142 policystycznych jajnik\u00f3w. Jest to choroba na tyle powa\u017cna, \u017ce mo\u017ce powodowa\u0107 niep\u0142odno\u015b\u0107 i niestety najcz\u0119\u015bciej bywa w\u0142a\u015bnie tak, \u017ce kobiety, u kt\u00f3rych stwierdzono PCOS (Polycystic Ovary Syndrome) maj\u0105 problemy z zaj\u015bciem w ci\u0105\u017c\u0119.\u2026","rel":"","context":"Podobny wpis","block_context":{"text":"Podobny wpis","link":""},"img":{"alt_text":"ovary-148111_640","src":"http:\/\/www.naturalna-plodnosc.pl\/wp-content\/uploads\/2017\/01\/ovary-148111_640-250x125.png","width":350,"height":200},"classes":[]},{"id":13546,"url":"https:\/\/www.naturalna-plodnosc.pl\/index.php\/zdrowie\/torbiele-na-jajniku-przyczyny-objawy-i-jak-leczyc\/","url_meta":{"origin":7974,"position":4},"title":"Torbiele na jajniku &#8211; przyczyny, objawy i jak leczy\u0107","author":"Joanna","date":"30 sierpnia 2022","format":false,"excerpt":"Jajniki s\u0105 integraln\u0105 cz\u0119\u015bci\u0105 kobiecego uk\u0142adu rozrodczego. Nie tylko wspieraj\u0105 szanse pocz\u0119cia, ale tak\u017ce pomagaj\u0105 w regulacji hormonalnej w krwiobiegu. Torbiele jajnik\u00f3w, w przeciwie\u0144stwie do raka jajnika, s\u0105 \u0142agodnymi wype\u0142nionymi p\u0142ynem p\u0119cherzykami jajnikowymi. Chocia\u017c w wi\u0119kszo\u015bci nie s\u0105 szkodliwe, niekt\u00f3re torbiele jajnik\u00f3w mog\u0105 p\u00f3\u017aniej przekszta\u0142ci\u0107 si\u0119 w raka, bez odpowiedniej\u2026","rel":"","context":"Podobny wpis","block_context":{"text":"Podobny wpis","link":""},"img":{"alt_text":"Torbiele na jajniku","src":"http:\/\/www.naturalna-plodnosc.pl\/wp-content\/uploads\/2022\/08\/ovary-g9a0c9ddfb_640-250x116.png","width":350,"height":200},"classes":[]},{"id":13723,"url":"https:\/\/www.naturalna-plodnosc.pl\/index.php\/zdrowie\/bol-podbrzusza-i-jajnikow-podczas-wspolzycia-przyczyny\/","url_meta":{"origin":7974,"position":5},"title":"B\u00f3l podbrzusza i jajnik\u00f3w podczas wsp\u00f3\u0142\u017cycia &#8211; przyczyny","author":"Joanna","date":"13 grudnia 2022","format":false,"excerpt":"Mo\u017ce istnie\u0107 wiele powod\u00f3w, przez kt\u00f3re podczas seksu wyst\u0119puj\u0105 dolegliwo\u015bci b\u00f3lowe. Zalicza si\u0119 do nich m.in. schorzenia podstawowe, zmiany hormonalne lub czynniki na pod\u0142o\u017cu psychogennym. Jakie s\u0105 najcz\u0119stsze przyczyny b\u00f3lu podbrzusza i jajnik\u00f3w w trakcie stosunku? Endometrioza Czasami bolesny seks jest efektem innego problemu zdrowotnego. Endometrioza, kt\u00f3ra pojawia si\u0119, gdy\u2026","rel":"","context":"Podobny wpis","block_context":{"text":"Podobny wpis","link":""},"img":{"alt_text":"B\u00f3l podbrzusza i jajnik\u00f3w podczas wsp\u00f3\u0142\u017cycia - przyczyny","src":"http:\/\/www.naturalna-plodnosc.pl\/wp-content\/uploads\/2022\/12\/dainis-graveris-KU_NTjlJovE-unsplash-250x166.jpg","width":350,"height":200},"classes":[]}],"jetpack_likes_enabled":true,"_links":{"self":[{"href":"https:\/\/www.naturalna-plodnosc.pl\/index.php\/wp-json\/wp\/v2\/pages\/7974","targetHints":{"allow":["GET"]}}],"collection":[{"href":"https:\/\/www.naturalna-plodnosc.pl\/index.php\/wp-json\/wp\/v2\/pages"}],"about":[{"href":"https:\/\/www.naturalna-plodnosc.pl\/index.php\/wp-json\/wp\/v2\/types\/page"}],"author":[{"embeddable":true,"href":"https:\/\/www.naturalna-plodnosc.pl\/index.php\/wp-json\/wp\/v2\/users\/1"}],"replies":[{"embeddable":true,"href":"https:\/\/www.naturalna-plodnosc.pl\/index.php\/wp-json\/wp\/v2\/comments?post=7974"}],"version-history":[{"count":0,"href":"https:\/\/www.naturalna-plodnosc.pl\/index.php\/wp-json\/wp\/v2\/pages\/7974\/revisions"}],"up":[{"embeddable":true,"href":"https:\/\/www.naturalna-plodnosc.pl\/index.php\/wp-json\/wp\/v2\/pages\/155"}],"wp:attachment":[{"href":"https:\/\/www.naturalna-plodnosc.pl\/index.php\/wp-json\/wp\/v2\/media?parent=7974"}],"curies":[{"name":"wp","href":"https:\/\/api.w.org\/{rel}","templated":true}]}}