{"id":5934,"date":"2017-02-24T19:45:06","date_gmt":"2017-02-24T18:45:06","guid":{"rendered":"http:\/\/www.naturalna-plodnosc.pl\/?page_id=5934"},"modified":"2017-02-24T19:45:30","modified_gmt":"2017-02-24T18:45:30","slug":"cytologia-co-to-za-badanie-dlaczego-jest-takie-wazne-kto-powinien-je-wykonywac-i-jak-czesto","status":"publish","type":"page","link":"https:\/\/www.naturalna-plodnosc.pl\/index.php\/zdrowie\/higiena-intymna\/cytologia-co-to-za-badanie-dlaczego-jest-takie-wazne-kto-powinien-je-wykonywac-i-jak-czesto\/","title":{"rendered":"Cytologia. Co to za badanie? Dlaczego jest takie wa\u017cne? Kto powinien je wykonywa\u0107 i jak cz\u0119sto?"},"content":{"rendered":"<h1><img loading=\"lazy\" decoding=\"async\" data-attachment-id=\"5935\" data-permalink=\"https:\/\/www.naturalna-plodnosc.pl\/index.php\/zdrowie\/higiena-intymna\/cytologia-co-to-za-badanie-dlaczego-jest-takie-wazne-kto-powinien-je-wykonywac-i-jak-czesto\/microscope-385364_640\/\" data-orig-file=\"https:\/\/www.naturalna-plodnosc.pl\/wp-content\/uploads\/2017\/02\/microscope-385364_640.jpg\" data-orig-size=\"640,424\" data-comments-opened=\"1\" data-image-meta=\"{&quot;aperture&quot;:&quot;3.5&quot;,&quot;credit&quot;:&quot;&quot;,&quot;camera&quot;:&quot;NIKON D3&quot;,&quot;caption&quot;:&quot;&quot;,&quot;created_timestamp&quot;:&quot;0&quot;,&quot;copyright&quot;:&quot;&quot;,&quot;focal_length&quot;:&quot;55&quot;,&quot;iso&quot;:&quot;800&quot;,&quot;shutter_speed&quot;:&quot;0.005&quot;,&quot;title&quot;:&quot;&quot;,&quot;orientation&quot;:&quot;0&quot;}\" data-image-title=\"cytologia\" data-image-description=\"\" data-image-caption=\"\" data-large-file=\"https:\/\/www.naturalna-plodnosc.pl\/wp-content\/uploads\/2017\/02\/microscope-385364_640.jpg\" class=\"size-medium wp-image-5935 alignleft\" src=\"http:\/\/www.naturalna-plodnosc.pl\/wp-content\/uploads\/2017\/02\/microscope-385364_640-250x166.jpg\" alt=\"cytologia\" width=\"250\" height=\"166\" srcset=\"https:\/\/www.naturalna-plodnosc.pl\/wp-content\/uploads\/2017\/02\/microscope-385364_640.jpg 250w, https:\/\/www.naturalna-plodnosc.pl\/wp-content\/uploads\/2017\/02\/microscope-385364_640.jpg 640w\" sizes=\"(max-width: 250px) 100vw, 250px\" \/>CYTOLOGIA. Co to za badanie? Dlaczego jest takie wa\u017cne? Kto powinien je wykonywa\u0107 i jak cz\u0119sto?<\/h1>\n<p><strong>Cytologia, czyli badanie cytologiczne polega na pobraniu przez lekarza kom\u00f3rek znajduj\u0105cych si\u0119 na szyjce macicy, za pomoc\u0105 specjalnej szczoteczki. Wymaz ten zostaje poddany analizie mikroskopowej, w kt\u00f3rej stwierdza si\u0119, czy obraz cytologiczny jest prawid\u0142owy. Badanie jest bezbolesne, trwa kilka minut w gabinecie ginekologicznym i mo\u017ce uratowa\u0107 \u017cycie, gdy\u017c uwa\u017ca si\u0119 je jak do tej pory za najskuteczniejsz\u0105 metod\u0119 wykrywania raka szyjki macicy. <\/strong><\/p>\n<p>Rak szyjki macicy jest jednym z najcz\u0119stszych nowotwor\u00f3w wyst\u0119puj\u0105cych u kobiet, a w Polsce zapadalno\u015b\u0107 na niego jest\u00a0 \u00a0bardzo wysoka \u2013 10 kobiet dziennie dowiaduje si\u0119 o chorobie, a a\u017c 5 z nich umiera! Statystki s\u0105 przera\u017caj\u0105ce, a wystarczy\u0142aby jedynie profilaktyka \u2013 by znacznie obni\u017cy\u0107 te liczby. Wczesne wykrycie raka szyjki macicy pozwala na jej ca\u0142kowite wyleczenie, a to jest mo\u017cliwe tylko dzi\u0119ki regularnym badaniom cytologicznym. Ryzyko pojawienia si\u0119 raka szyjki macicy jest du\u017ce u kobiet, kt\u00f3re s\u0105 nosicielkami HPV (wirus brodawczaka ludzkiego), wcze\u015bnie rozpocz\u0119\u0142y wsp\u00f3\u0142\u017cycie seksualne, pal\u0105 papierosy, mia\u0142y du\u017c\u0105 liczb\u0119 partner\u00f3w seksualnych itd.<\/p>\n<p>Badanie cytologiczne powinno si\u0119 wykonywa\u0107 co 2-3 lata, je\u015bli wcze\u015bniejsze wyniki by\u0142y prawid\u0142owe. Kobietom, kt\u00f3re cz\u0119sto zmieniaj\u0105 partner\u00f3w seksualnych lub s\u0105 z grupy podwy\u017cszonego ryzyka zaleca si\u0119 cytologi\u0119 raz do roku.\u00a0 Pierwszy raz na takie badanie najlepiej wybra\u0107 si\u0119 w wieku 20-25 lat, a im wcze\u015bniej rozpocz\u0119\u0142o si\u0119 inicjacj\u0119 seksualn\u0105, tym szybciej powinno si\u0119 je wykona\u0107.<\/p>\n<p>Na badanie zg\u0142aszamy si\u0119 do gabinetu ginekologicznego. W prywatnym zap\u0142acimy za nie ok 30\/40 z\u0142 plus koszt wizyty u lekarza, natomiast je\u015bli skorzystamy z cytologii w ramach NFZ \u2013 b\u0119dzie ona bezp\u0142atna. \u00a0Nie wykonuje si\u0119 go w trakcie menstruacji i do 2 dni po niej. Kilkadziesi\u0105t godzin przed cytologi\u0105 nie powinno si\u0119 tak\u017ce stosowa\u0107 \u017cadnych \u015brodk\u00f3w dopochwowych, irygacji, ani wsp\u00f3\u0142\u017cy\u0107 seksualnie, gdy\u017c te czynno\u015bci zak\u0142\u00f3ci\u0142yby prawdziwy wynik cytologii.<\/p>\n<p>Jeszcze do niedawna wyniki badania cytologicznego podawane by\u0142y w pi\u0119ciostopniowej skali Papanicolau. Dzisiaj uwa\u017ca si\u0119 j\u0105 za niewystarczaj\u0105c\u0105 do prawid\u0142owej oceny, cho\u0107 nadal si\u0119 j\u0105 czasem wykorzystuje. Nowy system, kt\u00f3ry powoli j\u0105 zast\u0119puje to system Bethesda, kt\u00f3ry jest dok\u0142adnym opisem wyniku.<\/p>\n<p>Wykonywanie cytologii jest bardzo wa\u017cne, poniewa\u017c pomaga ustrzec kobiety przed \u015bmierteln\u0105 chorob\u0105. Tak niewiele trzeba, aby zapewni\u0107 sobie spok\u00f3j ducha, gdy\u017c profilaktyka w przypadku raka szyjki macicy jest kluczowa.<\/p>\n<p>&nbsp;<\/p>\n","protected":false},"excerpt":{"rendered":"<p>CYTOLOGIA. Co to za badanie? Dlaczego jest takie wa\u017cne? Kto powinien je wykonywa\u0107 i jak cz\u0119sto? Cytologia, czyli badanie cytologiczne polega na pobraniu przez lekarza kom\u00f3rek znajduj\u0105cych si\u0119 na szyjce macicy, za pomoc\u0105 specjalnej szczoteczki. Wymaz ten zostaje poddany analizie mikroskopowej, w kt\u00f3rej stwierdza si\u0119, czy obraz cytologiczny jest prawid\u0142owy. Badanie jest bezbolesne, trwa kilka [&hellip;]<\/p>\n","protected":false},"author":1,"featured_media":0,"parent":157,"menu_order":0,"comment_status":"open","ping_status":"open","template":"","meta":{"_et_pb_use_builder":"","_et_pb_old_content":"","_et_gb_content_width":"","footnotes":""},"class_list":["post-5934","page","type-page","status-publish","hentry"],"yoast_head":"<!-- This site is optimized with the Yoast SEO plugin v27.4 - https:\/\/yoast.com\/product\/yoast-seo-wordpress\/ -->\n<title>Cytologia. Co to za badanie? Dlaczego jest takie wa\u017cne? Kto powinien je wykonywa\u0107 i jak cz\u0119sto? - Naturalna P\u0142odno\u015b\u0107<\/title>\n<meta name=\"robots\" content=\"index, follow, max-snippet:-1, max-image-preview:large, max-video-preview:-1\" \/>\n<link rel=\"canonical\" href=\"https:\/\/www.naturalna-plodnosc.pl\/index.php\/zdrowie\/higiena-intymna\/cytologia-co-to-za-badanie-dlaczego-jest-takie-wazne-kto-powinien-je-wykonywac-i-jak-czesto\/\" \/>\n<meta property=\"og:locale\" content=\"pl_PL\" \/>\n<meta property=\"og:type\" content=\"article\" \/>\n<meta property=\"og:title\" content=\"Cytologia. Co to za badanie? Dlaczego jest takie wa\u017cne? Kto powinien je wykonywa\u0107 i jak cz\u0119sto? - Naturalna P\u0142odno\u015b\u0107\" \/>\n<meta property=\"og:description\" content=\"CYTOLOGIA. Co to za badanie? Dlaczego jest takie wa\u017cne? Kto powinien je wykonywa\u0107 i jak cz\u0119sto? Cytologia, czyli badanie cytologiczne polega na pobraniu przez lekarza kom\u00f3rek znajduj\u0105cych si\u0119 na szyjce macicy, za pomoc\u0105 specjalnej szczoteczki. Wymaz ten zostaje poddany analizie mikroskopowej, w kt\u00f3rej stwierdza si\u0119, czy obraz cytologiczny jest prawid\u0142owy. Badanie jest bezbolesne, trwa kilka [&hellip;]\" \/>\n<meta property=\"og:url\" content=\"https:\/\/www.naturalna-plodnosc.pl\/index.php\/zdrowie\/higiena-intymna\/cytologia-co-to-za-badanie-dlaczego-jest-takie-wazne-kto-powinien-je-wykonywac-i-jak-czesto\/\" \/>\n<meta property=\"og:site_name\" content=\"Naturalna P\u0142odno\u015b\u0107\" \/>\n<meta property=\"article:publisher\" content=\"https:\/\/www.facebook.com\/NaturalnaPlodnosc\/\" \/>\n<meta property=\"article:modified_time\" content=\"2017-02-24T18:45:30+00:00\" \/>\n<meta property=\"og:image\" content=\"http:\/\/www.naturalna-plodnosc.pl\/wp-content\/uploads\/2017\/02\/microscope-385364_640-250x166.jpg\" \/>\n<meta name=\"twitter:card\" content=\"summary_large_image\" \/>\n<meta name=\"twitter:label1\" content=\"Szacowany czas czytania\" \/>\n\t<meta name=\"twitter:data1\" content=\"2 minuty\" \/>\n<script type=\"application\/ld+json\" class=\"yoast-schema-graph\">{\"@context\":\"https:\\\/\\\/schema.org\",\"@graph\":[{\"@type\":\"WebPage\",\"@id\":\"https:\\\/\\\/www.naturalna-plodnosc.pl\\\/index.php\\\/zdrowie\\\/higiena-intymna\\\/cytologia-co-to-za-badanie-dlaczego-jest-takie-wazne-kto-powinien-je-wykonywac-i-jak-czesto\\\/\",\"url\":\"https:\\\/\\\/www.naturalna-plodnosc.pl\\\/index.php\\\/zdrowie\\\/higiena-intymna\\\/cytologia-co-to-za-badanie-dlaczego-jest-takie-wazne-kto-powinien-je-wykonywac-i-jak-czesto\\\/\",\"name\":\"Cytologia. Co to za badanie? Dlaczego jest takie wa\u017cne? Kto powinien je wykonywa\u0107 i jak cz\u0119sto? - Naturalna P\u0142odno\u015b\u0107\",\"isPartOf\":{\"@id\":\"https:\\\/\\\/www.naturalna-plodnosc.pl\\\/#website\"},\"primaryImageOfPage\":{\"@id\":\"https:\\\/\\\/www.naturalna-plodnosc.pl\\\/index.php\\\/zdrowie\\\/higiena-intymna\\\/cytologia-co-to-za-badanie-dlaczego-jest-takie-wazne-kto-powinien-je-wykonywac-i-jak-czesto\\\/#primaryimage\"},\"image\":{\"@id\":\"https:\\\/\\\/www.naturalna-plodnosc.pl\\\/index.php\\\/zdrowie\\\/higiena-intymna\\\/cytologia-co-to-za-badanie-dlaczego-jest-takie-wazne-kto-powinien-je-wykonywac-i-jak-czesto\\\/#primaryimage\"},\"thumbnailUrl\":\"http:\\\/\\\/www.naturalna-plodnosc.pl\\\/wp-content\\\/uploads\\\/2017\\\/02\\\/microscope-385364_640-250x166.jpg\",\"datePublished\":\"2017-02-24T18:45:06+00:00\",\"dateModified\":\"2017-02-24T18:45:30+00:00\",\"breadcrumb\":{\"@id\":\"https:\\\/\\\/www.naturalna-plodnosc.pl\\\/index.php\\\/zdrowie\\\/higiena-intymna\\\/cytologia-co-to-za-badanie-dlaczego-jest-takie-wazne-kto-powinien-je-wykonywac-i-jak-czesto\\\/#breadcrumb\"},\"inLanguage\":\"pl-PL\",\"potentialAction\":[{\"@type\":\"ReadAction\",\"target\":[\"https:\\\/\\\/www.naturalna-plodnosc.pl\\\/index.php\\\/zdrowie\\\/higiena-intymna\\\/cytologia-co-to-za-badanie-dlaczego-jest-takie-wazne-kto-powinien-je-wykonywac-i-jak-czesto\\\/\"]}]},{\"@type\":\"ImageObject\",\"inLanguage\":\"pl-PL\",\"@id\":\"https:\\\/\\\/www.naturalna-plodnosc.pl\\\/index.php\\\/zdrowie\\\/higiena-intymna\\\/cytologia-co-to-za-badanie-dlaczego-jest-takie-wazne-kto-powinien-je-wykonywac-i-jak-czesto\\\/#primaryimage\",\"url\":\"http:\\\/\\\/www.naturalna-plodnosc.pl\\\/wp-content\\\/uploads\\\/2017\\\/02\\\/microscope-385364_640-250x166.jpg\",\"contentUrl\":\"http:\\\/\\\/www.naturalna-plodnosc.pl\\\/wp-content\\\/uploads\\\/2017\\\/02\\\/microscope-385364_640-250x166.jpg\"},{\"@type\":\"BreadcrumbList\",\"@id\":\"https:\\\/\\\/www.naturalna-plodnosc.pl\\\/index.php\\\/zdrowie\\\/higiena-intymna\\\/cytologia-co-to-za-badanie-dlaczego-jest-takie-wazne-kto-powinien-je-wykonywac-i-jak-czesto\\\/#breadcrumb\",\"itemListElement\":[{\"@type\":\"ListItem\",\"position\":1,\"name\":\"Strona g\u0142\u00f3wna\",\"item\":\"https:\\\/\\\/www.naturalna-plodnosc.pl\\\/\"},{\"@type\":\"ListItem\",\"position\":2,\"name\":\"Zdrowie\",\"item\":\"https:\\\/\\\/www.naturalna-plodnosc.pl\\\/index.php\\\/zdrowie\\\/\"},{\"@type\":\"ListItem\",\"position\":3,\"name\":\"Higiena Intymna\",\"item\":\"https:\\\/\\\/www.naturalna-plodnosc.pl\\\/index.php\\\/zdrowie\\\/higiena-intymna\\\/\"},{\"@type\":\"ListItem\",\"position\":4,\"name\":\"Cytologia. Co to za badanie? Dlaczego jest takie wa\u017cne? Kto powinien je wykonywa\u0107 i jak cz\u0119sto?\"}]},{\"@type\":\"WebSite\",\"@id\":\"https:\\\/\\\/www.naturalna-plodnosc.pl\\\/#website\",\"url\":\"https:\\\/\\\/www.naturalna-plodnosc.pl\\\/\",\"name\":\"Naturalna P\u0142odno\u015b\u0107\",\"description\":\"Antykoncepcja Bez Hormon\u00f3w i Planowanie Ci\u0105\u017cy\",\"publisher\":{\"@id\":\"https:\\\/\\\/www.naturalna-plodnosc.pl\\\/#organization\"},\"potentialAction\":[{\"@type\":\"SearchAction\",\"target\":{\"@type\":\"EntryPoint\",\"urlTemplate\":\"https:\\\/\\\/www.naturalna-plodnosc.pl\\\/?s={search_term_string}\"},\"query-input\":{\"@type\":\"PropertyValueSpecification\",\"valueRequired\":true,\"valueName\":\"search_term_string\"}}],\"inLanguage\":\"pl-PL\"},{\"@type\":\"Organization\",\"@id\":\"https:\\\/\\\/www.naturalna-plodnosc.pl\\\/#organization\",\"name\":\"Naturalna P\u0142odno\u015b\u0107\",\"url\":\"https:\\\/\\\/www.naturalna-plodnosc.pl\\\/\",\"logo\":{\"@type\":\"ImageObject\",\"inLanguage\":\"pl-PL\",\"@id\":\"https:\\\/\\\/www.naturalna-plodnosc.pl\\\/#\\\/schema\\\/logo\\\/image\\\/\",\"url\":\"https:\\\/\\\/i2.wp.com\\\/www.naturalna-plodnosc.pl\\\/wp-content\\\/uploads\\\/2017\\\/10\\\/logo-Naturalna-Plodnosc_favicon.png?fit=68%2C78\",\"contentUrl\":\"https:\\\/\\\/i2.wp.com\\\/www.naturalna-plodnosc.pl\\\/wp-content\\\/uploads\\\/2017\\\/10\\\/logo-Naturalna-Plodnosc_favicon.png?fit=68%2C78\",\"width\":68,\"height\":78,\"caption\":\"Naturalna P\u0142odno\u015b\u0107\"},\"image\":{\"@id\":\"https:\\\/\\\/www.naturalna-plodnosc.pl\\\/#\\\/schema\\\/logo\\\/image\\\/\"},\"sameAs\":[\"https:\\\/\\\/www.facebook.com\\\/NaturalnaPlodnosc\\\/\",\"https:\\\/\\\/www.instagram.com\\\/naturalnaplodnosc.pl\\\/\"]}]}<\/script>\n<!-- \/ Yoast SEO plugin. -->","yoast_head_json":{"title":"Cytologia. Co to za badanie? Dlaczego jest takie wa\u017cne? Kto powinien je wykonywa\u0107 i jak cz\u0119sto? - Naturalna P\u0142odno\u015b\u0107","robots":{"index":"index","follow":"follow","max-snippet":"max-snippet:-1","max-image-preview":"max-image-preview:large","max-video-preview":"max-video-preview:-1"},"canonical":"https:\/\/www.naturalna-plodnosc.pl\/index.php\/zdrowie\/higiena-intymna\/cytologia-co-to-za-badanie-dlaczego-jest-takie-wazne-kto-powinien-je-wykonywac-i-jak-czesto\/","og_locale":"pl_PL","og_type":"article","og_title":"Cytologia. Co to za badanie? Dlaczego jest takie wa\u017cne? Kto powinien je wykonywa\u0107 i jak cz\u0119sto? - Naturalna P\u0142odno\u015b\u0107","og_description":"CYTOLOGIA. Co to za badanie? Dlaczego jest takie wa\u017cne? Kto powinien je wykonywa\u0107 i jak cz\u0119sto? Cytologia, czyli badanie cytologiczne polega na pobraniu przez lekarza kom\u00f3rek znajduj\u0105cych si\u0119 na szyjce macicy, za pomoc\u0105 specjalnej szczoteczki. Wymaz ten zostaje poddany analizie mikroskopowej, w kt\u00f3rej stwierdza si\u0119, czy obraz cytologiczny jest prawid\u0142owy. Badanie jest bezbolesne, trwa kilka [&hellip;]","og_url":"https:\/\/www.naturalna-plodnosc.pl\/index.php\/zdrowie\/higiena-intymna\/cytologia-co-to-za-badanie-dlaczego-jest-takie-wazne-kto-powinien-je-wykonywac-i-jak-czesto\/","og_site_name":"Naturalna P\u0142odno\u015b\u0107","article_publisher":"https:\/\/www.facebook.com\/NaturalnaPlodnosc\/","article_modified_time":"2017-02-24T18:45:30+00:00","og_image":[{"url":"http:\/\/www.naturalna-plodnosc.pl\/wp-content\/uploads\/2017\/02\/microscope-385364_640-250x166.jpg","type":"","width":"","height":""}],"twitter_card":"summary_large_image","twitter_misc":{"Szacowany czas czytania":"2 minuty"},"schema":{"@context":"https:\/\/schema.org","@graph":[{"@type":"WebPage","@id":"https:\/\/www.naturalna-plodnosc.pl\/index.php\/zdrowie\/higiena-intymna\/cytologia-co-to-za-badanie-dlaczego-jest-takie-wazne-kto-powinien-je-wykonywac-i-jak-czesto\/","url":"https:\/\/www.naturalna-plodnosc.pl\/index.php\/zdrowie\/higiena-intymna\/cytologia-co-to-za-badanie-dlaczego-jest-takie-wazne-kto-powinien-je-wykonywac-i-jak-czesto\/","name":"Cytologia. Co to za badanie? Dlaczego jest takie wa\u017cne? Kto powinien je wykonywa\u0107 i jak cz\u0119sto? - Naturalna P\u0142odno\u015b\u0107","isPartOf":{"@id":"https:\/\/www.naturalna-plodnosc.pl\/#website"},"primaryImageOfPage":{"@id":"https:\/\/www.naturalna-plodnosc.pl\/index.php\/zdrowie\/higiena-intymna\/cytologia-co-to-za-badanie-dlaczego-jest-takie-wazne-kto-powinien-je-wykonywac-i-jak-czesto\/#primaryimage"},"image":{"@id":"https:\/\/www.naturalna-plodnosc.pl\/index.php\/zdrowie\/higiena-intymna\/cytologia-co-to-za-badanie-dlaczego-jest-takie-wazne-kto-powinien-je-wykonywac-i-jak-czesto\/#primaryimage"},"thumbnailUrl":"http:\/\/www.naturalna-plodnosc.pl\/wp-content\/uploads\/2017\/02\/microscope-385364_640-250x166.jpg","datePublished":"2017-02-24T18:45:06+00:00","dateModified":"2017-02-24T18:45:30+00:00","breadcrumb":{"@id":"https:\/\/www.naturalna-plodnosc.pl\/index.php\/zdrowie\/higiena-intymna\/cytologia-co-to-za-badanie-dlaczego-jest-takie-wazne-kto-powinien-je-wykonywac-i-jak-czesto\/#breadcrumb"},"inLanguage":"pl-PL","potentialAction":[{"@type":"ReadAction","target":["https:\/\/www.naturalna-plodnosc.pl\/index.php\/zdrowie\/higiena-intymna\/cytologia-co-to-za-badanie-dlaczego-jest-takie-wazne-kto-powinien-je-wykonywac-i-jak-czesto\/"]}]},{"@type":"ImageObject","inLanguage":"pl-PL","@id":"https:\/\/www.naturalna-plodnosc.pl\/index.php\/zdrowie\/higiena-intymna\/cytologia-co-to-za-badanie-dlaczego-jest-takie-wazne-kto-powinien-je-wykonywac-i-jak-czesto\/#primaryimage","url":"http:\/\/www.naturalna-plodnosc.pl\/wp-content\/uploads\/2017\/02\/microscope-385364_640-250x166.jpg","contentUrl":"http:\/\/www.naturalna-plodnosc.pl\/wp-content\/uploads\/2017\/02\/microscope-385364_640-250x166.jpg"},{"@type":"BreadcrumbList","@id":"https:\/\/www.naturalna-plodnosc.pl\/index.php\/zdrowie\/higiena-intymna\/cytologia-co-to-za-badanie-dlaczego-jest-takie-wazne-kto-powinien-je-wykonywac-i-jak-czesto\/#breadcrumb","itemListElement":[{"@type":"ListItem","position":1,"name":"Strona g\u0142\u00f3wna","item":"https:\/\/www.naturalna-plodnosc.pl\/"},{"@type":"ListItem","position":2,"name":"Zdrowie","item":"https:\/\/www.naturalna-plodnosc.pl\/index.php\/zdrowie\/"},{"@type":"ListItem","position":3,"name":"Higiena Intymna","item":"https:\/\/www.naturalna-plodnosc.pl\/index.php\/zdrowie\/higiena-intymna\/"},{"@type":"ListItem","position":4,"name":"Cytologia. Co to za badanie? Dlaczego jest takie wa\u017cne? Kto powinien je wykonywa\u0107 i jak cz\u0119sto?"}]},{"@type":"WebSite","@id":"https:\/\/www.naturalna-plodnosc.pl\/#website","url":"https:\/\/www.naturalna-plodnosc.pl\/","name":"Naturalna P\u0142odno\u015b\u0107","description":"Antykoncepcja Bez Hormon\u00f3w i Planowanie Ci\u0105\u017cy","publisher":{"@id":"https:\/\/www.naturalna-plodnosc.pl\/#organization"},"potentialAction":[{"@type":"SearchAction","target":{"@type":"EntryPoint","urlTemplate":"https:\/\/www.naturalna-plodnosc.pl\/?s={search_term_string}"},"query-input":{"@type":"PropertyValueSpecification","valueRequired":true,"valueName":"search_term_string"}}],"inLanguage":"pl-PL"},{"@type":"Organization","@id":"https:\/\/www.naturalna-plodnosc.pl\/#organization","name":"Naturalna P\u0142odno\u015b\u0107","url":"https:\/\/www.naturalna-plodnosc.pl\/","logo":{"@type":"ImageObject","inLanguage":"pl-PL","@id":"https:\/\/www.naturalna-plodnosc.pl\/#\/schema\/logo\/image\/","url":"https:\/\/i2.wp.com\/www.naturalna-plodnosc.pl\/wp-content\/uploads\/2017\/10\/logo-Naturalna-Plodnosc_favicon.png?fit=68%2C78","contentUrl":"https:\/\/i2.wp.com\/www.naturalna-plodnosc.pl\/wp-content\/uploads\/2017\/10\/logo-Naturalna-Plodnosc_favicon.png?fit=68%2C78","width":68,"height":78,"caption":"Naturalna P\u0142odno\u015b\u0107"},"image":{"@id":"https:\/\/www.naturalna-plodnosc.pl\/#\/schema\/logo\/image\/"},"sameAs":["https:\/\/www.facebook.com\/NaturalnaPlodnosc\/","https:\/\/www.instagram.com\/naturalnaplodnosc.pl\/"]}]}},"jetpack_sharing_enabled":true,"jetpack_shortlink":"https:\/\/wp.me\/P763jt-1xI","jetpack-related-posts":[{"id":20085,"url":"https:\/\/www.naturalna-plodnosc.pl\/index.php\/zdrowie\/fakty-i-mity-o-cytologii\/","url_meta":{"origin":5934,"position":0},"title":"Fakty i mity o cytologii","author":"Joanna","date":"1 grudnia 2024","format":false,"excerpt":"Cytologia to jedno z najwa\u017cniejszych bada\u0144 profilaktycznych w ginekologii, kt\u00f3re pozwala wcze\u015bnie wykry\u0107 zmiany przednowotworowe oraz raka szyjki macicy. Mimo \u017ce jest to proste, bezpieczne i nieinwazyjne badanie, wok\u00f3\u0142 niego naros\u0142o wiele mit\u00f3w, kt\u00f3re mog\u0105 zniech\u0119ca\u0107 kobiety do regularnego wykonywania cytologii. Fakty o cytologii Cytologia pomaga wykrywa\u0107 raka szyjki macicy\u2026","rel":"","context":"Podobny wpis","block_context":{"text":"Podobny wpis","link":""},"img":{"alt_text":"Fakty i mity o cytologii","src":"https:\/\/www.naturalna-plodnosc.pl\/wp-content\/uploads\/2024\/12\/gynecologist-5224339_640-2-250x166.jpg","width":350,"height":200},"classes":[]},{"id":11634,"url":"https:\/\/www.naturalna-plodnosc.pl\/index.php\/zdrowie\/cytologia-po-co-nalezy-wykonywac-cytologie-i-jak-czesto\/","url_meta":{"origin":5934,"position":1},"title":"Cytologia. Po co nale\u017cy wykonywa\u0107 cytologi\u0119 i jak cz\u0119sto ?","author":"Joanna","date":"19 stycznia 2021","format":false,"excerpt":"Przyjmuje si\u0119, \u017ce a\u017c 4 tys. Polek co roku s\u0142yszy diagnoz\u0119- rak szyjki macicy. Polska to kraj cechuj\u0105cy si\u0119 wysokim odsetkiem zgon\u00f3w powi\u0105zanych z t\u0105 powa\u017cn\u0105, lecz uleczaln\u0105 we wczesnym stadium chorob\u0105. Cytologia nale\u017cy do bada\u0144 profilaktycznych, a wi\u0119c powinni\u015bmy wykonywa\u0107 j\u0105 regularnie, bez wzgl\u0119du na nasze samopoczucie- mo\u017ce uchroni\u0107\u2026","rel":"","context":"Podobny wpis","block_context":{"text":"Podobny wpis","link":""},"img":{"alt_text":"Cytologia i badanie cytologiczne","src":"http:\/\/www.naturalna-plodnosc.pl\/wp-content\/uploads\/2021\/01\/stem-cell-2371611_640-206x166.jpg","width":350,"height":200},"classes":[]},{"id":13805,"url":"https:\/\/www.naturalna-plodnosc.pl\/index.php\/zdrowie\/cytologia-i-kolposkopia-roznice-i-kiedy-je-wykonywac\/","url_meta":{"origin":5934,"position":2},"title":"Cytologia i kolposkopia &#8211; r\u00f3\u017cnice i kiedy je wykonywa\u0107","author":"Joanna","date":"25 stycznia 2023","format":false,"excerpt":"Regularne badania s\u0105 podstaw\u0105 dbania o swoje zdrowie. W przypadku kobiet zaleca si\u0119 systematyczn\u0105 cytologi\u0119. A co w przypadku kolposkopii? Czym r\u00f3\u017cni\u0105 si\u0119 badania? Kiedy nale\u017cy je wykona\u0107? Cytologia \u2014 charakterystyka Cytologia to badanie kom\u00f3rek z tkanek lub p\u0142yn\u00f3w ustrojowych. Z szyjki macicy przy u\u017cyciu specjalnej szczoteczki pobiera si\u0119 materia\u0142\u2026","rel":"","context":"Podobny wpis","block_context":{"text":"Podobny wpis","link":""},"img":{"alt_text":"Cytologia i kolposkopia - r\u00f3\u017cnice i kiedy je wykonywa\u0107","src":"http:\/\/www.naturalna-plodnosc.pl\/wp-content\/uploads\/2023\/01\/stem-cell-g61080dcbf_640-206x166.jpg","width":350,"height":200},"classes":[]},{"id":14012,"url":"https:\/\/www.naturalna-plodnosc.pl\/index.php\/zdrowie\/czego-nie-nalezy-robic-przed-cytologia\/","url_meta":{"origin":5934,"position":3},"title":"Czego nie nale\u017cy robi\u0107 przed cytologi\u0105","author":"Joanna","date":"17 maja 2023","format":false,"excerpt":"Cytologia jest procedur\u0105 diagnostyczn\u0105 stosowan\u0105 przez ginekolog\u00f3w w celu profilaktyki i diagnostyki zmian przednowotworowych oraz inwazyjnego raka szyjki macicy. Metoda polega na zbadaniu \u017ce\u0144skich narz\u0105d\u00f3w p\u0142ciowych poprzez wprowadzenie do pochwy wziernika i pobraniu wycinka b\u0142ony szyjki macicy. Ta procedura pomaga wykry\u0107 zmiany w szyjce macicy, nawet na wczesnym etapie. Badanie\u2026","rel":"","context":"Podobny wpis","block_context":{"text":"Podobny wpis","link":""},"img":{"alt_text":"Czego nie nale\u017cy robi\u0107 przed cytologi\u0105","src":"http:\/\/www.naturalna-plodnosc.pl\/wp-content\/uploads\/2023\/05\/analysis-g52deda4ea_640-250x166.jpg","width":350,"height":200},"classes":[]},{"id":5831,"url":"https:\/\/www.naturalna-plodnosc.pl\/index.php\/zdrowie\/fakty-i-mity-o-raku-szyjki-macicy-i-jajnika\/","url_meta":{"origin":5934,"position":4},"title":"Fakty i mity o raku szyjki macicy i jajnika","author":"Joanna","date":"7 lutego 2017","format":false,"excerpt":"Rak szyjki macicy to jeden z\u00a0 cz\u0119stszych nowotwor\u00f3w, na kt\u00f3re cierpi\u0105 kobiety i jednocze\u015bnie najcz\u0119\u015bciej wyst\u0119puj\u0105cy nowotw\u00f3r z\u0142o\u015bliwy, je\u015bli chodzi o narz\u0105dy p\u0142ciowe pa\u0144. Zapadalno\u015b\u0107 Polek na t\u0119 chorob\u0119 na tle innych kraj\u00f3w europejskich jest niestety bardzo wysoka. Z kolei rak jajnika jest bardzo podst\u0119pny i trudno go wykry\u0107. Zazwyczaj\u2026","rel":"","context":"Podobny wpis","block_context":{"text":"Podobny wpis","link":""},"img":{"alt_text":"Rak szyjki macicy i jajnika","src":"http:\/\/www.naturalna-plodnosc.pl\/wp-content\/uploads\/2021\/03\/woman-1082056_640-250x166.jpg","width":350,"height":200},"classes":[]},{"id":5072,"url":"https:\/\/www.naturalna-plodnosc.pl\/index.php\/zdrowie\/higiena-intymna\/rak-szyjki-macicy-kto-jest-narazony-jakie-daje-objawy\/","url_meta":{"origin":5934,"position":5},"title":"Rak szyjki macicy &#8211; kto jest nara\u017cony, jakie daje objawy","author":"Joanna","date":"18 sierpnia 2016","format":false,"excerpt":"Rak szyjki macicy - kto jest nara\u017cony, jakie daje objawy Rak szyjki macicy znajduje si\u0119 w czo\u0142\u00f3wce najcz\u0119\u015bciej wyst\u0119puj\u0105cych nowotwor\u00f3w u kobiet i jest jednocze\u015bnie najcz\u0119\u015bciej wyst\u0119puj\u0105cym nowotworem z\u0142o\u015bliwym, je\u015bli chodzi o narz\u0105dy p\u0142ciowe kobiety. Zapadalno\u015b\u0107 Polek na t\u0119 chorob\u0119 na tle innych kraj\u00f3w europejskich jest bardzo wysoka. Szybko wykryty,\u2026","rel":"","context":"Podobny wpis","block_context":{"text":"Podobny wpis","link":""},"img":{"alt_text":"rak-piersi1-113107_L_mini","src":"http:\/\/www.naturalna-plodnosc.pl\/wp-content\/uploads\/2015\/09\/rak-piersi1-113107_L_mini.png","width":350,"height":200},"classes":[]}],"jetpack_likes_enabled":true,"_links":{"self":[{"href":"https:\/\/www.naturalna-plodnosc.pl\/index.php\/wp-json\/wp\/v2\/pages\/5934","targetHints":{"allow":["GET"]}}],"collection":[{"href":"https:\/\/www.naturalna-plodnosc.pl\/index.php\/wp-json\/wp\/v2\/pages"}],"about":[{"href":"https:\/\/www.naturalna-plodnosc.pl\/index.php\/wp-json\/wp\/v2\/types\/page"}],"author":[{"embeddable":true,"href":"https:\/\/www.naturalna-plodnosc.pl\/index.php\/wp-json\/wp\/v2\/users\/1"}],"replies":[{"embeddable":true,"href":"https:\/\/www.naturalna-plodnosc.pl\/index.php\/wp-json\/wp\/v2\/comments?post=5934"}],"version-history":[{"count":0,"href":"https:\/\/www.naturalna-plodnosc.pl\/index.php\/wp-json\/wp\/v2\/pages\/5934\/revisions"}],"up":[{"embeddable":true,"href":"https:\/\/www.naturalna-plodnosc.pl\/index.php\/wp-json\/wp\/v2\/pages\/157"}],"wp:attachment":[{"href":"https:\/\/www.naturalna-plodnosc.pl\/index.php\/wp-json\/wp\/v2\/media?parent=5934"}],"curies":[{"name":"wp","href":"https:\/\/api.w.org\/{rel}","templated":true}]}}