{"id":5357,"date":"2016-10-06T20:34:52","date_gmt":"2016-10-06T18:34:52","guid":{"rendered":"http:\/\/www.naturalna-plodnosc.pl\/?page_id=5357"},"modified":"2016-10-06T20:36:00","modified_gmt":"2016-10-06T18:36:00","slug":"nowe-standardy-w-poloznictwie","status":"publish","type":"page","link":"https:\/\/www.naturalna-plodnosc.pl\/index.php\/ciaza\/przebieg-ciazy\/nowe-standardy-w-poloznictwie\/","title":{"rendered":"Nowe standardy w po\u0142o\u017cnictwie"},"content":{"rendered":"<p><strong><img loading=\"lazy\" decoding=\"async\" data-attachment-id=\"5358\" data-permalink=\"https:\/\/www.naturalna-plodnosc.pl\/index.php\/ciaza\/przebieg-ciazy\/nowe-standardy-w-poloznictwie\/brzuszek\/\" data-orig-file=\"https:\/\/www.naturalna-plodnosc.pl\/wp-content\/uploads\/2016\/10\/brzuszek.jpg\" data-orig-size=\"250,188\" data-comments-opened=\"1\" data-image-meta=\"{&quot;aperture&quot;:&quot;0&quot;,&quot;credit&quot;:&quot;&quot;,&quot;camera&quot;:&quot;&quot;,&quot;caption&quot;:&quot;&quot;,&quot;created_timestamp&quot;:&quot;0&quot;,&quot;copyright&quot;:&quot;&quot;,&quot;focal_length&quot;:&quot;0&quot;,&quot;iso&quot;:&quot;0&quot;,&quot;shutter_speed&quot;:&quot;0&quot;,&quot;title&quot;:&quot;&quot;,&quot;orientation&quot;:&quot;0&quot;}\" data-image-title=\"brzuszek\" data-image-description=\"\" data-image-caption=\"\" data-large-file=\"https:\/\/www.naturalna-plodnosc.pl\/wp-content\/uploads\/2016\/10\/brzuszek.jpg\" class=\"size-medium wp-image-5358 alignleft\" src=\"http:\/\/www.naturalna-plodnosc.pl\/wp-content\/uploads\/2016\/10\/brzuszek-250x188.jpg\" alt=\"brzuszek\" width=\"250\" height=\"188\" \/>Latem tego roku wesz\u0142o w \u017cycie rozporz\u0105dzenie Ministra Zdrowia z dnia 9 listopada 2015 roku w sprawie standard\u00f3w post\u0119powania medycznego przy udzielaniu \u015bwiadcze\u0144 zdrowotnych w dziedzinie po\u0142o\u017cnictwa i ginekologii z zakresu oko\u0142oporodowej opieki po\u0142o\u017cniczo-ginekologicznej, sprawowanej nad kobiet\u0105 w okresie ci\u0105\u017cy, porodu, po\u0142ogu, w przypadkach wyst\u0119powania okre\u015blonych powik\u0142a\u0144 oraz opieki nad kobiet\u0105 w sytuacji niepowodze\u0144 po\u0142o\u017cniczych.<\/strong><\/p>\n<p>Rozporz\u0105dzenie niesie ze sob\u0105 zmiany w dzia\u0142aniu plac\u00f3wek po\u0142o\u017cniczych pod k\u0105tem porz\u0105dku prawnego, ale w praktyce niekt\u00f3re z tych standard\u00f3w \u00a0s\u0105 ju\u017c od dawna wykorzystywane. Reguluje si\u0119 przede wszystkim procedury zwi\u0105zane z:<\/p>\n<ul>\n<li>opiek\u0105 oko\u0142oporodow\u0105 u pacjentek z nadci\u015bnieniem t\u0119tniczym<\/li>\n<li>opiek\u0105 oko\u0142oporodow\u0105 u pacjentek w ci\u0105\u017cy bli\u017aniaczej<\/li>\n<li>post\u0119powaniu w przypadku zagra\u017caj\u0105cego porodu przedwczesnego<\/li>\n<li>post\u0119powania w przypadku zwi\u0119kszonego ryzyka niedotlenienia wewn\u0105trzmacicznego p\u0142odu<\/li>\n<li>post\u0119powania w przypadku krwotoku po\u0142o\u017cniczego<\/li>\n<li>opiek\u0105 nad pacjentk\u0105 w sytuacji niepowodze\u0144 po\u0142o\u017cniczych<\/li>\n<\/ul>\n<p>Nowe standardy w po\u0142o\u017cnictwie maj\u0105 poprawi\u0107 bezpiecze\u0144stwo pacjentek i jako\u015b\u0107 opieki oko\u0142oporodowej. \u00a0B\u0142\u0119dy medyczne stanowi\u0105 istotny problem, kt\u00f3ry niesie ze sob\u0105 liczne konsekwencje. Wraz ze wzrostem \u015bwiadomo\u015bci spo\u0142ecznej na temat obowi\u0105zk\u00f3w personelu medycznego, w tym lekarzy ro\u015bnie ilo\u015b\u0107 pozw\u00f3w dotycz\u0105cych b\u0142\u0119d\u00f3w w praktyce lekarskiej. S\u0105d wymierza coraz wy\u017csze kary z tego tytu\u0142u. Nowe rozporz\u0105dzenie ma w taki spos\u00f3b ujednolici\u0107\u00a0 procedury post\u0119powania i opieki oko\u0142oporodowej, aby b\u0142\u0119d\u00f3w medycznych by\u0142o jak najmniej. Ma to swoich zwolennik\u00f3w, jak i przeciwnik\u00f3w. Do tej pory \u201estaranno\u015b\u0107\u201d lekarzy nie mia\u0142a swojego prawnego zapisu, jednak rozporz\u0105dzenie wydane przez Ministra Zdrowia zmienia posta\u0107 rzeczy. Lekarze od tej pory b\u0119d\u0105 mieli narzucony schemat post\u0119powania w stosunku do konkretnych sytuacji medycznych. \u00a0W niekt\u00f3rych przypadkach u\u0142atwi to spos\u00f3b zachowania i narzuci w pewien spos\u00f3b drog\u0119, jak\u0105 ma pod\u0105\u017ca\u0107 lekarz, w innych b\u0119dzie to jednak \u017ar\u00f3d\u0142o niedom\u00f3wie\u0144 i komplikacji, poniewa\u017c rozporz\u0105dzenie nie przewiduje wszystkich okoliczno\u015bci oraz odst\u0119pstw od regu\u0142y. Nie w ka\u017cdej sytuacji b\u0119dzie mo\u017cna post\u0119powa\u0107 zgodnie z rozporz\u0105dzeniem, co generuje ryzyko kolejnych roszcze\u0144 pacjent\u00f3w.<\/p>\n<p>Prowadzenie dokumentacji medycznej r\u00f3wnie\u017c ma zosta\u0107 obj\u0119te szczeg\u00f3lnym nadzorem. W plac\u00f3wkach medycznych powinny obowi\u0105zywa\u0107 procedury wewn\u0119trzne, natomiast personel powinien odbywa\u0107 szkolenia w zakresie standard\u00f3w oraz konsekwencji wynikaj\u0105cych z ich nieprzestrzegania.<\/p>\n","protected":false},"excerpt":{"rendered":"<p>Latem tego roku wesz\u0142o w \u017cycie rozporz\u0105dzenie Ministra Zdrowia z dnia 9 listopada 2015 roku w sprawie standard\u00f3w post\u0119powania medycznego przy udzielaniu \u015bwiadcze\u0144 zdrowotnych w dziedzinie po\u0142o\u017cnictwa i ginekologii z zakresu oko\u0142oporodowej opieki po\u0142o\u017cniczo-ginekologicznej, sprawowanej nad kobiet\u0105 w okresie ci\u0105\u017cy, porodu, po\u0142ogu, w przypadkach wyst\u0119powania okre\u015blonych powik\u0142a\u0144 oraz opieki nad kobiet\u0105 w sytuacji niepowodze\u0144 po\u0142o\u017cniczych. [&hellip;]<\/p>\n","protected":false},"author":1,"featured_media":0,"parent":145,"menu_order":0,"comment_status":"closed","ping_status":"closed","template":"","meta":{"_et_pb_use_builder":"","_et_pb_old_content":"","_et_gb_content_width":"","footnotes":""},"class_list":["post-5357","page","type-page","status-publish","hentry"],"yoast_head":"<!-- This site is optimized with the Yoast SEO plugin v27.4 - https:\/\/yoast.com\/product\/yoast-seo-wordpress\/ -->\n<title>Nowe standardy w po\u0142o\u017cnictwie - Naturalna P\u0142odno\u015b\u0107<\/title>\n<meta name=\"robots\" content=\"index, follow, max-snippet:-1, max-image-preview:large, max-video-preview:-1\" \/>\n<link rel=\"canonical\" href=\"https:\/\/www.naturalna-plodnosc.pl\/index.php\/ciaza\/przebieg-ciazy\/nowe-standardy-w-poloznictwie\/\" \/>\n<meta property=\"og:locale\" content=\"pl_PL\" \/>\n<meta property=\"og:type\" content=\"article\" \/>\n<meta property=\"og:title\" content=\"Nowe standardy w po\u0142o\u017cnictwie - Naturalna P\u0142odno\u015b\u0107\" \/>\n<meta property=\"og:description\" content=\"Latem tego roku wesz\u0142o w \u017cycie rozporz\u0105dzenie Ministra Zdrowia z dnia 9 listopada 2015 roku w sprawie standard\u00f3w post\u0119powania medycznego przy udzielaniu \u015bwiadcze\u0144 zdrowotnych w dziedzinie po\u0142o\u017cnictwa i ginekologii z zakresu oko\u0142oporodowej opieki po\u0142o\u017cniczo-ginekologicznej, sprawowanej nad kobiet\u0105 w okresie ci\u0105\u017cy, porodu, po\u0142ogu, w przypadkach wyst\u0119powania okre\u015blonych powik\u0142a\u0144 oraz opieki nad kobiet\u0105 w sytuacji niepowodze\u0144 po\u0142o\u017cniczych. [&hellip;]\" \/>\n<meta property=\"og:url\" content=\"https:\/\/www.naturalna-plodnosc.pl\/index.php\/ciaza\/przebieg-ciazy\/nowe-standardy-w-poloznictwie\/\" \/>\n<meta property=\"og:site_name\" content=\"Naturalna P\u0142odno\u015b\u0107\" \/>\n<meta property=\"article:publisher\" content=\"https:\/\/www.facebook.com\/NaturalnaPlodnosc\/\" \/>\n<meta property=\"article:modified_time\" content=\"2016-10-06T18:36:00+00:00\" \/>\n<meta property=\"og:image\" content=\"http:\/\/www.naturalna-plodnosc.pl\/wp-content\/uploads\/2016\/10\/brzuszek-250x188.jpg\" \/>\n<meta name=\"twitter:card\" content=\"summary_large_image\" \/>\n<meta name=\"twitter:label1\" content=\"Szacowany czas czytania\" \/>\n\t<meta name=\"twitter:data1\" content=\"2 minuty\" \/>\n<script type=\"application\/ld+json\" class=\"yoast-schema-graph\">{\"@context\":\"https:\\\/\\\/schema.org\",\"@graph\":[{\"@type\":\"WebPage\",\"@id\":\"https:\\\/\\\/www.naturalna-plodnosc.pl\\\/index.php\\\/ciaza\\\/przebieg-ciazy\\\/nowe-standardy-w-poloznictwie\\\/\",\"url\":\"https:\\\/\\\/www.naturalna-plodnosc.pl\\\/index.php\\\/ciaza\\\/przebieg-ciazy\\\/nowe-standardy-w-poloznictwie\\\/\",\"name\":\"Nowe standardy w po\u0142o\u017cnictwie - Naturalna P\u0142odno\u015b\u0107\",\"isPartOf\":{\"@id\":\"https:\\\/\\\/www.naturalna-plodnosc.pl\\\/#website\"},\"primaryImageOfPage\":{\"@id\":\"https:\\\/\\\/www.naturalna-plodnosc.pl\\\/index.php\\\/ciaza\\\/przebieg-ciazy\\\/nowe-standardy-w-poloznictwie\\\/#primaryimage\"},\"image\":{\"@id\":\"https:\\\/\\\/www.naturalna-plodnosc.pl\\\/index.php\\\/ciaza\\\/przebieg-ciazy\\\/nowe-standardy-w-poloznictwie\\\/#primaryimage\"},\"thumbnailUrl\":\"http:\\\/\\\/www.naturalna-plodnosc.pl\\\/wp-content\\\/uploads\\\/2016\\\/10\\\/brzuszek-250x188.jpg\",\"datePublished\":\"2016-10-06T18:34:52+00:00\",\"dateModified\":\"2016-10-06T18:36:00+00:00\",\"breadcrumb\":{\"@id\":\"https:\\\/\\\/www.naturalna-plodnosc.pl\\\/index.php\\\/ciaza\\\/przebieg-ciazy\\\/nowe-standardy-w-poloznictwie\\\/#breadcrumb\"},\"inLanguage\":\"pl-PL\",\"potentialAction\":[{\"@type\":\"ReadAction\",\"target\":[\"https:\\\/\\\/www.naturalna-plodnosc.pl\\\/index.php\\\/ciaza\\\/przebieg-ciazy\\\/nowe-standardy-w-poloznictwie\\\/\"]}]},{\"@type\":\"ImageObject\",\"inLanguage\":\"pl-PL\",\"@id\":\"https:\\\/\\\/www.naturalna-plodnosc.pl\\\/index.php\\\/ciaza\\\/przebieg-ciazy\\\/nowe-standardy-w-poloznictwie\\\/#primaryimage\",\"url\":\"http:\\\/\\\/www.naturalna-plodnosc.pl\\\/wp-content\\\/uploads\\\/2016\\\/10\\\/brzuszek-250x188.jpg\",\"contentUrl\":\"http:\\\/\\\/www.naturalna-plodnosc.pl\\\/wp-content\\\/uploads\\\/2016\\\/10\\\/brzuszek-250x188.jpg\"},{\"@type\":\"BreadcrumbList\",\"@id\":\"https:\\\/\\\/www.naturalna-plodnosc.pl\\\/index.php\\\/ciaza\\\/przebieg-ciazy\\\/nowe-standardy-w-poloznictwie\\\/#breadcrumb\",\"itemListElement\":[{\"@type\":\"ListItem\",\"position\":1,\"name\":\"Strona g\u0142\u00f3wna\",\"item\":\"https:\\\/\\\/www.naturalna-plodnosc.pl\\\/\"},{\"@type\":\"ListItem\",\"position\":2,\"name\":\"Ci\u0105\u017ca\",\"item\":\"https:\\\/\\\/www.naturalna-plodnosc.pl\\\/index.php\\\/ciaza\\\/\"},{\"@type\":\"ListItem\",\"position\":3,\"name\":\"Przebieg ci\u0105\u017cy\",\"item\":\"https:\\\/\\\/www.naturalna-plodnosc.pl\\\/index.php\\\/ciaza\\\/przebieg-ciazy\\\/\"},{\"@type\":\"ListItem\",\"position\":4,\"name\":\"Nowe standardy w po\u0142o\u017cnictwie\"}]},{\"@type\":\"WebSite\",\"@id\":\"https:\\\/\\\/www.naturalna-plodnosc.pl\\\/#website\",\"url\":\"https:\\\/\\\/www.naturalna-plodnosc.pl\\\/\",\"name\":\"Naturalna P\u0142odno\u015b\u0107\",\"description\":\"Antykoncepcja Bez Hormon\u00f3w i Planowanie Ci\u0105\u017cy\",\"publisher\":{\"@id\":\"https:\\\/\\\/www.naturalna-plodnosc.pl\\\/#organization\"},\"potentialAction\":[{\"@type\":\"SearchAction\",\"target\":{\"@type\":\"EntryPoint\",\"urlTemplate\":\"https:\\\/\\\/www.naturalna-plodnosc.pl\\\/?s={search_term_string}\"},\"query-input\":{\"@type\":\"PropertyValueSpecification\",\"valueRequired\":true,\"valueName\":\"search_term_string\"}}],\"inLanguage\":\"pl-PL\"},{\"@type\":\"Organization\",\"@id\":\"https:\\\/\\\/www.naturalna-plodnosc.pl\\\/#organization\",\"name\":\"Naturalna P\u0142odno\u015b\u0107\",\"url\":\"https:\\\/\\\/www.naturalna-plodnosc.pl\\\/\",\"logo\":{\"@type\":\"ImageObject\",\"inLanguage\":\"pl-PL\",\"@id\":\"https:\\\/\\\/www.naturalna-plodnosc.pl\\\/#\\\/schema\\\/logo\\\/image\\\/\",\"url\":\"https:\\\/\\\/i2.wp.com\\\/www.naturalna-plodnosc.pl\\\/wp-content\\\/uploads\\\/2017\\\/10\\\/logo-Naturalna-Plodnosc_favicon.png?fit=68%2C78\",\"contentUrl\":\"https:\\\/\\\/i2.wp.com\\\/www.naturalna-plodnosc.pl\\\/wp-content\\\/uploads\\\/2017\\\/10\\\/logo-Naturalna-Plodnosc_favicon.png?fit=68%2C78\",\"width\":68,\"height\":78,\"caption\":\"Naturalna P\u0142odno\u015b\u0107\"},\"image\":{\"@id\":\"https:\\\/\\\/www.naturalna-plodnosc.pl\\\/#\\\/schema\\\/logo\\\/image\\\/\"},\"sameAs\":[\"https:\\\/\\\/www.facebook.com\\\/NaturalnaPlodnosc\\\/\",\"https:\\\/\\\/www.instagram.com\\\/naturalnaplodnosc.pl\\\/\"]}]}<\/script>\n<!-- \/ Yoast SEO plugin. -->","yoast_head_json":{"title":"Nowe standardy w po\u0142o\u017cnictwie - Naturalna P\u0142odno\u015b\u0107","robots":{"index":"index","follow":"follow","max-snippet":"max-snippet:-1","max-image-preview":"max-image-preview:large","max-video-preview":"max-video-preview:-1"},"canonical":"https:\/\/www.naturalna-plodnosc.pl\/index.php\/ciaza\/przebieg-ciazy\/nowe-standardy-w-poloznictwie\/","og_locale":"pl_PL","og_type":"article","og_title":"Nowe standardy w po\u0142o\u017cnictwie - Naturalna P\u0142odno\u015b\u0107","og_description":"Latem tego roku wesz\u0142o w \u017cycie rozporz\u0105dzenie Ministra Zdrowia z dnia 9 listopada 2015 roku w sprawie standard\u00f3w post\u0119powania medycznego przy udzielaniu \u015bwiadcze\u0144 zdrowotnych w dziedzinie po\u0142o\u017cnictwa i ginekologii z zakresu oko\u0142oporodowej opieki po\u0142o\u017cniczo-ginekologicznej, sprawowanej nad kobiet\u0105 w okresie ci\u0105\u017cy, porodu, po\u0142ogu, w przypadkach wyst\u0119powania okre\u015blonych powik\u0142a\u0144 oraz opieki nad kobiet\u0105 w sytuacji niepowodze\u0144 po\u0142o\u017cniczych. [&hellip;]","og_url":"https:\/\/www.naturalna-plodnosc.pl\/index.php\/ciaza\/przebieg-ciazy\/nowe-standardy-w-poloznictwie\/","og_site_name":"Naturalna P\u0142odno\u015b\u0107","article_publisher":"https:\/\/www.facebook.com\/NaturalnaPlodnosc\/","article_modified_time":"2016-10-06T18:36:00+00:00","og_image":[{"url":"http:\/\/www.naturalna-plodnosc.pl\/wp-content\/uploads\/2016\/10\/brzuszek-250x188.jpg","type":"","width":"","height":""}],"twitter_card":"summary_large_image","twitter_misc":{"Szacowany czas czytania":"2 minuty"},"schema":{"@context":"https:\/\/schema.org","@graph":[{"@type":"WebPage","@id":"https:\/\/www.naturalna-plodnosc.pl\/index.php\/ciaza\/przebieg-ciazy\/nowe-standardy-w-poloznictwie\/","url":"https:\/\/www.naturalna-plodnosc.pl\/index.php\/ciaza\/przebieg-ciazy\/nowe-standardy-w-poloznictwie\/","name":"Nowe standardy w po\u0142o\u017cnictwie - Naturalna P\u0142odno\u015b\u0107","isPartOf":{"@id":"https:\/\/www.naturalna-plodnosc.pl\/#website"},"primaryImageOfPage":{"@id":"https:\/\/www.naturalna-plodnosc.pl\/index.php\/ciaza\/przebieg-ciazy\/nowe-standardy-w-poloznictwie\/#primaryimage"},"image":{"@id":"https:\/\/www.naturalna-plodnosc.pl\/index.php\/ciaza\/przebieg-ciazy\/nowe-standardy-w-poloznictwie\/#primaryimage"},"thumbnailUrl":"http:\/\/www.naturalna-plodnosc.pl\/wp-content\/uploads\/2016\/10\/brzuszek-250x188.jpg","datePublished":"2016-10-06T18:34:52+00:00","dateModified":"2016-10-06T18:36:00+00:00","breadcrumb":{"@id":"https:\/\/www.naturalna-plodnosc.pl\/index.php\/ciaza\/przebieg-ciazy\/nowe-standardy-w-poloznictwie\/#breadcrumb"},"inLanguage":"pl-PL","potentialAction":[{"@type":"ReadAction","target":["https:\/\/www.naturalna-plodnosc.pl\/index.php\/ciaza\/przebieg-ciazy\/nowe-standardy-w-poloznictwie\/"]}]},{"@type":"ImageObject","inLanguage":"pl-PL","@id":"https:\/\/www.naturalna-plodnosc.pl\/index.php\/ciaza\/przebieg-ciazy\/nowe-standardy-w-poloznictwie\/#primaryimage","url":"http:\/\/www.naturalna-plodnosc.pl\/wp-content\/uploads\/2016\/10\/brzuszek-250x188.jpg","contentUrl":"http:\/\/www.naturalna-plodnosc.pl\/wp-content\/uploads\/2016\/10\/brzuszek-250x188.jpg"},{"@type":"BreadcrumbList","@id":"https:\/\/www.naturalna-plodnosc.pl\/index.php\/ciaza\/przebieg-ciazy\/nowe-standardy-w-poloznictwie\/#breadcrumb","itemListElement":[{"@type":"ListItem","position":1,"name":"Strona g\u0142\u00f3wna","item":"https:\/\/www.naturalna-plodnosc.pl\/"},{"@type":"ListItem","position":2,"name":"Ci\u0105\u017ca","item":"https:\/\/www.naturalna-plodnosc.pl\/index.php\/ciaza\/"},{"@type":"ListItem","position":3,"name":"Przebieg ci\u0105\u017cy","item":"https:\/\/www.naturalna-plodnosc.pl\/index.php\/ciaza\/przebieg-ciazy\/"},{"@type":"ListItem","position":4,"name":"Nowe standardy w po\u0142o\u017cnictwie"}]},{"@type":"WebSite","@id":"https:\/\/www.naturalna-plodnosc.pl\/#website","url":"https:\/\/www.naturalna-plodnosc.pl\/","name":"Naturalna P\u0142odno\u015b\u0107","description":"Antykoncepcja Bez Hormon\u00f3w i Planowanie Ci\u0105\u017cy","publisher":{"@id":"https:\/\/www.naturalna-plodnosc.pl\/#organization"},"potentialAction":[{"@type":"SearchAction","target":{"@type":"EntryPoint","urlTemplate":"https:\/\/www.naturalna-plodnosc.pl\/?s={search_term_string}"},"query-input":{"@type":"PropertyValueSpecification","valueRequired":true,"valueName":"search_term_string"}}],"inLanguage":"pl-PL"},{"@type":"Organization","@id":"https:\/\/www.naturalna-plodnosc.pl\/#organization","name":"Naturalna P\u0142odno\u015b\u0107","url":"https:\/\/www.naturalna-plodnosc.pl\/","logo":{"@type":"ImageObject","inLanguage":"pl-PL","@id":"https:\/\/www.naturalna-plodnosc.pl\/#\/schema\/logo\/image\/","url":"https:\/\/i2.wp.com\/www.naturalna-plodnosc.pl\/wp-content\/uploads\/2017\/10\/logo-Naturalna-Plodnosc_favicon.png?fit=68%2C78","contentUrl":"https:\/\/i2.wp.com\/www.naturalna-plodnosc.pl\/wp-content\/uploads\/2017\/10\/logo-Naturalna-Plodnosc_favicon.png?fit=68%2C78","width":68,"height":78,"caption":"Naturalna P\u0142odno\u015b\u0107"},"image":{"@id":"https:\/\/www.naturalna-plodnosc.pl\/#\/schema\/logo\/image\/"},"sameAs":["https:\/\/www.facebook.com\/NaturalnaPlodnosc\/","https:\/\/www.instagram.com\/naturalnaplodnosc.pl\/"]}]}},"jetpack_sharing_enabled":true,"jetpack_shortlink":"https:\/\/wp.me\/P763jt-1op","jetpack-related-posts":[{"id":8086,"url":"https:\/\/www.naturalna-plodnosc.pl\/index.php\/ciaza\/przebieg-ciazy\/lek-przed-porodem-jak-sobie-z-nim-poradzic\/","url_meta":{"origin":5357,"position":0},"title":"L\u0119k przed porodem- jak sobie  z nim poradzi\u0107?","author":"Joanna","date":"28 maja 2018","format":false,"excerpt":" L\u0119k przed porodem- jak sobie\u00a0 z nim poradzi\u0107? Oczekiwania momentu porodu sp\u0119dzaj\u0105 sen z powiek niejednej z nas \u2013 czy b\u0119dzie tak\u2026","rel":"","context":"Podobny wpis","block_context":{"text":"Podobny wpis","link":""},"img":{"alt_text":"","src":"http:\/\/www.naturalna-plodnosc.pl\/wp-content\/uploads\/2018\/05\/keyboard-114439_640-235x166.jpg","width":350,"height":200},"classes":[]},{"id":6873,"url":"https:\/\/www.naturalna-plodnosc.pl\/index.php\/ciaza\/przebieg-ciazy\/jakie-sa-prawa-przyslugujace-kobietom-w-ciazy\/","url_meta":{"origin":5357,"position":1},"title":"Jakie s\u0105 prawa przys\u0142uguj\u0105ce kobietom w ci\u0105\u017cy","author":"Joanna","date":"4 pa\u017adziernika 2017","format":false,"excerpt":" Jakie s\u0105 prawa przys\u0142uguj\u0105ce kobietom w ci\u0105\u017cy Nie od wczoraj wiadomo, \u017ce nieznajomo\u015b\u0107 prawa szkodzi. W szczeg\u00f3lno\u015bci\u2026","rel":"","context":"Podobny wpis","block_context":{"text":"Podobny wpis","link":""},"img":{"alt_text":"","src":"http:\/\/www.naturalna-plodnosc.pl\/wp-content\/uploads\/2017\/10\/justitia-2723660_640-166x250.jpg","width":350,"height":200},"classes":[]},{"id":20525,"url":"https:\/\/www.naturalna-plodnosc.pl\/index.php\/czy-brak-badan-w-ciazy-ma-wplyw-na-przedwczesny-porod\/","url_meta":{"origin":5357,"position":2},"title":"Czy brak bada\u0144 w ci\u0105\u017cy ma wp\u0142yw na przedwczesny por\u00f3d?","author":"Joanna","date":"24 wrze\u015bnia 2025","format":false,"excerpt":"Przedwczesny por\u00f3d, definiowany jako zako\u0144czenie ci\u0105\u017cy przed uko\u0144czeniem 37. tygodnia jej trwania, stanowi jedno z najpowa\u017cniejszych wyzwa\u0144 wsp\u00f3\u0142czesnej perinatologii i neonatologii. Jest to zjawisko o znacz\u0105cych konsekwencjach zar\u00f3wno zdrowotnych, jak i spo\u0142eczno-ekonomicznych. Dzieci urodzone przedwcze\u015bnie cz\u0119\u015bciej wymagaj\u0105 d\u0142ugotrwa\u0142ej hospitalizacji, s\u0105 bardziej nara\u017cone na wyst\u0105pienie powik\u0142a\u0144 oddechowych, neurologicznych czy metabolicznych, a\u2026","rel":"","context":"Podobny wpis","block_context":{"text":"Podobny wpis","link":""},"img":{"alt_text":"Czy brak bada\u0144 w ci\u0105\u017cy ma wp\u0142yw na przedwczesny por\u00f3d?","src":"https:\/\/www.naturalna-plodnosc.pl\/wp-content\/uploads\/2025\/09\/father-7601969_640-1-250x166.jpg","width":350,"height":200},"classes":[]},{"id":5941,"url":"https:\/\/www.naturalna-plodnosc.pl\/index.php\/ciaza\/przebieg-ciazy\/zalety-i-wady-prowadzenia-ciazy-przez-polozna\/","url_meta":{"origin":5357,"position":3},"title":"Zalety i wady prowadzenia ci\u0105\u017cy przez po\u0142o\u017cn\u0105.","author":"Joanna","date":"27 lutego 2017","format":false,"excerpt":" Zalety i wady prowadzenia ci\u0105\u017cy przez po\u0142o\u017cn\u0105 Ci\u0105\u017ca pod\u00a0 okiem ginekologa, czy po\u0142o\u017cnej? Na jak\u0105 opiek\u0119 powinna zdecydowa\u0107\u2026","rel":"","context":"Podobny wpis","block_context":{"text":"Podobny wpis","link":""},"img":{"alt_text":"adult-18604_640","src":"http:\/\/www.naturalna-plodnosc.pl\/wp-content\/uploads\/2016\/12\/adult-18604_640-250x166.jpg","width":350,"height":200},"classes":[]},{"id":20093,"url":"https:\/\/www.naturalna-plodnosc.pl\/index.php\/ciaza\/przebieg-ciazy\/przeciwwskazania-do-porodu-naturalnego\/","url_meta":{"origin":5357,"position":4},"title":"Przeciwwskazania do porodu naturalnego","author":"Joanna","date":"11 grudnia 2024","format":false,"excerpt":"Istniej\u0105 sytuacje, w kt\u00f3rych por\u00f3d naturalny mo\u017ce by\u0107 niewskazany lub wr\u0119cz niemo\u017cliwy. W takich przypadkach konieczne jest podj\u0119cie decyzji o cesarskim ci\u0119ciu w celu zapewnienia bezpiecze\u0144stwa zar\u00f3wno matce, jak i dziecku. W poni\u017cszym artykule om\u00f3wimy najcz\u0119stsze przeciwwskazania do porodu naturalnego. Kiedy por\u00f3d naturalny nie jest mo\u017cliwy? Kobiety cierpi\u0105ce na powa\u017cne\u2026","rel":"","context":"Podobny wpis","block_context":{"text":"Podobny wpis","link":""},"img":{"alt_text":"Przeciwwskazania do porodu naturalnego. ","src":"https:\/\/www.naturalna-plodnosc.pl\/wp-content\/uploads\/2024\/12\/baby-1531057_640-250x141.jpg","width":350,"height":200},"classes":[]},{"id":7153,"url":"https:\/\/www.naturalna-plodnosc.pl\/index.php\/ciaza\/przebieg-ciazy\/na-czym-polega-i-jak-wyglada-porod-naturalny\/","url_meta":{"origin":5357,"position":5},"title":"Na czym polega i jak wygl\u0105da por\u00f3d naturalny","author":"Joanna","date":"16 listopada 2017","format":false,"excerpt":" Na czym polega i jak wygl\u0105da por\u00f3d naturalny Moment porodu zbli\u017ca si\u0119 wielkimi krokami, a Ty jeste\u015b pe\u0142na niepokoju? Zadajesz sobie liczne\u2026","rel":"","context":"Podobny wpis","block_context":{"text":"Podobny wpis","link":""},"img":{"alt_text":"","src":"http:\/\/www.naturalna-plodnosc.pl\/wp-content\/uploads\/2017\/10\/birth-2747055_640.jpg","width":350,"height":200},"classes":[]}],"jetpack_likes_enabled":true,"_links":{"self":[{"href":"https:\/\/www.naturalna-plodnosc.pl\/index.php\/wp-json\/wp\/v2\/pages\/5357","targetHints":{"allow":["GET"]}}],"collection":[{"href":"https:\/\/www.naturalna-plodnosc.pl\/index.php\/wp-json\/wp\/v2\/pages"}],"about":[{"href":"https:\/\/www.naturalna-plodnosc.pl\/index.php\/wp-json\/wp\/v2\/types\/page"}],"author":[{"embeddable":true,"href":"https:\/\/www.naturalna-plodnosc.pl\/index.php\/wp-json\/wp\/v2\/users\/1"}],"replies":[{"embeddable":true,"href":"https:\/\/www.naturalna-plodnosc.pl\/index.php\/wp-json\/wp\/v2\/comments?post=5357"}],"version-history":[{"count":0,"href":"https:\/\/www.naturalna-plodnosc.pl\/index.php\/wp-json\/wp\/v2\/pages\/5357\/revisions"}],"up":[{"embeddable":true,"href":"https:\/\/www.naturalna-plodnosc.pl\/index.php\/wp-json\/wp\/v2\/pages\/145"}],"wp:attachment":[{"href":"https:\/\/www.naturalna-plodnosc.pl\/index.php\/wp-json\/wp\/v2\/media?parent=5357"}],"curies":[{"name":"wp","href":"https:\/\/api.w.org\/{rel}","templated":true}]}}