{"id":18474,"date":"2023-10-20T21:47:51","date_gmt":"2023-10-20T19:47:51","guid":{"rendered":"http:\/\/www.naturalna-plodnosc.pl\/?page_id=18474"},"modified":"2023-10-20T21:47:51","modified_gmt":"2023-10-20T19:47:51","slug":"co-to-sa-miesniaki-macicy-przyczyny-i-jak-leczyc","status":"publish","type":"page","link":"https:\/\/www.naturalna-plodnosc.pl\/index.php\/zdrowie\/co-to-sa-miesniaki-macicy-przyczyny-i-jak-leczyc\/","title":{"rendered":"Co to s\u0105 mi\u0119\u015bniaki macicy &#8211; przyczyny i jak leczy\u0107?"},"content":{"rendered":"<div id=\"attachment_18475\" style=\"width: 176px\" class=\"wp-caption alignleft\"><img loading=\"lazy\" decoding=\"async\" aria-describedby=\"caption-attachment-18475\" data-attachment-id=\"18475\" data-permalink=\"https:\/\/www.naturalna-plodnosc.pl\/index.php\/zdrowie\/co-to-sa-miesniaki-macicy-przyczyny-i-jak-leczyc\/fibroids-2947712_640-2\/\" data-orig-file=\"https:\/\/www.naturalna-plodnosc.pl\/wp-content\/uploads\/2023\/10\/fibroids-2947712_640.jpg\" data-orig-size=\"640,640\" data-comments-opened=\"1\" data-image-meta=\"{&quot;aperture&quot;:&quot;0&quot;,&quot;credit&quot;:&quot;&quot;,&quot;camera&quot;:&quot;&quot;,&quot;caption&quot;:&quot;&quot;,&quot;created_timestamp&quot;:&quot;0&quot;,&quot;copyright&quot;:&quot;&quot;,&quot;focal_length&quot;:&quot;0&quot;,&quot;iso&quot;:&quot;0&quot;,&quot;shutter_speed&quot;:&quot;0&quot;,&quot;title&quot;:&quot;&quot;,&quot;orientation&quot;:&quot;0&quot;}\" data-image-title=\"Mi\u0119\u015bniaki macicy\" data-image-description=\"&lt;p&gt;Mi\u0119\u015bniaki macicy&lt;\/p&gt;\n\" data-image-caption=\"&lt;p&gt;Mi\u0119\u015bniaki macicy&lt;\/p&gt;\n\" data-large-file=\"https:\/\/www.naturalna-plodnosc.pl\/wp-content\/uploads\/2023\/10\/fibroids-2947712_640.jpg\" class=\"size-medium wp-image-18475\" src=\"http:\/\/www.naturalna-plodnosc.pl\/wp-content\/uploads\/2023\/10\/fibroids-2947712_640-166x166.jpg\" alt=\"Mi\u0119\u015bniaki macicy\" width=\"166\" height=\"166\" \/><p id=\"caption-attachment-18475\" class=\"wp-caption-text\">Mi\u0119\u015bniaki macicy<\/p><\/div>\n<p>Mi\u0119\u015bniaki macicy to nienowotworowe zmiany w obr\u0119bie macicy. Rzadko przekszta\u0142caj\u0105 si\u0119 w raka. Jakie s\u0105 ich przyczyny? Jak wygl\u0105da leczenie?<\/p>\n<h2>Czym s\u0105 mi\u0119\u015bniaki macicy?<\/h2>\n<p>Mi\u0119\u015bniaki macicy to nienowotworowe guzy, kt\u00f3re rosn\u0105 w macicy i wok\u00f3\u0142 niej. Rozwijaj\u0105 si\u0119 z tkanki mi\u0119\u015bniowej tego narz\u0105du. Mog\u0105 r\u00f3wnie\u017c rosn\u0105\u0107 w jajowodach, szyjce macicy lub innych tkankach w pobli\u017cu macicy.<\/p>\n<p>Zmiany mog\u0105 mie\u0107 r\u00f3\u017cn\u0105 wielko\u015b\u0107, od tak ma\u0142ych, \u017ce nie wida\u0107 ich go\u0142ym okiem, a\u017c do wielko\u015bci mandarynki. Mo\u017cliwe jest posiadanie jednego lub wielu, zbitych w grup\u0119 mi\u0119\u015bniak\u00f3w. Wi\u0119kszo\u015b\u0107 zmian nie wymaga leczenia, jednak zawsze lepiej w ich sprawie skonsultowa\u0107 si\u0119 ze specjalist\u0105.<\/p>\n<p>Mi\u0119\u015bniaki macicy zwykle pojawiaj\u0105 si\u0119 w wieku rozrodczym \u2013 zazwyczaj w wieku 30-40 lat \u2013 ale mog\u0105 pojawi\u0107 si\u0119 r\u00f3wnie\u017c wcze\u015bniej lub p\u00f3\u017aniej.<\/p>\n<p>Do najcz\u0119stszych objaw\u00f3w mi\u0119\u015bniak\u00f3w macicy zalicza si\u0119:<\/p>\n<ul>\n<li>Ci\u0119\u017ckie, d\u0142ugie lub bolesne miesi\u0105czki<\/li>\n<li>B\u00f3l w dolnej cz\u0119\u015bci brzucha lub plec\u00f3w<\/li>\n<li>Bolesny seks<\/li>\n<li>Cz\u0119ste oddawanie moczu<\/li>\n<li>Dyskomfort w odbytnicy<\/li>\n<\/ul>\n<h2>Mi\u0119\u015bniaki macicy \u2013 przyczyny<\/h2>\n<p>Eksperci nie wiedz\u0105 dok\u0142adnie, dlaczego mi\u0119\u015bniaki si\u0119 rozwijaj\u0105. Niemniej hormony i genetyka mog\u0105 zwi\u0119ksza\u0107 prawdopodobie\u0144stwo ich wyst\u0105pienia.<\/p>\n<p>Estrogen i progesteron to hormony, kt\u00f3re powoduj\u0105, \u017ce b\u0142ona \u015bluzowa macicy pogrubia si\u0119 co cykl menstruacyjny. Wydaje si\u0119, \u017ce wp\u0142ywaj\u0105 one r\u00f3wnie\u017c na rozw\u00f3j mi\u0119\u015bniak\u00f3w. Kiedy w okresie menopauzy produkcja hormon\u00f3w spada, mi\u0119\u015bniaki zwykle zmniejszaj\u0105 si\u0119, co zdaje si\u0119 potwierdza\u0107 t\u0119 hipotez\u0119.<\/p>\n<p>Naukowcy odkryli r\u00f3wnie\u017c r\u00f3\u017cnice genetyczne mi\u0119dzy mi\u0119\u015bniakami a normalnymi kom\u00f3rkami macicy. Przyk\u0142adowo substancje obecne w organizmie, kt\u00f3re pomagaj\u0105 w utrzymaniu tkanek, takie jak insulinopodobny czynnik wzrostu, mog\u0105 odgrywa\u0107 rol\u0119 we wzro\u015bcie mi\u0119\u015bniak\u00f3w.<\/p>\n<h2>Mi\u0119\u015bniaki macicy \u2013 jak leczy\u0107?<\/h2>\n<p>Je\u015bli odczuwasz wy\u017cej opisane objawy lub pr\u00f3bujesz zaj\u015b\u0107 w ci\u0105\u017c\u0119, porozmawiaj ze swoim lekarzem.<\/p>\n<p>Mi\u0119\u015bniaki macicy odkrywa si\u0119 zwykle podczas badania ginekologicznego, USG miednicy,\u00a0 histeroskopii czy laparoskopii lub podczas operacji z powodu innych schorze\u0144.<\/p>\n<p>Te zmiany zwykle nie wymagaj\u0105 leczenia, chyba \u017ce powoduj\u0105 uci\u0105\u017cliwe objawy lub powik\u0142ania. Rodzaj leczenia b\u0119dzie zale\u017ce\u0107 od objaw\u00f3w oraz po\u0142o\u017cenia i wielko\u015bci mi\u0119\u015bniaka.<\/p>\n<p>Opcje leczenia obejmuj\u0105:<\/p>\n<ul>\n<li>leki hormonalne, kt\u00f3re zmniejszaj\u0105 zmiany<\/li>\n<li>urz\u0105dzenia uwalniaj\u0105ce hormony, umieszczane w macicy, kt\u00f3re skracaj\u0105 obfite miesi\u0105czki<\/li>\n<li>embolizacj\u0119 t\u0119tnicy macicznej, kt\u00f3ra powoduje obkurczenie mi\u0119\u015bniaka poprzez zablokowanie jego dop\u0142ywu krwi<\/li>\n<li>chirurgiczne usuni\u0119cie mi\u0119\u015bniaka<\/li>\n<li>skupione fale ultrad\u017awi\u0119kowe o du\u017cej intensywno\u015bci w celu zniszczenia mi\u0119\u015bniaka<\/li>\n<li>usuni\u0119cie cz\u0119\u015bci lub ca\u0142o\u015bci macicy (histerektomia) \u2013 zwykle tylko u kobiet, kt\u00f3re za\u0142o\u017cy\u0142y rodzin\u0119 lub nie chc\u0105 mie\u0107 wi\u0119cej dzieci<\/li>\n<\/ul>\n<p>Mi\u0119\u015bniaki rzadko maj\u0105 charakter nowotworowy. Kiedy zmiana ma charakter nowotworowy, okre\u015bla si\u0119 go mianem mi\u0119\u015bniakomi\u0119saka g\u0142adkokom\u00f3rkowego, kt\u00f3ry jest rodzajem nowotworu atakuj\u0105cego mi\u0119\u015bnie g\u0142adkie. Zwykle ten typ raka nie wyst\u0119puje w przypadku mi\u0119\u015bniaka, kt\u00f3ry ju\u017c istnieje, a posiadanie mi\u0119\u015bniak\u00f3w macicy nie zwi\u0119ksza ryzyka ostatecznego wyst\u0105pienia mi\u0119\u015bniaka nowotworowego lub rozwoju innych typ\u00f3w raka macicy.<\/p>\n<p>Przeczytaj tak\u017ce:<\/p>\n<p><a href=\"http:\/\/www.diafragmacaya.pl\/\">Wk\u0142adka antykoncepcyjna Diafragma Caya do samodzielnego stosowania, odpowiednia dla 98% kobiet<\/a><\/p>\n<p><a href=\"http:\/\/cyclotest-polska.pl\/monitor-plodnosci-cyclotest-mysense\/\">Monitor p\u0142odno\u015bci do wyznaczania dni p\u0142odnych i owulacji na smartfon. Certyfikowana aplikacja antykoncepcyjna. Wyr\u00f3b medyczny.<\/a><\/p>\n<p><a href=\"http:\/\/beppy.pl\/tampony-beppy-tampony-do-seksu-podczas-okresu\/\">Tampony BEPPY bez sznureczk\u00f3w do sauny, na basen i fitness a tak\u017ce do seksu podczas okresu<\/a><\/p>\n<p>&nbsp;<\/p>\n","protected":false},"excerpt":{"rendered":"<p>Mi\u0119\u015bniaki macicy to nienowotworowe zmiany w obr\u0119bie macicy. Rzadko przekszta\u0142caj\u0105 si\u0119 w raka. Jakie s\u0105 ich przyczyny? Jak wygl\u0105da leczenie? Czym s\u0105 mi\u0119\u015bniaki macicy? Mi\u0119\u015bniaki macicy to nienowotworowe guzy, kt\u00f3re rosn\u0105 w macicy i wok\u00f3\u0142 niej. Rozwijaj\u0105 si\u0119 z tkanki mi\u0119\u015bniowej tego narz\u0105du. Mog\u0105 r\u00f3wnie\u017c rosn\u0105\u0107 w jajowodach, szyjce macicy lub innych tkankach w pobli\u017cu [&hellip;]<\/p>\n","protected":false},"author":1,"featured_media":0,"parent":155,"menu_order":0,"comment_status":"closed","ping_status":"closed","template":"","meta":{"_et_pb_use_builder":"","_et_pb_old_content":"","_et_gb_content_width":"","footnotes":""},"class_list":["post-18474","page","type-page","status-publish","hentry"],"yoast_head":"<!-- This site is optimized with the Yoast SEO plugin v27.4 - https:\/\/yoast.com\/product\/yoast-seo-wordpress\/ -->\n<title>Co to s\u0105 mi\u0119\u015bniaki macicy - przyczyny i jak leczy\u0107? - Naturalna P\u0142odno\u015b\u0107<\/title>\n<meta name=\"description\" content=\"Czym s\u0105 mi\u0119\u015bniaki macicy? Jakie s\u0105 przyczyny ich powstania? Jak leczy\u0107 mi\u0119\u015bniaki macicy? Dowiedz si\u0119 wi\u0119cej\" \/>\n<meta name=\"robots\" content=\"index, follow, max-snippet:-1, max-image-preview:large, max-video-preview:-1\" \/>\n<link rel=\"canonical\" href=\"https:\/\/www.naturalna-plodnosc.pl\/index.php\/zdrowie\/co-to-sa-miesniaki-macicy-przyczyny-i-jak-leczyc\/\" \/>\n<meta property=\"og:locale\" content=\"pl_PL\" \/>\n<meta property=\"og:type\" content=\"article\" \/>\n<meta property=\"og:title\" content=\"Co to s\u0105 mi\u0119\u015bniaki macicy - przyczyny i jak leczy\u0107? - Naturalna P\u0142odno\u015b\u0107\" \/>\n<meta property=\"og:description\" content=\"Czym s\u0105 mi\u0119\u015bniaki macicy? Jakie s\u0105 przyczyny ich powstania? Jak leczy\u0107 mi\u0119\u015bniaki macicy? Dowiedz si\u0119 wi\u0119cej\" \/>\n<meta property=\"og:url\" content=\"https:\/\/www.naturalna-plodnosc.pl\/index.php\/zdrowie\/co-to-sa-miesniaki-macicy-przyczyny-i-jak-leczyc\/\" \/>\n<meta property=\"og:site_name\" content=\"Naturalna P\u0142odno\u015b\u0107\" \/>\n<meta property=\"article:publisher\" content=\"https:\/\/www.facebook.com\/NaturalnaPlodnosc\/\" \/>\n<meta property=\"og:image\" content=\"http:\/\/www.naturalna-plodnosc.pl\/wp-content\/uploads\/2023\/10\/fibroids-2947712_640-166x166.jpg\" \/>\n<meta name=\"twitter:card\" content=\"summary_large_image\" \/>\n<meta name=\"twitter:label1\" content=\"Szacowany czas czytania\" \/>\n\t<meta name=\"twitter:data1\" content=\"3 minuty\" \/>\n<script type=\"application\/ld+json\" class=\"yoast-schema-graph\">{\"@context\":\"https:\\\/\\\/schema.org\",\"@graph\":[{\"@type\":\"WebPage\",\"@id\":\"https:\\\/\\\/www.naturalna-plodnosc.pl\\\/index.php\\\/zdrowie\\\/co-to-sa-miesniaki-macicy-przyczyny-i-jak-leczyc\\\/\",\"url\":\"https:\\\/\\\/www.naturalna-plodnosc.pl\\\/index.php\\\/zdrowie\\\/co-to-sa-miesniaki-macicy-przyczyny-i-jak-leczyc\\\/\",\"name\":\"Co to s\u0105 mi\u0119\u015bniaki macicy - przyczyny i jak leczy\u0107? - Naturalna P\u0142odno\u015b\u0107\",\"isPartOf\":{\"@id\":\"https:\\\/\\\/www.naturalna-plodnosc.pl\\\/#website\"},\"primaryImageOfPage\":{\"@id\":\"https:\\\/\\\/www.naturalna-plodnosc.pl\\\/index.php\\\/zdrowie\\\/co-to-sa-miesniaki-macicy-przyczyny-i-jak-leczyc\\\/#primaryimage\"},\"image\":{\"@id\":\"https:\\\/\\\/www.naturalna-plodnosc.pl\\\/index.php\\\/zdrowie\\\/co-to-sa-miesniaki-macicy-przyczyny-i-jak-leczyc\\\/#primaryimage\"},\"thumbnailUrl\":\"http:\\\/\\\/www.naturalna-plodnosc.pl\\\/wp-content\\\/uploads\\\/2023\\\/10\\\/fibroids-2947712_640-166x166.jpg\",\"datePublished\":\"2023-10-20T19:47:51+00:00\",\"description\":\"Czym s\u0105 mi\u0119\u015bniaki macicy? Jakie s\u0105 przyczyny ich powstania? Jak leczy\u0107 mi\u0119\u015bniaki macicy? Dowiedz si\u0119 wi\u0119cej\",\"breadcrumb\":{\"@id\":\"https:\\\/\\\/www.naturalna-plodnosc.pl\\\/index.php\\\/zdrowie\\\/co-to-sa-miesniaki-macicy-przyczyny-i-jak-leczyc\\\/#breadcrumb\"},\"inLanguage\":\"pl-PL\",\"potentialAction\":[{\"@type\":\"ReadAction\",\"target\":[\"https:\\\/\\\/www.naturalna-plodnosc.pl\\\/index.php\\\/zdrowie\\\/co-to-sa-miesniaki-macicy-przyczyny-i-jak-leczyc\\\/\"]}]},{\"@type\":\"ImageObject\",\"inLanguage\":\"pl-PL\",\"@id\":\"https:\\\/\\\/www.naturalna-plodnosc.pl\\\/index.php\\\/zdrowie\\\/co-to-sa-miesniaki-macicy-przyczyny-i-jak-leczyc\\\/#primaryimage\",\"url\":\"https:\\\/\\\/www.naturalna-plodnosc.pl\\\/wp-content\\\/uploads\\\/2023\\\/10\\\/fibroids-2947712_640.jpg\",\"contentUrl\":\"https:\\\/\\\/www.naturalna-plodnosc.pl\\\/wp-content\\\/uploads\\\/2023\\\/10\\\/fibroids-2947712_640.jpg\",\"width\":640,\"height\":640,\"caption\":\"Mi\u0119\u015bniaki macicy\"},{\"@type\":\"BreadcrumbList\",\"@id\":\"https:\\\/\\\/www.naturalna-plodnosc.pl\\\/index.php\\\/zdrowie\\\/co-to-sa-miesniaki-macicy-przyczyny-i-jak-leczyc\\\/#breadcrumb\",\"itemListElement\":[{\"@type\":\"ListItem\",\"position\":1,\"name\":\"Strona g\u0142\u00f3wna\",\"item\":\"https:\\\/\\\/www.naturalna-plodnosc.pl\\\/\"},{\"@type\":\"ListItem\",\"position\":2,\"name\":\"Zdrowie\",\"item\":\"https:\\\/\\\/www.naturalna-plodnosc.pl\\\/index.php\\\/zdrowie\\\/\"},{\"@type\":\"ListItem\",\"position\":3,\"name\":\"Co to s\u0105 mi\u0119\u015bniaki macicy &#8211; przyczyny i jak leczy\u0107?\"}]},{\"@type\":\"WebSite\",\"@id\":\"https:\\\/\\\/www.naturalna-plodnosc.pl\\\/#website\",\"url\":\"https:\\\/\\\/www.naturalna-plodnosc.pl\\\/\",\"name\":\"Naturalna P\u0142odno\u015b\u0107\",\"description\":\"Antykoncepcja Bez Hormon\u00f3w i Planowanie Ci\u0105\u017cy\",\"publisher\":{\"@id\":\"https:\\\/\\\/www.naturalna-plodnosc.pl\\\/#organization\"},\"potentialAction\":[{\"@type\":\"SearchAction\",\"target\":{\"@type\":\"EntryPoint\",\"urlTemplate\":\"https:\\\/\\\/www.naturalna-plodnosc.pl\\\/?s={search_term_string}\"},\"query-input\":{\"@type\":\"PropertyValueSpecification\",\"valueRequired\":true,\"valueName\":\"search_term_string\"}}],\"inLanguage\":\"pl-PL\"},{\"@type\":\"Organization\",\"@id\":\"https:\\\/\\\/www.naturalna-plodnosc.pl\\\/#organization\",\"name\":\"Naturalna P\u0142odno\u015b\u0107\",\"url\":\"https:\\\/\\\/www.naturalna-plodnosc.pl\\\/\",\"logo\":{\"@type\":\"ImageObject\",\"inLanguage\":\"pl-PL\",\"@id\":\"https:\\\/\\\/www.naturalna-plodnosc.pl\\\/#\\\/schema\\\/logo\\\/image\\\/\",\"url\":\"https:\\\/\\\/i2.wp.com\\\/www.naturalna-plodnosc.pl\\\/wp-content\\\/uploads\\\/2017\\\/10\\\/logo-Naturalna-Plodnosc_favicon.png?fit=68%2C78\",\"contentUrl\":\"https:\\\/\\\/i2.wp.com\\\/www.naturalna-plodnosc.pl\\\/wp-content\\\/uploads\\\/2017\\\/10\\\/logo-Naturalna-Plodnosc_favicon.png?fit=68%2C78\",\"width\":68,\"height\":78,\"caption\":\"Naturalna P\u0142odno\u015b\u0107\"},\"image\":{\"@id\":\"https:\\\/\\\/www.naturalna-plodnosc.pl\\\/#\\\/schema\\\/logo\\\/image\\\/\"},\"sameAs\":[\"https:\\\/\\\/www.facebook.com\\\/NaturalnaPlodnosc\\\/\",\"https:\\\/\\\/www.instagram.com\\\/naturalnaplodnosc.pl\\\/\"]}]}<\/script>\n<!-- \/ Yoast SEO plugin. -->","yoast_head_json":{"title":"Co to s\u0105 mi\u0119\u015bniaki macicy - przyczyny i jak leczy\u0107? - Naturalna P\u0142odno\u015b\u0107","description":"Czym s\u0105 mi\u0119\u015bniaki macicy? Jakie s\u0105 przyczyny ich powstania? Jak leczy\u0107 mi\u0119\u015bniaki macicy? Dowiedz si\u0119 wi\u0119cej","robots":{"index":"index","follow":"follow","max-snippet":"max-snippet:-1","max-image-preview":"max-image-preview:large","max-video-preview":"max-video-preview:-1"},"canonical":"https:\/\/www.naturalna-plodnosc.pl\/index.php\/zdrowie\/co-to-sa-miesniaki-macicy-przyczyny-i-jak-leczyc\/","og_locale":"pl_PL","og_type":"article","og_title":"Co to s\u0105 mi\u0119\u015bniaki macicy - przyczyny i jak leczy\u0107? - Naturalna P\u0142odno\u015b\u0107","og_description":"Czym s\u0105 mi\u0119\u015bniaki macicy? Jakie s\u0105 przyczyny ich powstania? Jak leczy\u0107 mi\u0119\u015bniaki macicy? Dowiedz si\u0119 wi\u0119cej","og_url":"https:\/\/www.naturalna-plodnosc.pl\/index.php\/zdrowie\/co-to-sa-miesniaki-macicy-przyczyny-i-jak-leczyc\/","og_site_name":"Naturalna P\u0142odno\u015b\u0107","article_publisher":"https:\/\/www.facebook.com\/NaturalnaPlodnosc\/","og_image":[{"url":"http:\/\/www.naturalna-plodnosc.pl\/wp-content\/uploads\/2023\/10\/fibroids-2947712_640-166x166.jpg","type":"","width":"","height":""}],"twitter_card":"summary_large_image","twitter_misc":{"Szacowany czas czytania":"3 minuty"},"schema":{"@context":"https:\/\/schema.org","@graph":[{"@type":"WebPage","@id":"https:\/\/www.naturalna-plodnosc.pl\/index.php\/zdrowie\/co-to-sa-miesniaki-macicy-przyczyny-i-jak-leczyc\/","url":"https:\/\/www.naturalna-plodnosc.pl\/index.php\/zdrowie\/co-to-sa-miesniaki-macicy-przyczyny-i-jak-leczyc\/","name":"Co to s\u0105 mi\u0119\u015bniaki macicy - przyczyny i jak leczy\u0107? - Naturalna P\u0142odno\u015b\u0107","isPartOf":{"@id":"https:\/\/www.naturalna-plodnosc.pl\/#website"},"primaryImageOfPage":{"@id":"https:\/\/www.naturalna-plodnosc.pl\/index.php\/zdrowie\/co-to-sa-miesniaki-macicy-przyczyny-i-jak-leczyc\/#primaryimage"},"image":{"@id":"https:\/\/www.naturalna-plodnosc.pl\/index.php\/zdrowie\/co-to-sa-miesniaki-macicy-przyczyny-i-jak-leczyc\/#primaryimage"},"thumbnailUrl":"http:\/\/www.naturalna-plodnosc.pl\/wp-content\/uploads\/2023\/10\/fibroids-2947712_640-166x166.jpg","datePublished":"2023-10-20T19:47:51+00:00","description":"Czym s\u0105 mi\u0119\u015bniaki macicy? Jakie s\u0105 przyczyny ich powstania? Jak leczy\u0107 mi\u0119\u015bniaki macicy? Dowiedz si\u0119 wi\u0119cej","breadcrumb":{"@id":"https:\/\/www.naturalna-plodnosc.pl\/index.php\/zdrowie\/co-to-sa-miesniaki-macicy-przyczyny-i-jak-leczyc\/#breadcrumb"},"inLanguage":"pl-PL","potentialAction":[{"@type":"ReadAction","target":["https:\/\/www.naturalna-plodnosc.pl\/index.php\/zdrowie\/co-to-sa-miesniaki-macicy-przyczyny-i-jak-leczyc\/"]}]},{"@type":"ImageObject","inLanguage":"pl-PL","@id":"https:\/\/www.naturalna-plodnosc.pl\/index.php\/zdrowie\/co-to-sa-miesniaki-macicy-przyczyny-i-jak-leczyc\/#primaryimage","url":"https:\/\/www.naturalna-plodnosc.pl\/wp-content\/uploads\/2023\/10\/fibroids-2947712_640.jpg","contentUrl":"https:\/\/www.naturalna-plodnosc.pl\/wp-content\/uploads\/2023\/10\/fibroids-2947712_640.jpg","width":640,"height":640,"caption":"Mi\u0119\u015bniaki macicy"},{"@type":"BreadcrumbList","@id":"https:\/\/www.naturalna-plodnosc.pl\/index.php\/zdrowie\/co-to-sa-miesniaki-macicy-przyczyny-i-jak-leczyc\/#breadcrumb","itemListElement":[{"@type":"ListItem","position":1,"name":"Strona g\u0142\u00f3wna","item":"https:\/\/www.naturalna-plodnosc.pl\/"},{"@type":"ListItem","position":2,"name":"Zdrowie","item":"https:\/\/www.naturalna-plodnosc.pl\/index.php\/zdrowie\/"},{"@type":"ListItem","position":3,"name":"Co to s\u0105 mi\u0119\u015bniaki macicy &#8211; przyczyny i jak leczy\u0107?"}]},{"@type":"WebSite","@id":"https:\/\/www.naturalna-plodnosc.pl\/#website","url":"https:\/\/www.naturalna-plodnosc.pl\/","name":"Naturalna P\u0142odno\u015b\u0107","description":"Antykoncepcja Bez Hormon\u00f3w i Planowanie Ci\u0105\u017cy","publisher":{"@id":"https:\/\/www.naturalna-plodnosc.pl\/#organization"},"potentialAction":[{"@type":"SearchAction","target":{"@type":"EntryPoint","urlTemplate":"https:\/\/www.naturalna-plodnosc.pl\/?s={search_term_string}"},"query-input":{"@type":"PropertyValueSpecification","valueRequired":true,"valueName":"search_term_string"}}],"inLanguage":"pl-PL"},{"@type":"Organization","@id":"https:\/\/www.naturalna-plodnosc.pl\/#organization","name":"Naturalna P\u0142odno\u015b\u0107","url":"https:\/\/www.naturalna-plodnosc.pl\/","logo":{"@type":"ImageObject","inLanguage":"pl-PL","@id":"https:\/\/www.naturalna-plodnosc.pl\/#\/schema\/logo\/image\/","url":"https:\/\/i2.wp.com\/www.naturalna-plodnosc.pl\/wp-content\/uploads\/2017\/10\/logo-Naturalna-Plodnosc_favicon.png?fit=68%2C78","contentUrl":"https:\/\/i2.wp.com\/www.naturalna-plodnosc.pl\/wp-content\/uploads\/2017\/10\/logo-Naturalna-Plodnosc_favicon.png?fit=68%2C78","width":68,"height":78,"caption":"Naturalna P\u0142odno\u015b\u0107"},"image":{"@id":"https:\/\/www.naturalna-plodnosc.pl\/#\/schema\/logo\/image\/"},"sameAs":["https:\/\/www.facebook.com\/NaturalnaPlodnosc\/","https:\/\/www.instagram.com\/naturalnaplodnosc.pl\/"]}]}},"jetpack_sharing_enabled":true,"jetpack_shortlink":"https:\/\/wp.me\/P763jt-4NY","jetpack-related-posts":[{"id":13344,"url":"https:\/\/www.naturalna-plodnosc.pl\/index.php\/ciaza\/planowanie-ciazy\/czy-miesniaki-maja-wplyw-na-ciaze\/","url_meta":{"origin":18474,"position":0},"title":"Czy mi\u0119\u015bniaki maj\u0105 wp\u0142yw na ci\u0105\u017c\u0119?","author":"Joanna","date":"2 maja 2022","format":false,"excerpt":"Mi\u0119\u015bniaki to \u0142agodne zmiany. Najcz\u0119\u015bciej pojawiaj\u0105 si\u0119 u kobiet od 35. do 55. roku \u017cycia. Mog\u0105 jednak wyst\u0119powa\u0107 r\u00f3wnie\u017c u m\u0142odszych. Czym s\u0105? Czy mi\u0119\u015bniaki maj\u0105 wp\u0142yw na ci\u0105\u017c\u0119? Czym s\u0105 mi\u0119\u015bniaki? Mi\u0119\u015bniaki macicy to \u0142agodne (nienowotworowe) guzy tkanki mi\u0119\u015bniowej macicy Wyst\u0119puj\u0105, gdy pojedyncza kom\u00f3rka mi\u0119\u015bniowa w \u015bcianie macicy namna\u017ca\u2026","rel":"","context":"Podobny wpis","block_context":{"text":"Podobny wpis","link":""},"img":{"alt_text":"Czy mi\u0119\u015bniaki maj\u0105 wp\u0142yw na ci\u0105\u017c\u0119?","src":"http:\/\/www.naturalna-plodnosc.pl\/wp-content\/uploads\/2022\/05\/pregnant-g5ba562376_640-250x166.jpg","width":350,"height":200},"classes":[]},{"id":11305,"url":"https:\/\/www.naturalna-plodnosc.pl\/index.php\/ciaza\/planowanie-ciazy\/miesniaki-w-ciazy-czy-miesniaki-sa-zagrozeniem-dla-ciazy-i-plodu\/","url_meta":{"origin":18474,"position":1},"title":"Mi\u0119\u015bniaki w ci\u0105\u017cy. Czy mi\u0119\u015bniaki s\u0105 zagro\u017ceniem dla ci\u0105\u017cy i p\u0142odu?","author":"Joanna","date":"19 listopada 2020","format":false,"excerpt":"Mi\u0119\u015bniaki macicy to \u0142agodne nowotwory, kt\u00f3re tylko w ma\u0142ym odsetku mog\u0105 przekszta\u0142ci\u0107 si\u0119 w nowotwory z\u0142o\u015bliwe- tzw. mi\u0119saki. Rozpoznanie ich odbywa si\u0119 na podstawie dopochwowego badania USG a tak\u017ce rezonansu magnetycznego i tomografii komputerowej. Maj\u0105 one najcz\u0119\u015bciej pod\u0142o\u017ce genetyczne a ich powstanie opiera si\u0119 na namna\u017caniu kom\u00f3rek mi\u0119\u015bnia macicy. Rzadko\u2026","rel":"","context":"Podobny wpis","block_context":{"text":"Podobny wpis","link":""},"img":{"alt_text":"Mi\u0119\u015bniaki macicy","src":"http:\/\/www.naturalna-plodnosc.pl\/wp-content\/uploads\/2020\/11\/fibroids-2947712_640-1-166x166.jpg","width":350,"height":200},"classes":[]},{"id":7439,"url":"https:\/\/www.naturalna-plodnosc.pl\/index.php\/zdrowie\/miesniaki-czym-sa-kiedy-wystepuja-i-jak-je-leczyc\/","url_meta":{"origin":18474,"position":2},"title":"Mi\u0119\u015bniaki: czym s\u0105, kiedy wyst\u0119puj\u0105 i jak je leczy\u0107?","author":"Joanna","date":"14 grudnia 2017","format":false,"excerpt":"Mi\u0119\u015bniaki: czym s\u0105, kiedy wyst\u0119puj\u0105 i jak je leczy\u0107? Zazwyczaj maj\u0105 posta\u0107 ma\u0142ych, niegro\u017anych guzk\u00f3w \u00a0wyst\u0119puj\u0105cych w obr\u0119bie macicy.\u00a0 Kszta\u0142tuj\u0105 si\u0119 powoli i przez d\u0142ugi okres czasu, najcz\u0119\u015bciej w wieku rozrodczym. Niekt\u00f3re kobiety nie odczuwaj\u0105 w zwi\u0105zku z nimi \u017cadnych dolegliwo\u015bci objawowych. Cho\u0107 nie s\u0105 gro\u017ane dla zdrowia, nale\u017cy kontrolowa\u0107,\u2026","rel":"","context":"Podobny wpis","block_context":{"text":"Podobny wpis","link":""},"img":{"alt_text":"","src":"http:\/\/www.naturalna-plodnosc.pl\/wp-content\/uploads\/2017\/12\/fibroids-2947712_640-166x166.jpg","width":350,"height":200},"classes":[]},{"id":9570,"url":"https:\/\/www.naturalna-plodnosc.pl\/index.php\/zdrowie\/antykoncepcja-a-miesniaki-macicy\/","url_meta":{"origin":18474,"position":3},"title":"Antykoncepcja a mi\u0119\u015bniaki macicy","author":"Joanna","date":"2 czerwca 2019","format":false,"excerpt":"Mi\u0119\u015bniaki to niedu\u017cej wielko\u015bci guzy, kt\u00f3re pojawiaj\u0105 si\u0119 w obr\u0119bie macicy. Zwykle wyst\u0119puj\u0105 w skupisku kilku lub kilkunastu guz\u00f3w w okolicach jednego miejsca. Z regu\u0142y nie s\u0105 gro\u017ane, ale wi\u0119ksze guzy mog\u0105 doprowadzi\u0107 do zniekszta\u0142cenia\u2026","rel":"","context":"Podobny wpis","block_context":{"text":"Podobny wpis","link":""},"img":{"alt_text":"Mi\u0119\u015bniaki macicy","src":"http:\/\/www.naturalna-plodnosc.pl\/wp-content\/uploads\/2019\/06\/fibroids-2947712_640-1-166x166.jpg","width":350,"height":200},"classes":[]},{"id":20167,"url":"https:\/\/www.naturalna-plodnosc.pl\/index.php\/zdrowie\/przyczyny-dlugich-i-obfitych-miesiaczek\/","url_meta":{"origin":18474,"position":4},"title":"Przyczyny d\u0142ugich i obfitych miesi\u0105czek","author":"Joanna","date":"21 stycznia 2025","format":false,"excerpt":"D\u0142ugie i obfite miesi\u0105czki, znane w terminologii medycznej jako menorrhagia, to problem, z kt\u00f3rym zmaga si\u0119 wiele kobiet na r\u00f3\u017cnych etapach \u017cycia. Problem ten nie tylko wp\u0142ywa na jako\u015b\u0107 \u017cycia, ale mo\u017ce by\u0107 tak\u017ce sygna\u0142em powa\u017cniejszych schorze\u0144, dlatego nie nale\u017cy go lekcewa\u017cy\u0107. Co oznaczaj\u0105 d\u0142ugie i obfite miesi\u0105czki? Przyczyny d\u0142ugich\u2026","rel":"","context":"Podobny wpis","block_context":{"text":"Podobny wpis","link":""},"img":{"alt_text":"Przyczyny d\u0142ugich i obfitych miesi\u0105czek","src":"https:\/\/www.naturalna-plodnosc.pl\/wp-content\/uploads\/2025\/01\/woman-5941896_640-250x166.jpg","width":350,"height":200},"classes":[]},{"id":13368,"url":"https:\/\/www.naturalna-plodnosc.pl\/index.php\/zdrowie\/higiena-intymna\/jak-postepowac-przy-obfitym-krwawieniu-z-drog-rodnych\/","url_meta":{"origin":18474,"position":5},"title":"Jak post\u0119powa\u0107 przy obfitym krwawieniu z dr\u00f3g rodnych?","author":"Joanna","date":"20 maja 2022","format":false,"excerpt":"Nieprawid\u0142owe krwawienie z dr\u00f3g rodnych mo\u017ce mie\u0107 r\u00f3\u017cne pod\u0142o\u017ce. Przyczyn mo\u017cna dopatrywa\u0107 si\u0119 m.in. w czynnikach psychicznych czy chorobach. Jak post\u0119powa\u0107 przy obfitym krwawieniu z dr\u00f3g rodnych? Czym jest nieprawid\u0142owe krwawienie z dr\u00f3g rodnych? O nieprawid\u0142owym krwawieniu z dr\u00f3g rodnych m\u00f3wi si\u0119, gdy krwawienie wyst\u0119puje mi\u0119dzy miesi\u0105czkami lub gdy okres\u2026","rel":"","context":"Podobny wpis","block_context":{"text":"Podobny wpis","link":""},"img":{"alt_text":"Jak post\u0119powa\u0107 przy obfitym krwawieniu z dr\u00f3g rodnych?","src":"http:\/\/www.naturalna-plodnosc.pl\/wp-content\/uploads\/2022\/05\/bleeding-hearts-g71680c2fa_640-250x159.jpg","width":350,"height":200},"classes":[]}],"jetpack_likes_enabled":true,"_links":{"self":[{"href":"https:\/\/www.naturalna-plodnosc.pl\/index.php\/wp-json\/wp\/v2\/pages\/18474","targetHints":{"allow":["GET"]}}],"collection":[{"href":"https:\/\/www.naturalna-plodnosc.pl\/index.php\/wp-json\/wp\/v2\/pages"}],"about":[{"href":"https:\/\/www.naturalna-plodnosc.pl\/index.php\/wp-json\/wp\/v2\/types\/page"}],"author":[{"embeddable":true,"href":"https:\/\/www.naturalna-plodnosc.pl\/index.php\/wp-json\/wp\/v2\/users\/1"}],"replies":[{"embeddable":true,"href":"https:\/\/www.naturalna-plodnosc.pl\/index.php\/wp-json\/wp\/v2\/comments?post=18474"}],"version-history":[{"count":1,"href":"https:\/\/www.naturalna-plodnosc.pl\/index.php\/wp-json\/wp\/v2\/pages\/18474\/revisions"}],"predecessor-version":[{"id":18476,"href":"https:\/\/www.naturalna-plodnosc.pl\/index.php\/wp-json\/wp\/v2\/pages\/18474\/revisions\/18476"}],"up":[{"embeddable":true,"href":"https:\/\/www.naturalna-plodnosc.pl\/index.php\/wp-json\/wp\/v2\/pages\/155"}],"wp:attachment":[{"href":"https:\/\/www.naturalna-plodnosc.pl\/index.php\/wp-json\/wp\/v2\/media?parent=18474"}],"curies":[{"name":"wp","href":"https:\/\/api.w.org\/{rel}","templated":true}]}}