{"id":11270,"date":"2020-11-10T18:55:44","date_gmt":"2020-11-10T17:55:44","guid":{"rendered":"http:\/\/www.naturalna-plodnosc.pl\/?page_id=11270"},"modified":"2020-11-10T18:59:05","modified_gmt":"2020-11-10T17:59:05","slug":"seks-w-ciazy-kiedy-nie-nalezy-wspolzyc-w-ciazy","status":"publish","type":"page","link":"https:\/\/www.naturalna-plodnosc.pl\/index.php\/zdrowie\/seks\/seks-w-ciazy-kiedy-nie-nalezy-wspolzyc-w-ciazy\/","title":{"rendered":"Seks w ci\u0105\u017cy. Kiedy nie nale\u017cy wsp\u00f3\u0142\u017cy\u0107 w ci\u0105\u017cy?"},"content":{"rendered":"<div id=\"attachment_11272\" style=\"width: 260px\" class=\"wp-caption alignleft\"><img loading=\"lazy\" decoding=\"async\" aria-describedby=\"caption-attachment-11272\" data-attachment-id=\"11272\" data-permalink=\"https:\/\/www.naturalna-plodnosc.pl\/index.php\/zdrowie\/seks\/seks-w-ciazy-kiedy-nie-nalezy-wspolzyc-w-ciazy\/art-3824668_640\/\" data-orig-file=\"https:\/\/www.naturalna-plodnosc.pl\/wp-content\/uploads\/2020\/11\/art-3824668_640.jpg\" data-orig-size=\"640,345\" data-comments-opened=\"1\" data-image-meta=\"{&quot;aperture&quot;:&quot;0&quot;,&quot;credit&quot;:&quot;&quot;,&quot;camera&quot;:&quot;&quot;,&quot;caption&quot;:&quot;&quot;,&quot;created_timestamp&quot;:&quot;0&quot;,&quot;copyright&quot;:&quot;&quot;,&quot;focal_length&quot;:&quot;0&quot;,&quot;iso&quot;:&quot;0&quot;,&quot;shutter_speed&quot;:&quot;0&quot;,&quot;title&quot;:&quot;&quot;,&quot;orientation&quot;:&quot;0&quot;}\" data-image-title=\"Seks w ci\u0105\u017cy\" data-image-description=\"&lt;p&gt;Seks w ci\u0105\u017cy&lt;\/p&gt;\n\" data-image-caption=\"&lt;p&gt;Seks w ci\u0105\u017cy&lt;\/p&gt;\n\" data-large-file=\"https:\/\/www.naturalna-plodnosc.pl\/wp-content\/uploads\/2020\/11\/art-3824668_640.jpg\" class=\"size-medium wp-image-11272\" src=\"http:\/\/www.naturalna-plodnosc.pl\/wp-content\/uploads\/2020\/11\/art-3824668_640-250x135.jpg\" alt=\"Seks w ci\u0105\u017cy\" width=\"250\" height=\"135\" \/><p id=\"caption-attachment-11272\" class=\"wp-caption-text\">Seks w ci\u0105\u017cy<\/p><\/div>\n<p>Ci\u0105\u017ca to dla wielu kobiet pi\u0119kny, pe\u0142en rado\u015bci okres. Niestety wi\u0105\u017ce si\u0119 on te\u017c z wieloma wyrzeczeniami i zmusza do przywi\u0105zywania wi\u0119kszej uwagi do tego co robimy na co dzie\u0144, tak aby nie zaszkodzi\u0107 sobie i dziecku. Partnerzy nierzadko zastanawiaj\u0105 si\u0119 czy mo\u017cna uprawia\u0107 w tym czasie bezpieczny <strong>seks w ci\u0105\u017cy<\/strong>. Warto z pytaniem tym uda\u0107 si\u0119 do ginekologa, kt\u00f3ry rozwieje nasze w\u0105tpliwo\u015bci i obawy.<\/p>\n<h2>Seks w ci\u0105\u017cy- niebezpiecze\u0144stwa<\/h2>\n<p>Podczas zachowania <strong>aktywno\u015bci seksualnej w ci\u0105\u017cy<\/strong> nale\u017cy zwr\u00f3ci\u0107 uwag\u0119 na zalecenia naszego lekarza. Czynniki \u015bwiadcz\u0105ce o tym, \u017ce lepiej zachowa\u0107 wstrzemi\u0119\u017aliwo\u015b\u0107 to m.in. wcze\u015bniejsze poronienia, ci\u0105\u017ca zagro\u017cona przedwczesnym porodem lub poronieniem, skracanie szyjki macicy, krwawienie z dr\u00f3g rodnych, zatrucie ci\u0105\u017cowe, zaawansowana infekcja intymna czy przoduj\u0105ce \u0142o\u017cysko. W momencie gdy zauwa\u017camy brunatn\u0105 wydzielin\u0119 z pochwy oraz czujemy dyskomfort podbrzusza nale\u017cy bezwzgl\u0119dnie przerwa\u0107 wsp\u00f3\u0142\u017cycie i zasi\u0119gn\u0105\u0107 rady specjalisty.<\/p>\n<p>Niekiedy nawet pieszczoty intymne mog\u0105 by\u0107 ryzykowane dla przebiegu ci\u0105\u017cy, np. pieszczoty piersi powoduj\u0105 wydzielanie si\u0119 oksytocyny- hormonu, kt\u00f3ry na p\u00f3\u017aniejszym etapie ci\u0105\u017cy mo\u017ce przyspieszy\u0107 akcj\u0119 porodow\u0105. W przypadku zagro\u017cenia przedwczesnym porodem nale\u017cy unika\u0107 zbli\u017ce\u0144 szczeg\u00f3lnie w 3 trymestrze, gdzie wyst\u0119puje najwi\u0119ksze ryzyko przyspieszenia akcji porodowej. Warto zaznaczy\u0107, \u017ce nasienie partnera w kontakcie z drogami rodnymi kobiety powoduje szybsze rozwieranie si\u0119 szyjki macicy pod dzia\u0142aniem zawartych w nim prostaglandyn. Macica przy zdrowej ci\u0105\u017cy nie reaguje na bod\u017ace te a\u017c do 38 tygodnia.<\/p>\n<p>W momencie gdy ci\u0105\u017ca przebiega bez utrudnie\u0144 i niepokoj\u0105cych symptom\u00f3w a dziecko rozwija si\u0119 prawid\u0142owo, nie ma przeciwskaza\u0144 dotycz\u0105cych zbli\u017ce\u0144 seksualnych. Podczas wsp\u00f3\u0142\u017cycia warto wybra\u0107 pozycj\u0119 wygodn\u0105 dla kobiety- czyli tak\u0105, gdzie nie b\u0119dzie uciskany jej brzuch. P\u0142\u00f3d chroniony jest wodami p\u0142odowymi a tak\u017ce workiem owodniowym- nie ma mo\u017cliwo\u015bci skrzywdzenia go podczas uprawiania seksu. W ci\u0105\u017cy nie zaleca si\u0119 u\u017cywania zabawek erotycznych umieszczanych w pochwie kobiety, seksu analnego oraz pieszczot oralnych, kt\u00f3re mog\u0105 spowodowa\u0107 dostanie si\u0119 powietrza w okolice \u0142o\u017cyska. Dlatego spe\u0142nianie najskrytszych fantazji erotycznych lepiej zostawi\u0107 na p\u00f3\u017aniej, gdy na \u015bwiecie pojawi si\u0119 upragniony potomek.<\/p>\n<h2>Zalety wsp\u00f3\u0142\u017cycia seksualnego w ci\u0105\u017cy<\/h2>\n<p><strong>Seks w ci\u0105\u017cy<\/strong> mo\u017ce by\u0107 udany jak nigdy dot\u0105d. Ukrwienie miejsc intymnych u kobiety zwi\u0119ksza si\u0119 i co za tym idzie jest ona w stanie osi\u0105ga\u0107 intensywniejsze orgazmy. Je\u015bli partnerzy nie wstydz\u0105 si\u0119 rozmawia\u0107 ze sob\u0105 i s\u0105 otwarci na to jak zmienia si\u0119 cia\u0142o kobiety gdy jest brzemienna, ich wi\u0119\u017a emocjonalna potrafi si\u0119 bardzo zacie\u015bni\u0107. Pog\u0142\u0119bia to mi\u0142o\u015b\u0107 oraz przygotowuje do lepszego wej\u015bcia w rol\u0119 rodzic\u00f3w we dwoje. Udowodniono r\u00f3wnie\u017c, \u017ce aktywno\u015b\u0107 seksualna ci\u0119\u017carnej pozytywnie wp\u0142ywa na por\u00f3d przez wy\u0107wiczone mi\u0119\u015bnie macicy, a tak\u017ce wyzwala endorfiny kt\u00f3re odpowiadaj\u0105 za lepsze samopoczucie.<\/p>\n<p>Przeczytaj tak\u017ce:<\/p>\n<h3><a href=\"http:\/\/www.naturalna-plodnosc.pl\/index.php\/zdrowie\/brak-ochoty-na-seks-i-bol-podczas-stosunku-po-porodzie-przyczyny-i-jak-temu-zaradzic\/\">Brak ochoty na seks i b\u00f3l podczas stosunku po porodzie \u2013 przyczyny i jak temu zaradzi\u0107<\/a><\/h3>\n<h3><a href=\"http:\/\/www.testerafrodyta.pl\/\">Wyznaczanie dni p\u0142odnych i niep\u0142odnych w 5 minut. Skuteczno\u015b\u0107 98% &#8211; Tester Owulacyjny ze \u015bliny<\/a><\/h3>\n<p>&nbsp;<\/p>\n","protected":false},"excerpt":{"rendered":"<p>Ci\u0105\u017ca to dla wielu kobiet pi\u0119kny, pe\u0142en rado\u015bci okres. Niestety wi\u0105\u017ce si\u0119 on te\u017c z wieloma wyrzeczeniami i zmusza do przywi\u0105zywania wi\u0119kszej uwagi do tego co robimy na co dzie\u0144, tak aby nie zaszkodzi\u0107 sobie i dziecku. Partnerzy nierzadko zastanawiaj\u0105 si\u0119 czy mo\u017cna uprawia\u0107 w tym czasie bezpieczny seks w ci\u0105\u017cy. Warto z pytaniem tym [&hellip;]<\/p>\n","protected":false},"author":1,"featured_media":0,"parent":163,"menu_order":0,"comment_status":"open","ping_status":"open","template":"","meta":{"_et_pb_use_builder":"","_et_pb_old_content":"","_et_gb_content_width":"","footnotes":""},"class_list":["post-11270","page","type-page","status-publish","hentry"],"yoast_head":"<!-- This site is optimized with the Yoast SEO plugin v27.3 - https:\/\/yoast.com\/product\/yoast-seo-wordpress\/ -->\n<title>Seks w ci\u0105\u017cy. Kiedy nie nale\u017cy wsp\u00f3\u0142\u017cy\u0107 w ci\u0105\u017cy? - Naturalna P\u0142odno\u015b\u0107<\/title>\n<meta name=\"description\" content=\"Partnerzy nierzadko zastanawiaj\u0105 si\u0119 czy mo\u017cna uprawia\u0107 w tym czasie bezpieczny seks w ci\u0105\u017cy. Dowiedz si\u0119 jakie s\u0105 zagro\u017cenia a jakie zalety seksu w ci\u0105\u017cy.\" \/>\n<meta name=\"robots\" content=\"index, follow, max-snippet:-1, max-image-preview:large, max-video-preview:-1\" \/>\n<link rel=\"canonical\" href=\"https:\/\/www.naturalna-plodnosc.pl\/index.php\/zdrowie\/seks\/seks-w-ciazy-kiedy-nie-nalezy-wspolzyc-w-ciazy\/\" \/>\n<meta property=\"og:locale\" content=\"pl_PL\" \/>\n<meta property=\"og:type\" content=\"article\" \/>\n<meta property=\"og:title\" content=\"Seks w ci\u0105\u017cy. Kiedy nie nale\u017cy wsp\u00f3\u0142\u017cy\u0107 w ci\u0105\u017cy? - Naturalna P\u0142odno\u015b\u0107\" \/>\n<meta property=\"og:description\" content=\"Partnerzy nierzadko zastanawiaj\u0105 si\u0119 czy mo\u017cna uprawia\u0107 w tym czasie bezpieczny seks w ci\u0105\u017cy. Dowiedz si\u0119 jakie s\u0105 zagro\u017cenia a jakie zalety seksu w ci\u0105\u017cy.\" \/>\n<meta property=\"og:url\" content=\"https:\/\/www.naturalna-plodnosc.pl\/index.php\/zdrowie\/seks\/seks-w-ciazy-kiedy-nie-nalezy-wspolzyc-w-ciazy\/\" \/>\n<meta property=\"og:site_name\" content=\"Naturalna P\u0142odno\u015b\u0107\" \/>\n<meta property=\"article:publisher\" content=\"https:\/\/www.facebook.com\/NaturalnaPlodnosc\/\" \/>\n<meta property=\"article:modified_time\" content=\"2020-11-10T17:59:05+00:00\" \/>\n<meta property=\"og:image\" content=\"http:\/\/www.naturalna-plodnosc.pl\/wp-content\/uploads\/2020\/11\/art-3824668_640-250x135.jpg\" \/>\n<meta name=\"twitter:card\" content=\"summary_large_image\" \/>\n<meta name=\"twitter:label1\" content=\"Szacowany czas czytania\" \/>\n\t<meta name=\"twitter:data1\" content=\"3 minuty\" \/>\n<script type=\"application\/ld+json\" class=\"yoast-schema-graph\">{\"@context\":\"https:\\\/\\\/schema.org\",\"@graph\":[{\"@type\":\"WebPage\",\"@id\":\"https:\\\/\\\/www.naturalna-plodnosc.pl\\\/index.php\\\/zdrowie\\\/seks\\\/seks-w-ciazy-kiedy-nie-nalezy-wspolzyc-w-ciazy\\\/\",\"url\":\"https:\\\/\\\/www.naturalna-plodnosc.pl\\\/index.php\\\/zdrowie\\\/seks\\\/seks-w-ciazy-kiedy-nie-nalezy-wspolzyc-w-ciazy\\\/\",\"name\":\"Seks w ci\u0105\u017cy. Kiedy nie nale\u017cy wsp\u00f3\u0142\u017cy\u0107 w ci\u0105\u017cy? - Naturalna P\u0142odno\u015b\u0107\",\"isPartOf\":{\"@id\":\"https:\\\/\\\/www.naturalna-plodnosc.pl\\\/#website\"},\"primaryImageOfPage\":{\"@id\":\"https:\\\/\\\/www.naturalna-plodnosc.pl\\\/index.php\\\/zdrowie\\\/seks\\\/seks-w-ciazy-kiedy-nie-nalezy-wspolzyc-w-ciazy\\\/#primaryimage\"},\"image\":{\"@id\":\"https:\\\/\\\/www.naturalna-plodnosc.pl\\\/index.php\\\/zdrowie\\\/seks\\\/seks-w-ciazy-kiedy-nie-nalezy-wspolzyc-w-ciazy\\\/#primaryimage\"},\"thumbnailUrl\":\"http:\\\/\\\/www.naturalna-plodnosc.pl\\\/wp-content\\\/uploads\\\/2020\\\/11\\\/art-3824668_640-250x135.jpg\",\"datePublished\":\"2020-11-10T17:55:44+00:00\",\"dateModified\":\"2020-11-10T17:59:05+00:00\",\"description\":\"Partnerzy nierzadko zastanawiaj\u0105 si\u0119 czy mo\u017cna uprawia\u0107 w tym czasie bezpieczny seks w ci\u0105\u017cy. Dowiedz si\u0119 jakie s\u0105 zagro\u017cenia a jakie zalety seksu w ci\u0105\u017cy.\",\"breadcrumb\":{\"@id\":\"https:\\\/\\\/www.naturalna-plodnosc.pl\\\/index.php\\\/zdrowie\\\/seks\\\/seks-w-ciazy-kiedy-nie-nalezy-wspolzyc-w-ciazy\\\/#breadcrumb\"},\"inLanguage\":\"pl-PL\",\"potentialAction\":[{\"@type\":\"ReadAction\",\"target\":[\"https:\\\/\\\/www.naturalna-plodnosc.pl\\\/index.php\\\/zdrowie\\\/seks\\\/seks-w-ciazy-kiedy-nie-nalezy-wspolzyc-w-ciazy\\\/\"]}]},{\"@type\":\"ImageObject\",\"inLanguage\":\"pl-PL\",\"@id\":\"https:\\\/\\\/www.naturalna-plodnosc.pl\\\/index.php\\\/zdrowie\\\/seks\\\/seks-w-ciazy-kiedy-nie-nalezy-wspolzyc-w-ciazy\\\/#primaryimage\",\"url\":\"http:\\\/\\\/www.naturalna-plodnosc.pl\\\/wp-content\\\/uploads\\\/2020\\\/11\\\/art-3824668_640-250x135.jpg\",\"contentUrl\":\"http:\\\/\\\/www.naturalna-plodnosc.pl\\\/wp-content\\\/uploads\\\/2020\\\/11\\\/art-3824668_640-250x135.jpg\"},{\"@type\":\"BreadcrumbList\",\"@id\":\"https:\\\/\\\/www.naturalna-plodnosc.pl\\\/index.php\\\/zdrowie\\\/seks\\\/seks-w-ciazy-kiedy-nie-nalezy-wspolzyc-w-ciazy\\\/#breadcrumb\",\"itemListElement\":[{\"@type\":\"ListItem\",\"position\":1,\"name\":\"Strona g\u0142\u00f3wna\",\"item\":\"https:\\\/\\\/www.naturalna-plodnosc.pl\\\/\"},{\"@type\":\"ListItem\",\"position\":2,\"name\":\"Zdrowie\",\"item\":\"https:\\\/\\\/www.naturalna-plodnosc.pl\\\/index.php\\\/zdrowie\\\/\"},{\"@type\":\"ListItem\",\"position\":3,\"name\":\"Seks\",\"item\":\"https:\\\/\\\/www.naturalna-plodnosc.pl\\\/index.php\\\/zdrowie\\\/seks\\\/\"},{\"@type\":\"ListItem\",\"position\":4,\"name\":\"Seks w ci\u0105\u017cy. Kiedy nie nale\u017cy wsp\u00f3\u0142\u017cy\u0107 w ci\u0105\u017cy?\"}]},{\"@type\":\"WebSite\",\"@id\":\"https:\\\/\\\/www.naturalna-plodnosc.pl\\\/#website\",\"url\":\"https:\\\/\\\/www.naturalna-plodnosc.pl\\\/\",\"name\":\"Naturalna P\u0142odno\u015b\u0107\",\"description\":\"Antykoncepcja Bez Hormon\u00f3w i Planowanie Ci\u0105\u017cy\",\"publisher\":{\"@id\":\"https:\\\/\\\/www.naturalna-plodnosc.pl\\\/#organization\"},\"potentialAction\":[{\"@type\":\"SearchAction\",\"target\":{\"@type\":\"EntryPoint\",\"urlTemplate\":\"https:\\\/\\\/www.naturalna-plodnosc.pl\\\/?s={search_term_string}\"},\"query-input\":{\"@type\":\"PropertyValueSpecification\",\"valueRequired\":true,\"valueName\":\"search_term_string\"}}],\"inLanguage\":\"pl-PL\"},{\"@type\":\"Organization\",\"@id\":\"https:\\\/\\\/www.naturalna-plodnosc.pl\\\/#organization\",\"name\":\"Naturalna P\u0142odno\u015b\u0107\",\"url\":\"https:\\\/\\\/www.naturalna-plodnosc.pl\\\/\",\"logo\":{\"@type\":\"ImageObject\",\"inLanguage\":\"pl-PL\",\"@id\":\"https:\\\/\\\/www.naturalna-plodnosc.pl\\\/#\\\/schema\\\/logo\\\/image\\\/\",\"url\":\"https:\\\/\\\/i2.wp.com\\\/www.naturalna-plodnosc.pl\\\/wp-content\\\/uploads\\\/2017\\\/10\\\/logo-Naturalna-Plodnosc_favicon.png?fit=68%2C78\",\"contentUrl\":\"https:\\\/\\\/i2.wp.com\\\/www.naturalna-plodnosc.pl\\\/wp-content\\\/uploads\\\/2017\\\/10\\\/logo-Naturalna-Plodnosc_favicon.png?fit=68%2C78\",\"width\":68,\"height\":78,\"caption\":\"Naturalna P\u0142odno\u015b\u0107\"},\"image\":{\"@id\":\"https:\\\/\\\/www.naturalna-plodnosc.pl\\\/#\\\/schema\\\/logo\\\/image\\\/\"},\"sameAs\":[\"https:\\\/\\\/www.facebook.com\\\/NaturalnaPlodnosc\\\/\",\"https:\\\/\\\/www.instagram.com\\\/naturalnaplodnosc.pl\\\/\"]}]}<\/script>\n<!-- \/ Yoast SEO plugin. -->","yoast_head_json":{"title":"Seks w ci\u0105\u017cy. Kiedy nie nale\u017cy wsp\u00f3\u0142\u017cy\u0107 w ci\u0105\u017cy? - Naturalna P\u0142odno\u015b\u0107","description":"Partnerzy nierzadko zastanawiaj\u0105 si\u0119 czy mo\u017cna uprawia\u0107 w tym czasie bezpieczny seks w ci\u0105\u017cy. Dowiedz si\u0119 jakie s\u0105 zagro\u017cenia a jakie zalety seksu w ci\u0105\u017cy.","robots":{"index":"index","follow":"follow","max-snippet":"max-snippet:-1","max-image-preview":"max-image-preview:large","max-video-preview":"max-video-preview:-1"},"canonical":"https:\/\/www.naturalna-plodnosc.pl\/index.php\/zdrowie\/seks\/seks-w-ciazy-kiedy-nie-nalezy-wspolzyc-w-ciazy\/","og_locale":"pl_PL","og_type":"article","og_title":"Seks w ci\u0105\u017cy. Kiedy nie nale\u017cy wsp\u00f3\u0142\u017cy\u0107 w ci\u0105\u017cy? - Naturalna P\u0142odno\u015b\u0107","og_description":"Partnerzy nierzadko zastanawiaj\u0105 si\u0119 czy mo\u017cna uprawia\u0107 w tym czasie bezpieczny seks w ci\u0105\u017cy. Dowiedz si\u0119 jakie s\u0105 zagro\u017cenia a jakie zalety seksu w ci\u0105\u017cy.","og_url":"https:\/\/www.naturalna-plodnosc.pl\/index.php\/zdrowie\/seks\/seks-w-ciazy-kiedy-nie-nalezy-wspolzyc-w-ciazy\/","og_site_name":"Naturalna P\u0142odno\u015b\u0107","article_publisher":"https:\/\/www.facebook.com\/NaturalnaPlodnosc\/","article_modified_time":"2020-11-10T17:59:05+00:00","og_image":[{"url":"http:\/\/www.naturalna-plodnosc.pl\/wp-content\/uploads\/2020\/11\/art-3824668_640-250x135.jpg","type":"","width":"","height":""}],"twitter_card":"summary_large_image","twitter_misc":{"Szacowany czas czytania":"3 minuty"},"schema":{"@context":"https:\/\/schema.org","@graph":[{"@type":"WebPage","@id":"https:\/\/www.naturalna-plodnosc.pl\/index.php\/zdrowie\/seks\/seks-w-ciazy-kiedy-nie-nalezy-wspolzyc-w-ciazy\/","url":"https:\/\/www.naturalna-plodnosc.pl\/index.php\/zdrowie\/seks\/seks-w-ciazy-kiedy-nie-nalezy-wspolzyc-w-ciazy\/","name":"Seks w ci\u0105\u017cy. Kiedy nie nale\u017cy wsp\u00f3\u0142\u017cy\u0107 w ci\u0105\u017cy? - Naturalna P\u0142odno\u015b\u0107","isPartOf":{"@id":"https:\/\/www.naturalna-plodnosc.pl\/#website"},"primaryImageOfPage":{"@id":"https:\/\/www.naturalna-plodnosc.pl\/index.php\/zdrowie\/seks\/seks-w-ciazy-kiedy-nie-nalezy-wspolzyc-w-ciazy\/#primaryimage"},"image":{"@id":"https:\/\/www.naturalna-plodnosc.pl\/index.php\/zdrowie\/seks\/seks-w-ciazy-kiedy-nie-nalezy-wspolzyc-w-ciazy\/#primaryimage"},"thumbnailUrl":"http:\/\/www.naturalna-plodnosc.pl\/wp-content\/uploads\/2020\/11\/art-3824668_640-250x135.jpg","datePublished":"2020-11-10T17:55:44+00:00","dateModified":"2020-11-10T17:59:05+00:00","description":"Partnerzy nierzadko zastanawiaj\u0105 si\u0119 czy mo\u017cna uprawia\u0107 w tym czasie bezpieczny seks w ci\u0105\u017cy. Dowiedz si\u0119 jakie s\u0105 zagro\u017cenia a jakie zalety seksu w ci\u0105\u017cy.","breadcrumb":{"@id":"https:\/\/www.naturalna-plodnosc.pl\/index.php\/zdrowie\/seks\/seks-w-ciazy-kiedy-nie-nalezy-wspolzyc-w-ciazy\/#breadcrumb"},"inLanguage":"pl-PL","potentialAction":[{"@type":"ReadAction","target":["https:\/\/www.naturalna-plodnosc.pl\/index.php\/zdrowie\/seks\/seks-w-ciazy-kiedy-nie-nalezy-wspolzyc-w-ciazy\/"]}]},{"@type":"ImageObject","inLanguage":"pl-PL","@id":"https:\/\/www.naturalna-plodnosc.pl\/index.php\/zdrowie\/seks\/seks-w-ciazy-kiedy-nie-nalezy-wspolzyc-w-ciazy\/#primaryimage","url":"http:\/\/www.naturalna-plodnosc.pl\/wp-content\/uploads\/2020\/11\/art-3824668_640-250x135.jpg","contentUrl":"http:\/\/www.naturalna-plodnosc.pl\/wp-content\/uploads\/2020\/11\/art-3824668_640-250x135.jpg"},{"@type":"BreadcrumbList","@id":"https:\/\/www.naturalna-plodnosc.pl\/index.php\/zdrowie\/seks\/seks-w-ciazy-kiedy-nie-nalezy-wspolzyc-w-ciazy\/#breadcrumb","itemListElement":[{"@type":"ListItem","position":1,"name":"Strona g\u0142\u00f3wna","item":"https:\/\/www.naturalna-plodnosc.pl\/"},{"@type":"ListItem","position":2,"name":"Zdrowie","item":"https:\/\/www.naturalna-plodnosc.pl\/index.php\/zdrowie\/"},{"@type":"ListItem","position":3,"name":"Seks","item":"https:\/\/www.naturalna-plodnosc.pl\/index.php\/zdrowie\/seks\/"},{"@type":"ListItem","position":4,"name":"Seks w ci\u0105\u017cy. Kiedy nie nale\u017cy wsp\u00f3\u0142\u017cy\u0107 w ci\u0105\u017cy?"}]},{"@type":"WebSite","@id":"https:\/\/www.naturalna-plodnosc.pl\/#website","url":"https:\/\/www.naturalna-plodnosc.pl\/","name":"Naturalna P\u0142odno\u015b\u0107","description":"Antykoncepcja Bez Hormon\u00f3w i Planowanie Ci\u0105\u017cy","publisher":{"@id":"https:\/\/www.naturalna-plodnosc.pl\/#organization"},"potentialAction":[{"@type":"SearchAction","target":{"@type":"EntryPoint","urlTemplate":"https:\/\/www.naturalna-plodnosc.pl\/?s={search_term_string}"},"query-input":{"@type":"PropertyValueSpecification","valueRequired":true,"valueName":"search_term_string"}}],"inLanguage":"pl-PL"},{"@type":"Organization","@id":"https:\/\/www.naturalna-plodnosc.pl\/#organization","name":"Naturalna P\u0142odno\u015b\u0107","url":"https:\/\/www.naturalna-plodnosc.pl\/","logo":{"@type":"ImageObject","inLanguage":"pl-PL","@id":"https:\/\/www.naturalna-plodnosc.pl\/#\/schema\/logo\/image\/","url":"https:\/\/i2.wp.com\/www.naturalna-plodnosc.pl\/wp-content\/uploads\/2017\/10\/logo-Naturalna-Plodnosc_favicon.png?fit=68%2C78","contentUrl":"https:\/\/i2.wp.com\/www.naturalna-plodnosc.pl\/wp-content\/uploads\/2017\/10\/logo-Naturalna-Plodnosc_favicon.png?fit=68%2C78","width":68,"height":78,"caption":"Naturalna P\u0142odno\u015b\u0107"},"image":{"@id":"https:\/\/www.naturalna-plodnosc.pl\/#\/schema\/logo\/image\/"},"sameAs":["https:\/\/www.facebook.com\/NaturalnaPlodnosc\/","https:\/\/www.instagram.com\/naturalnaplodnosc.pl\/"]}]}},"jetpack_sharing_enabled":true,"jetpack_shortlink":"https:\/\/wp.me\/P763jt-2VM","jetpack-related-posts":[{"id":8859,"url":"https:\/\/www.naturalna-plodnosc.pl\/index.php\/zdrowie\/seks\/czy-mozna-uprawiac-seks-w-czasie-ciazy\/","url_meta":{"origin":11270,"position":0},"title":"Czy mo\u017cna uprawia\u0107 seks w czasie ci\u0105\u017cy","author":"Joanna","date":"16 stycznia 2019","format":false,"excerpt":"Wiele przysz\u0142ych mam zastanawia si\u0119, czy podczas ci\u0105\u017cy b\u0119d\u0105 mog\u0142y normalnie uprawia\u0107 seks. Je\u015bli tylko lekarz nie poda jaki\u015b specjalnych przeciwskaza\u0144 to jak najbardziej mo\u017cna! Co wi\u0119cej \u2013 ci\u0105\u017ca jest tak\u0105 hu\u015btawk\u0105 hormonaln\u0105, \u017ce w tym okresie wiele pa\u0144 ma znacznie wi\u0119ksz\u0105 ochot\u0119 na seks ni\u017c kiedykolwiek wcze\u015bniej. Wiele zale\u017cy\u2026","rel":"","context":"Podobny wpis","block_context":{"text":"Podobny wpis","link":""},"img":{"alt_text":"","src":"http:\/\/www.naturalna-plodnosc.pl\/wp-content\/uploads\/2019\/01\/pregnancy-2221960_640-250x166.jpg","width":350,"height":200},"classes":[]},{"id":5151,"url":"https:\/\/www.naturalna-plodnosc.pl\/index.php\/zdrowie\/seks\/seks-w-czasie-ciazy-czy-i-kiedy-z-niego-rezygnowac\/","url_meta":{"origin":11270,"position":1},"title":"Seks w czasie ci\u0105\u017cy. Czy i kiedy z niego rezygnowa\u0107?","author":"Joanna","date":"7 wrze\u015bnia 2016","format":false,"excerpt":"Seks w czasie ci\u0105\u017cy. Czy i kiedy z niego rezygnowa\u0107? Ci\u0105\u017ca nie jest chorob\u0105 i w wi\u0119kszo\u015bci przypadk\u00f3w nie musimy rezygnowa\u0107 z trybu \u017cycia, jaki do tej pory prowadzili\u015bmy (pomijaj\u0105c oczywi\u015bcie odstawienie u\u017cywek, kt\u00f3re jest obowi\u0105zkowe!).\u00a0 Seks w trakcie ci\u0105\u017cy nie jest na pewno czym\u015b, czego mieliby\u015bmy si\u0119 wyrzeka\u0107. Co\u2026","rel":"","context":"Podobny wpis","block_context":{"text":"Podobny wpis","link":""},"img":{"alt_text":"pregnant-1245703_640","src":"http:\/\/www.naturalna-plodnosc.pl\/wp-content\/uploads\/2016\/09\/pregnant-1245703_640-250x166.jpg","width":350,"height":200},"classes":[]},{"id":8637,"url":"https:\/\/www.naturalna-plodnosc.pl\/index.php\/antykoncepcja-bez-hormonow\/metody-antykoncepcji\/jakie-jest-ryzyko-ciazy-uprawiajac-seks-w-pierwszy-i-drugi-dzien-okresu\/","url_meta":{"origin":11270,"position":2},"title":"Jakie jest ryzyko ci\u0105\u017cy uprawiaj\u0105c seks w pierwszy i drugi dzie\u0144 okresu","author":"Joanna","date":"9 listopada 2018","format":false,"excerpt":" Jakie jest ryzyko ci\u0105\u017cy uprawiaj\u0105c seks w pierwszy i drugi dzie\u0144 okresu Seks podczas okresu przestaje by\u0107 ju\u017c tematem tabu. Wiele kobiet podejmuje aktywno\u015b\u0107 seksualn\u0105 w czasie miesi\u0105czki,\u2026","rel":"","context":"Podobny wpis","block_context":{"text":"Podobny wpis","link":""},"img":{"alt_text":"","src":"http:\/\/www.naturalna-plodnosc.pl\/wp-content\/uploads\/2018\/11\/hot-3174901_640-221x166.jpg","width":350,"height":200},"classes":[]},{"id":13652,"url":"https:\/\/www.naturalna-plodnosc.pl\/index.php\/zdrowie\/seks\/czy-mozna-uprawiac-seks-analny-w-ciazy\/","url_meta":{"origin":11270,"position":3},"title":"Czy mo\u017cna uprawia\u0107 seks analny w ci\u0105\u017cy?","author":"Joanna","date":"6 listopada 2022","format":false,"excerpt":"Ch\u0119\u0107 do uprawiania seksu analnego w czasie ci\u0105\u017cy to sprawa indywidualna. Mo\u017cna do\u015bwiadczy\u0107 wy\u017cszego libido w czasie ci\u0105\u017cy czy obni\u017cenia pop\u0119du seksualnego, a niekt\u00f3re ci\u0119\u017carne nie widz\u0105 du\u017cej zmiany. Jednak, podobnie jak w przypadku ka\u017cdej aktywno\u015bci seksualnej (w ci\u0105\u017cy lub nie), warto rozwa\u017cy\u0107 kilka czynnik\u00f3w. Czy mo\u017cna uprawia\u0107 seks analny\u2026","rel":"","context":"Podobny wpis","block_context":{"text":"Podobny wpis","link":""},"img":{"alt_text":"Czy mo\u017cna uprawia\u0107 seks analny w ci\u0105\u017cy? ","src":"http:\/\/www.naturalna-plodnosc.pl\/wp-content\/uploads\/2022\/11\/pregnant-g29fb1e072_640-250x158.jpg","width":350,"height":200},"classes":[]},{"id":8153,"url":"https:\/\/www.naturalna-plodnosc.pl\/index.php\/ciaza\/przebieg-ciazy\/przydatne-gadzety-dla-kobiet-w-ciazy\/","url_meta":{"origin":11270,"position":4},"title":"Przydatne gad\u017cety dla kobiet w ci\u0105\u017cy","author":"Joanna","date":"9 czerwca 2018","format":false,"excerpt":" Przydatne gad\u017cety dla kobiet w ci\u0105\u017cy Ci\u0105\u017ca to okres w \u017cyciu kobiety, w kt\u00f3rym jej cia\u0142o przechodzi prawdziw\u0105 rewolucj\u0119. Pomimo rado\u015bci z\u2026","rel":"","context":"Podobny wpis","block_context":{"text":"Podobny wpis","link":""},"img":{"alt_text":"","src":"http:\/\/www.naturalna-plodnosc.pl\/wp-content\/uploads\/2018\/06\/family-960449_640-240x166.jpg","width":350,"height":200},"classes":[]},{"id":8819,"url":"https:\/\/www.naturalna-plodnosc.pl\/index.php\/ciaza\/przebieg-ciazy\/w-czasie-ciazy-nalezy-chodzic-nie-tylko-do-ginekologa-jakie-sa-inne-wazne-wizyty-lekarskie-w-czasie-ciazy\/","url_meta":{"origin":11270,"position":5},"title":"W czasie ci\u0105\u017cy nale\u017cy chodzi\u0107 nie tylko do ginekologa. Jakie s\u0105 inne wa\u017cne wizyty lekarskie w czasie ci\u0105\u017cy?","author":"Joanna","date":"29 grudnia 2018","format":false,"excerpt":" W czasie ci\u0105\u017cy nale\u017cy chodzi\u0107 nie tylko do ginekologa. Jakie s\u0105 inne wa\u017cne wizyty lekarskie w czasie ci\u0105\u017cy? \u00a0 Ci\u0105\u017ca to okres,\u2026","rel":"","context":"Podobny wpis","block_context":{"text":"Podobny wpis","link":""},"img":{"alt_text":"","src":"http:\/\/www.naturalna-plodnosc.pl\/wp-content\/uploads\/2018\/08\/doctor-1149149_640-250x166.jpg","width":350,"height":200},"classes":[]}],"jetpack_likes_enabled":true,"_links":{"self":[{"href":"https:\/\/www.naturalna-plodnosc.pl\/index.php\/wp-json\/wp\/v2\/pages\/11270","targetHints":{"allow":["GET"]}}],"collection":[{"href":"https:\/\/www.naturalna-plodnosc.pl\/index.php\/wp-json\/wp\/v2\/pages"}],"about":[{"href":"https:\/\/www.naturalna-plodnosc.pl\/index.php\/wp-json\/wp\/v2\/types\/page"}],"author":[{"embeddable":true,"href":"https:\/\/www.naturalna-plodnosc.pl\/index.php\/wp-json\/wp\/v2\/users\/1"}],"replies":[{"embeddable":true,"href":"https:\/\/www.naturalna-plodnosc.pl\/index.php\/wp-json\/wp\/v2\/comments?post=11270"}],"version-history":[{"count":0,"href":"https:\/\/www.naturalna-plodnosc.pl\/index.php\/wp-json\/wp\/v2\/pages\/11270\/revisions"}],"up":[{"embeddable":true,"href":"https:\/\/www.naturalna-plodnosc.pl\/index.php\/wp-json\/wp\/v2\/pages\/163"}],"wp:attachment":[{"href":"https:\/\/www.naturalna-plodnosc.pl\/index.php\/wp-json\/wp\/v2\/media?parent=11270"}],"curies":[{"name":"wp","href":"https:\/\/api.w.org\/{rel}","templated":true}]}}