{"id":10976,"date":"2020-07-16T15:20:15","date_gmt":"2020-07-16T13:20:15","guid":{"rendered":"http:\/\/www.naturalna-plodnosc.pl\/?page_id=10976"},"modified":"2020-07-16T15:25:00","modified_gmt":"2020-07-16T13:25:00","slug":"samobadanie-piersi-jak-samodzielnie-badac-piersi","status":"publish","type":"page","link":"https:\/\/www.naturalna-plodnosc.pl\/index.php\/piersi\/zdrowie\/samobadanie-piersi-jak-samodzielnie-badac-piersi\/","title":{"rendered":"Samobadanie piersi. Jak samodzielnie bada\u0107 piersi"},"content":{"rendered":"<div id=\"attachment_3357\" style=\"width: 260px\" class=\"wp-caption alignleft\"><img loading=\"lazy\" decoding=\"async\" aria-describedby=\"caption-attachment-3357\" data-attachment-id=\"3357\" data-permalink=\"https:\/\/www.naturalna-plodnosc.pl\/index.php\/ciaza\/przebieg-ciazy\/rak-piersi-czynniki-ryzyka-profilaktyka\/femi\/\" data-orig-file=\"https:\/\/www.naturalna-plodnosc.pl\/wp-content\/uploads\/2016\/01\/femi.jpg\" data-orig-size=\"3877,2580\" data-comments-opened=\"1\" data-image-meta=\"{&quot;aperture&quot;:&quot;0&quot;,&quot;credit&quot;:&quot;&quot;,&quot;camera&quot;:&quot;&quot;,&quot;caption&quot;:&quot;&quot;,&quot;created_timestamp&quot;:&quot;0&quot;,&quot;copyright&quot;:&quot;&quot;,&quot;focal_length&quot;:&quot;0&quot;,&quot;iso&quot;:&quot;0&quot;,&quot;shutter_speed&quot;:&quot;0&quot;,&quot;title&quot;:&quot;&quot;,&quot;orientation&quot;:&quot;1&quot;}\" data-image-title=\"Samobadanie piersi\" data-image-description=\"&lt;p&gt;Samobadanie piersi&lt;\/p&gt;\n\" data-image-caption=\"&lt;p&gt;Samobadanie piersi&lt;\/p&gt;\n\" data-large-file=\"https:\/\/www.naturalna-plodnosc.pl\/wp-content\/uploads\/2016\/01\/femi.jpg\" class=\"size-medium wp-image-3357\" src=\"http:\/\/www.naturalna-plodnosc.pl\/wp-content\/uploads\/2016\/01\/femi-250x166.jpg\" alt=\"Samobadanie piersi\" width=\"250\" height=\"166\" srcset=\"https:\/\/www.naturalna-plodnosc.pl\/wp-content\/uploads\/2016\/01\/femi.jpg 250w, https:\/\/www.naturalna-plodnosc.pl\/wp-content\/uploads\/2016\/01\/femi.jpg 1024w, https:\/\/www.naturalna-plodnosc.pl\/wp-content\/uploads\/2016\/01\/femi.jpg 1080w, https:\/\/www.naturalna-plodnosc.pl\/wp-content\/uploads\/2016\/01\/femi.jpg 2160w, https:\/\/www.naturalna-plodnosc.pl\/wp-content\/uploads\/2016\/01\/femi.jpg 3240w\" sizes=\"(max-width: 250px) 100vw, 250px\" \/><p id=\"caption-attachment-3357\" class=\"wp-caption-text\">Samobadanie piersi<\/p><\/div>\n<p>Regularnie wykonywane <strong>samobadanie piersi<\/strong> to wa\u017cny element profilaktyki wykrywania raka piersi. Co roku na raka Piersi umiera blisko 5 tysi\u0119cy kobiet. Gdyby wi\u0119cej kobiet mia\u0142o \u015bwiadomo\u015b\u0107 istoty wykonywania regularnego samobadania dane te mog\u0142yby by\u0107 mniej pesymistyczne. Wczesne wykrycie choroby, zanim osi\u0105gnie zaawansowane stadium daje o wiele lepsze wi\u0119ksze szanse wyleczenia. Regularne badanie wykonywane w domowym zaciszu pozwala doskonale pozna\u0107 struktur\u0119 i kszta\u0142t swoich piersi, co u\u0142atwia wykrycie wszelkich nawet najdrobniejszych zmian.<\/p>\n<h2>Samobadanie piersi<\/h2>\n<p><strong>Samobadanie piersi<\/strong> najlepiej wykonywa\u0107 przed lustrem, w dobrze o\u015bwietlonym miejscu lub w \u015bwietle dziennym. Prawid\u0142owe wykonywanie samobadania powinno zawiera\u0107 cz\u0119\u015b\u0107 wzrokow\u0105 oraz cz\u0119\u015b\u0107 dotykow\u0105. Na pocz\u0105tku powinni\u015bmy dok\u0142adnie obejrze\u0107 piersi i w\u0119z\u0142y ch\u0142onne, kt\u00f3re znajduj\u0105 pod pachami z r\u00f3\u017cnych pozycji \u2013 w pozycji wyprostowanej, z profilu, opieraj\u0105c r\u0119ce na biodrach i pochylaj\u0105c si\u0119 do przodu.<\/p>\n<p>Regularno\u015b\u0107 samobadania umo\u017cliwia nam dobre poznanie struktury i wygl\u0105du w\u0142asnej piersi. Obserwacja wszelkich zgrubie\u0144, wybrzusze\u0144, nier\u00f3wnomiernego napi\u0119cia struktury lub zmienionego koloryt powinna wzbudzi\u0107 nasze zainteresowanie. Druga cz\u0119\u015b\u0107 badania, czyli badanie dotykowe dotyczy palpacyjnego badania piersi. Wykonuj\u0105c badanie dotykowe nale\u017cy pami\u0119ta\u0107 o kilku wa\u017cnych wskaz\u00f3wkach:<\/p>\n<p>&#8211; <strong>samobadanie piersi<\/strong> najlepiej wykonywa\u0107 w pozycji le\u017c\u0105cej<\/p>\n<p>&#8211; lewa pier\u015b powinna by\u0107 badana przez praw\u0105 r\u0119k\u0119 po wcze\u015bniejszym u\u0142o\u017ceniu lewej r\u0119ki pod g\u0142ow\u0119<\/p>\n<p>&#8211; prawa pier\u015b powinna by\u0107 badana przez lew\u0105 r\u0119k\u0105 po u\u0142o\u017ceniu prawej r\u0119ki pod g\u0142ow\u0119<\/p>\n<p>&#8211; badanie powinno by\u0107 wykonywane za pomoc\u0105 okr\u0119\u017cnych ruch\u00f3w, poprzez zataczanie co raz wi\u0119kszych k\u00f3\u0142<\/p>\n<p>Wszelkiego rodzaju grudki i stwardnienia, kt\u00f3re udaje nam si\u0119 wykry\u0107 w czasie <strong>samobadania piersi<\/strong> powinny sk\u0142oni\u0107 nas do dalszej, specjalistycznej diagnostyki.<\/p>\n<h2>R\u0119kawica do samobadania piersi<\/h2>\n<p>Na rynku dost\u0119pne s\u0105 specjalne przyrz\u0105dy, kt\u00f3re pomagaj\u0105 w dok\u0142adnym wykonywania samobadania. Jednym z nich jest specjalistyczna r\u0119kawica do <strong>samobadania piersi<\/strong> \u2013 <a href=\"http:\/\/www.femiglove.pl\/\">FemiGlove<\/a>. FemiGlove jest niezwykle czu\u0142a na wszelkie zmiany w obr\u0119bie piersi. Pozwala na wykrycie zmian, nawet w wielko\u015bci ziarenka cukru. Dzi\u0119ki specjalnej pow\u0142oce, kt\u00f3r\u0105 pokryta jest r\u0119kawica mo\u017cliwe jest redukowanie tar\u0107 mi\u0119dzy palcami oraz ochrona przed przemieszczaniem si\u0119 guzk\u00f3w. Plusem r\u0119kawicy jest r\u00f3wnie\u017c to, \u017ce nadaje si\u0119 do wielokrotnego u\u017cytku a podczas jej stosowania nie s\u0105 potrzebne specjalne \u017cele.<\/p>\n<p>Przeczytaj tak\u017ce:<\/p>\n<h3><a href=\"http:\/\/www.naturalna-plodnosc.pl\/index.php\/antykoncepcja-bez-hormonow\/diafragma-dopochwowa-antykoncepcja-mechaniczna-to-skuteczna-alternatywa-dla-antykoncepcji-hormonalnej\/\">Diafragma dopochwowa \u2013 antykoncepcja mechaniczna to skuteczna alternatywa dla antykoncepcji hormonalnej<\/a><\/h3>\n<h3><a href=\"http:\/\/www.testowulacyjny.com\/\">Monitor p\u0142odno\u015bci Afrodyta Smart \u2013 test owulacyjny na \u015blin\u0119 na smartfon wielokrotnego u\u017cytku<\/a><\/h3>\n<blockquote class=\"wp-embedded-content\" data-secret=\"06tsrcCK7m\"><p><a href=\"http:\/\/www.naturalna-plodnosc.pl\/index.php\/zdrowie\/seks\/bol-podczas-stosunku-przyczyny-i-leczenie\/\">B\u00f3l podczas stosunku &#8211; przyczyny i leczenie<\/a><\/p><\/blockquote>\n<p><iframe loading=\"lazy\" class=\"wp-embedded-content\" sandbox=\"allow-scripts\" security=\"restricted\" style=\"position: absolute; clip: rect(1px, 1px, 1px, 1px);\" title=\"&#8222;B\u00f3l podczas stosunku &#8211; przyczyny i leczenie&#8221; &#8212; Naturalna P\u0142odno\u015b\u0107\" src=\"http:\/\/www.naturalna-plodnosc.pl\/index.php\/zdrowie\/seks\/bol-podczas-stosunku-przyczyny-i-leczenie\/embed\/#?secret=06tsrcCK7m\" data-secret=\"06tsrcCK7m\" width=\"600\" height=\"338\" frameborder=\"0\" marginwidth=\"0\" marginheight=\"0\" scrolling=\"no\"><\/iframe><\/p>\n<p>&nbsp;<\/p>\n<p>&nbsp;<\/p>\n<p>&nbsp;<\/p>\n<p>&nbsp;<\/p>\n","protected":false},"excerpt":{"rendered":"<p>Regularnie wykonywane samobadanie piersi to wa\u017cny element profilaktyki wykrywania raka piersi. Co roku na raka Piersi umiera blisko 5 tysi\u0119cy kobiet. Gdyby wi\u0119cej kobiet mia\u0142o \u015bwiadomo\u015b\u0107 istoty wykonywania regularnego samobadania dane te mog\u0142yby by\u0107 mniej pesymistyczne. Wczesne wykrycie choroby, zanim osi\u0105gnie zaawansowane stadium daje o wiele lepsze wi\u0119ksze szanse wyleczenia. Regularne badanie wykonywane w domowym [&hellip;]<\/p>\n","protected":false},"author":1,"featured_media":0,"parent":151,"menu_order":0,"comment_status":"open","ping_status":"open","template":"","meta":{"_et_pb_use_builder":"","_et_pb_old_content":"","_et_gb_content_width":"","footnotes":""},"class_list":["post-10976","page","type-page","status-publish","hentry"],"yoast_head":"<!-- This site is optimized with the Yoast SEO plugin v27.4 - https:\/\/yoast.com\/product\/yoast-seo-wordpress\/ -->\n<title>Samobadanie piersi. Jak samodzielnie bada\u0107 piersi - Naturalna P\u0142odno\u015b\u0107<\/title>\n<meta name=\"description\" content=\"Regularnie wykonywane samobadanie piersi to wa\u017cny element profilaktyki wykrywania raka piersi. Dowiedz si\u0119 jak poprawnie i \u0142atwo je wykona\u0107.\" \/>\n<meta name=\"robots\" content=\"index, follow, max-snippet:-1, max-image-preview:large, max-video-preview:-1\" \/>\n<link rel=\"canonical\" href=\"https:\/\/www.naturalna-plodnosc.pl\/index.php\/piersi\/zdrowie\/samobadanie-piersi-jak-samodzielnie-badac-piersi\/\" \/>\n<meta property=\"og:locale\" content=\"pl_PL\" \/>\n<meta property=\"og:type\" content=\"article\" \/>\n<meta property=\"og:title\" content=\"Samobadanie piersi. Jak samodzielnie bada\u0107 piersi - Naturalna P\u0142odno\u015b\u0107\" \/>\n<meta property=\"og:description\" content=\"Regularnie wykonywane samobadanie piersi to wa\u017cny element profilaktyki wykrywania raka piersi. Dowiedz si\u0119 jak poprawnie i \u0142atwo je wykona\u0107.\" \/>\n<meta property=\"og:url\" content=\"https:\/\/www.naturalna-plodnosc.pl\/index.php\/piersi\/zdrowie\/samobadanie-piersi-jak-samodzielnie-badac-piersi\/\" \/>\n<meta property=\"og:site_name\" content=\"Naturalna P\u0142odno\u015b\u0107\" \/>\n<meta property=\"article:publisher\" content=\"https:\/\/www.facebook.com\/NaturalnaPlodnosc\/\" \/>\n<meta property=\"article:modified_time\" content=\"2020-07-16T13:25:00+00:00\" \/>\n<meta property=\"og:image\" content=\"http:\/\/www.naturalna-plodnosc.pl\/wp-content\/uploads\/2016\/01\/femi-250x166.jpg\" \/>\n<meta name=\"twitter:card\" content=\"summary_large_image\" \/>\n<meta name=\"twitter:label1\" content=\"Szacowany czas czytania\" \/>\n\t<meta name=\"twitter:data1\" content=\"2 minuty\" \/>\n<script type=\"application\/ld+json\" class=\"yoast-schema-graph\">{\"@context\":\"https:\\\/\\\/schema.org\",\"@graph\":[{\"@type\":\"WebPage\",\"@id\":\"https:\\\/\\\/www.naturalna-plodnosc.pl\\\/index.php\\\/piersi\\\/zdrowie\\\/samobadanie-piersi-jak-samodzielnie-badac-piersi\\\/\",\"url\":\"https:\\\/\\\/www.naturalna-plodnosc.pl\\\/index.php\\\/piersi\\\/zdrowie\\\/samobadanie-piersi-jak-samodzielnie-badac-piersi\\\/\",\"name\":\"Samobadanie piersi. Jak samodzielnie bada\u0107 piersi - Naturalna P\u0142odno\u015b\u0107\",\"isPartOf\":{\"@id\":\"https:\\\/\\\/www.naturalna-plodnosc.pl\\\/#website\"},\"primaryImageOfPage\":{\"@id\":\"https:\\\/\\\/www.naturalna-plodnosc.pl\\\/index.php\\\/piersi\\\/zdrowie\\\/samobadanie-piersi-jak-samodzielnie-badac-piersi\\\/#primaryimage\"},\"image\":{\"@id\":\"https:\\\/\\\/www.naturalna-plodnosc.pl\\\/index.php\\\/piersi\\\/zdrowie\\\/samobadanie-piersi-jak-samodzielnie-badac-piersi\\\/#primaryimage\"},\"thumbnailUrl\":\"http:\\\/\\\/www.naturalna-plodnosc.pl\\\/wp-content\\\/uploads\\\/2016\\\/01\\\/femi-250x166.jpg\",\"datePublished\":\"2020-07-16T13:20:15+00:00\",\"dateModified\":\"2020-07-16T13:25:00+00:00\",\"description\":\"Regularnie wykonywane samobadanie piersi to wa\u017cny element profilaktyki wykrywania raka piersi. Dowiedz si\u0119 jak poprawnie i \u0142atwo je wykona\u0107.\",\"breadcrumb\":{\"@id\":\"https:\\\/\\\/www.naturalna-plodnosc.pl\\\/index.php\\\/piersi\\\/zdrowie\\\/samobadanie-piersi-jak-samodzielnie-badac-piersi\\\/#breadcrumb\"},\"inLanguage\":\"pl-PL\",\"potentialAction\":[{\"@type\":\"ReadAction\",\"target\":[\"https:\\\/\\\/www.naturalna-plodnosc.pl\\\/index.php\\\/piersi\\\/zdrowie\\\/samobadanie-piersi-jak-samodzielnie-badac-piersi\\\/\"]}]},{\"@type\":\"ImageObject\",\"inLanguage\":\"pl-PL\",\"@id\":\"https:\\\/\\\/www.naturalna-plodnosc.pl\\\/index.php\\\/piersi\\\/zdrowie\\\/samobadanie-piersi-jak-samodzielnie-badac-piersi\\\/#primaryimage\",\"url\":\"https:\\\/\\\/www.naturalna-plodnosc.pl\\\/wp-content\\\/uploads\\\/2016\\\/01\\\/femi.jpg\",\"contentUrl\":\"https:\\\/\\\/www.naturalna-plodnosc.pl\\\/wp-content\\\/uploads\\\/2016\\\/01\\\/femi.jpg\",\"width\":3877,\"height\":2580,\"caption\":\"Samobadanie piersi\"},{\"@type\":\"BreadcrumbList\",\"@id\":\"https:\\\/\\\/www.naturalna-plodnosc.pl\\\/index.php\\\/piersi\\\/zdrowie\\\/samobadanie-piersi-jak-samodzielnie-badac-piersi\\\/#breadcrumb\",\"itemListElement\":[{\"@type\":\"ListItem\",\"position\":1,\"name\":\"Strona g\u0142\u00f3wna\",\"item\":\"https:\\\/\\\/www.naturalna-plodnosc.pl\\\/\"},{\"@type\":\"ListItem\",\"position\":2,\"name\":\"Piersi\",\"item\":\"https:\\\/\\\/www.naturalna-plodnosc.pl\\\/index.php\\\/piersi\\\/\"},{\"@type\":\"ListItem\",\"position\":3,\"name\":\"Zdrowe piersi\",\"item\":\"https:\\\/\\\/www.naturalna-plodnosc.pl\\\/index.php\\\/piersi\\\/zdrowie\\\/\"},{\"@type\":\"ListItem\",\"position\":4,\"name\":\"Samobadanie piersi. Jak samodzielnie bada\u0107 piersi\"}]},{\"@type\":\"WebSite\",\"@id\":\"https:\\\/\\\/www.naturalna-plodnosc.pl\\\/#website\",\"url\":\"https:\\\/\\\/www.naturalna-plodnosc.pl\\\/\",\"name\":\"Naturalna P\u0142odno\u015b\u0107\",\"description\":\"Antykoncepcja Bez Hormon\u00f3w i Planowanie Ci\u0105\u017cy\",\"publisher\":{\"@id\":\"https:\\\/\\\/www.naturalna-plodnosc.pl\\\/#organization\"},\"potentialAction\":[{\"@type\":\"SearchAction\",\"target\":{\"@type\":\"EntryPoint\",\"urlTemplate\":\"https:\\\/\\\/www.naturalna-plodnosc.pl\\\/?s={search_term_string}\"},\"query-input\":{\"@type\":\"PropertyValueSpecification\",\"valueRequired\":true,\"valueName\":\"search_term_string\"}}],\"inLanguage\":\"pl-PL\"},{\"@type\":\"Organization\",\"@id\":\"https:\\\/\\\/www.naturalna-plodnosc.pl\\\/#organization\",\"name\":\"Naturalna P\u0142odno\u015b\u0107\",\"url\":\"https:\\\/\\\/www.naturalna-plodnosc.pl\\\/\",\"logo\":{\"@type\":\"ImageObject\",\"inLanguage\":\"pl-PL\",\"@id\":\"https:\\\/\\\/www.naturalna-plodnosc.pl\\\/#\\\/schema\\\/logo\\\/image\\\/\",\"url\":\"https:\\\/\\\/i2.wp.com\\\/www.naturalna-plodnosc.pl\\\/wp-content\\\/uploads\\\/2017\\\/10\\\/logo-Naturalna-Plodnosc_favicon.png?fit=68%2C78\",\"contentUrl\":\"https:\\\/\\\/i2.wp.com\\\/www.naturalna-plodnosc.pl\\\/wp-content\\\/uploads\\\/2017\\\/10\\\/logo-Naturalna-Plodnosc_favicon.png?fit=68%2C78\",\"width\":68,\"height\":78,\"caption\":\"Naturalna P\u0142odno\u015b\u0107\"},\"image\":{\"@id\":\"https:\\\/\\\/www.naturalna-plodnosc.pl\\\/#\\\/schema\\\/logo\\\/image\\\/\"},\"sameAs\":[\"https:\\\/\\\/www.facebook.com\\\/NaturalnaPlodnosc\\\/\",\"https:\\\/\\\/www.instagram.com\\\/naturalnaplodnosc.pl\\\/\"]}]}<\/script>\n<!-- \/ Yoast SEO plugin. -->","yoast_head_json":{"title":"Samobadanie piersi. Jak samodzielnie bada\u0107 piersi - Naturalna P\u0142odno\u015b\u0107","description":"Regularnie wykonywane samobadanie piersi to wa\u017cny element profilaktyki wykrywania raka piersi. Dowiedz si\u0119 jak poprawnie i \u0142atwo je wykona\u0107.","robots":{"index":"index","follow":"follow","max-snippet":"max-snippet:-1","max-image-preview":"max-image-preview:large","max-video-preview":"max-video-preview:-1"},"canonical":"https:\/\/www.naturalna-plodnosc.pl\/index.php\/piersi\/zdrowie\/samobadanie-piersi-jak-samodzielnie-badac-piersi\/","og_locale":"pl_PL","og_type":"article","og_title":"Samobadanie piersi. Jak samodzielnie bada\u0107 piersi - Naturalna P\u0142odno\u015b\u0107","og_description":"Regularnie wykonywane samobadanie piersi to wa\u017cny element profilaktyki wykrywania raka piersi. Dowiedz si\u0119 jak poprawnie i \u0142atwo je wykona\u0107.","og_url":"https:\/\/www.naturalna-plodnosc.pl\/index.php\/piersi\/zdrowie\/samobadanie-piersi-jak-samodzielnie-badac-piersi\/","og_site_name":"Naturalna P\u0142odno\u015b\u0107","article_publisher":"https:\/\/www.facebook.com\/NaturalnaPlodnosc\/","article_modified_time":"2020-07-16T13:25:00+00:00","og_image":[{"url":"http:\/\/www.naturalna-plodnosc.pl\/wp-content\/uploads\/2016\/01\/femi-250x166.jpg","type":"","width":"","height":""}],"twitter_card":"summary_large_image","twitter_misc":{"Szacowany czas czytania":"2 minuty"},"schema":{"@context":"https:\/\/schema.org","@graph":[{"@type":"WebPage","@id":"https:\/\/www.naturalna-plodnosc.pl\/index.php\/piersi\/zdrowie\/samobadanie-piersi-jak-samodzielnie-badac-piersi\/","url":"https:\/\/www.naturalna-plodnosc.pl\/index.php\/piersi\/zdrowie\/samobadanie-piersi-jak-samodzielnie-badac-piersi\/","name":"Samobadanie piersi. Jak samodzielnie bada\u0107 piersi - Naturalna P\u0142odno\u015b\u0107","isPartOf":{"@id":"https:\/\/www.naturalna-plodnosc.pl\/#website"},"primaryImageOfPage":{"@id":"https:\/\/www.naturalna-plodnosc.pl\/index.php\/piersi\/zdrowie\/samobadanie-piersi-jak-samodzielnie-badac-piersi\/#primaryimage"},"image":{"@id":"https:\/\/www.naturalna-plodnosc.pl\/index.php\/piersi\/zdrowie\/samobadanie-piersi-jak-samodzielnie-badac-piersi\/#primaryimage"},"thumbnailUrl":"http:\/\/www.naturalna-plodnosc.pl\/wp-content\/uploads\/2016\/01\/femi-250x166.jpg","datePublished":"2020-07-16T13:20:15+00:00","dateModified":"2020-07-16T13:25:00+00:00","description":"Regularnie wykonywane samobadanie piersi to wa\u017cny element profilaktyki wykrywania raka piersi. Dowiedz si\u0119 jak poprawnie i \u0142atwo je wykona\u0107.","breadcrumb":{"@id":"https:\/\/www.naturalna-plodnosc.pl\/index.php\/piersi\/zdrowie\/samobadanie-piersi-jak-samodzielnie-badac-piersi\/#breadcrumb"},"inLanguage":"pl-PL","potentialAction":[{"@type":"ReadAction","target":["https:\/\/www.naturalna-plodnosc.pl\/index.php\/piersi\/zdrowie\/samobadanie-piersi-jak-samodzielnie-badac-piersi\/"]}]},{"@type":"ImageObject","inLanguage":"pl-PL","@id":"https:\/\/www.naturalna-plodnosc.pl\/index.php\/piersi\/zdrowie\/samobadanie-piersi-jak-samodzielnie-badac-piersi\/#primaryimage","url":"https:\/\/www.naturalna-plodnosc.pl\/wp-content\/uploads\/2016\/01\/femi.jpg","contentUrl":"https:\/\/www.naturalna-plodnosc.pl\/wp-content\/uploads\/2016\/01\/femi.jpg","width":3877,"height":2580,"caption":"Samobadanie piersi"},{"@type":"BreadcrumbList","@id":"https:\/\/www.naturalna-plodnosc.pl\/index.php\/piersi\/zdrowie\/samobadanie-piersi-jak-samodzielnie-badac-piersi\/#breadcrumb","itemListElement":[{"@type":"ListItem","position":1,"name":"Strona g\u0142\u00f3wna","item":"https:\/\/www.naturalna-plodnosc.pl\/"},{"@type":"ListItem","position":2,"name":"Piersi","item":"https:\/\/www.naturalna-plodnosc.pl\/index.php\/piersi\/"},{"@type":"ListItem","position":3,"name":"Zdrowe piersi","item":"https:\/\/www.naturalna-plodnosc.pl\/index.php\/piersi\/zdrowie\/"},{"@type":"ListItem","position":4,"name":"Samobadanie piersi. Jak samodzielnie bada\u0107 piersi"}]},{"@type":"WebSite","@id":"https:\/\/www.naturalna-plodnosc.pl\/#website","url":"https:\/\/www.naturalna-plodnosc.pl\/","name":"Naturalna P\u0142odno\u015b\u0107","description":"Antykoncepcja Bez Hormon\u00f3w i Planowanie Ci\u0105\u017cy","publisher":{"@id":"https:\/\/www.naturalna-plodnosc.pl\/#organization"},"potentialAction":[{"@type":"SearchAction","target":{"@type":"EntryPoint","urlTemplate":"https:\/\/www.naturalna-plodnosc.pl\/?s={search_term_string}"},"query-input":{"@type":"PropertyValueSpecification","valueRequired":true,"valueName":"search_term_string"}}],"inLanguage":"pl-PL"},{"@type":"Organization","@id":"https:\/\/www.naturalna-plodnosc.pl\/#organization","name":"Naturalna P\u0142odno\u015b\u0107","url":"https:\/\/www.naturalna-plodnosc.pl\/","logo":{"@type":"ImageObject","inLanguage":"pl-PL","@id":"https:\/\/www.naturalna-plodnosc.pl\/#\/schema\/logo\/image\/","url":"https:\/\/i2.wp.com\/www.naturalna-plodnosc.pl\/wp-content\/uploads\/2017\/10\/logo-Naturalna-Plodnosc_favicon.png?fit=68%2C78","contentUrl":"https:\/\/i2.wp.com\/www.naturalna-plodnosc.pl\/wp-content\/uploads\/2017\/10\/logo-Naturalna-Plodnosc_favicon.png?fit=68%2C78","width":68,"height":78,"caption":"Naturalna P\u0142odno\u015b\u0107"},"image":{"@id":"https:\/\/www.naturalna-plodnosc.pl\/#\/schema\/logo\/image\/"},"sameAs":["https:\/\/www.facebook.com\/NaturalnaPlodnosc\/","https:\/\/www.instagram.com\/naturalnaplodnosc.pl\/"]}]}},"jetpack_sharing_enabled":true,"jetpack_shortlink":"https:\/\/wp.me\/P763jt-2R2","jetpack-related-posts":[{"id":10496,"url":"https:\/\/www.naturalna-plodnosc.pl\/index.php\/piersi\/zdrowie\/badanie-piersi-lepiej-zrobic-badanie-usg-czy-badac-sie-samodzielnie\/","url_meta":{"origin":10976,"position":0},"title":"Badanie piersi : lepiej zrobi\u0107 badanie USG czy bada\u0107 si\u0119 samodzielnie","author":"Joanna","date":"8 stycznia 2020","format":false,"excerpt":"Samobadanie piersi powinno stanowi\u0107 comiesi\u0119czn\u0105 rutyn\u0119 w \u017cyciu ka\u017cdej z nas. Dodatkowa po 30 roku \u017cycia ka\u017cda kobieta powinno wykona\u0107 raz w roku badanie USG ze wzgl\u0119du na wzrost ryzyka zachorowania na raka piersi w tej grupie wiekowej. Zar\u00f3wno samodzielne badanie piersi jak i specjalistyczne badania ultrasonograficzne pe\u0142ni\u0105 wa\u017cn\u0105 rol\u0119\u2026","rel":"","context":"Podobny wpis","block_context":{"text":"Podobny wpis","link":""},"img":{"alt_text":"Samodzielne badanie piersi","src":"http:\/\/www.naturalna-plodnosc.pl\/wp-content\/uploads\/2016\/01\/photo-2b.jpg","width":350,"height":200},"classes":[]},{"id":18546,"url":"https:\/\/www.naturalna-plodnosc.pl\/index.php\/piersi\/zdrowie\/dlaczego-nalezy-samodzielnie-badac-piersi\/","url_meta":{"origin":10976,"position":1},"title":"Dlaczego nale\u017cy samodzielnie bada\u0107 piersi?","author":"Joanna","date":"28 listopada 2023","format":false,"excerpt":"Samobadanie piersi to narz\u0119dzie wczesnego wykrywania. Wykorzystuje po\u0142\u0105czenie badania fizycznego i wizualnego piersi w celu wykrycia oznak raka piersi. Je\u015bli zauwa\u017cysz nowe zmiany w piersiach, porozmawiaj o tym z lekarzem. Dlaczego nale\u017cy samodzielnie bada\u0107 piersi? Samobadanie piersi pomo\u017ce Ci zrozumie\u0107 ich normalny wygl\u0105d i konsystencj\u0119. Chocia\u017c nie zawsze jest niezawodnym\u2026","rel":"","context":"Podobny wpis","block_context":{"text":"Podobny wpis","link":""},"img":{"alt_text":"Dlaczego nale\u017cy samodzielnie bada\u0107 piersi?","src":"http:\/\/www.naturalna-plodnosc.pl\/wp-content\/uploads\/2023\/11\/breast-cancer-awareness-3914243_640-182x166.png","width":350,"height":200},"classes":[]},{"id":7132,"url":"https:\/\/www.naturalna-plodnosc.pl\/index.php\/piersi\/samobadanie-piersi-dlaczego-kobiety-nie-badaja-samodzielnie-swoich-piersi\/","url_meta":{"origin":10976,"position":2},"title":"Samobadanie Piersi: Dlaczego kobiety nie badaj\u0105 samodzielnie swoich piersi.","author":"Joanna","date":"15 listopada 2017","format":false,"excerpt":"[et_pb_social_media_follow_network social_network=\"facebook\" url=\"https:\/\/www.facebook.com\/NaturalnaPlodnosc\/\" _builder_version=\"3.0.74\" background_color=\"#4053a5\"\u2026","rel":"","context":"Podobny wpis","block_context":{"text":"Podobny wpis","link":""},"img":{"alt_text":"","src":"http:\/\/www.naturalna-plodnosc.pl\/wp-content\/uploads\/2016\/10\/A_01-250x166.jpg","width":350,"height":200},"classes":[]},{"id":20741,"url":"https:\/\/www.naturalna-plodnosc.pl\/index.php\/wykrylas-guzek-w-piersi-zobacz-co-powinnas-zrobic\/","url_meta":{"origin":10976,"position":3},"title":"Wykry\u0142a\u015b guzek w piersi? Zobacz co powinna\u015b zrobi\u0107.","author":"Joanna","date":"14 lutego 2026","format":false,"excerpt":"Wyczucie guzka w piersi jest jednym z najcz\u0119stszych powod\u00f3w zg\u0142aszania si\u0119 kobiet do specjalisty chor\u00f3b piersi. Mimo \u017ce wi\u0119kszo\u015b\u0107 takich zmian ma charakter \u0142agodny, ka\u017cda nowo wykryta struktura wymaga oceny medycznej. Charakterystyka guzk\u00f3w w piersiach Piersi s\u0105 strukturami o z\u0142o\u017conej budowie \u2013 zawieraj\u0105 tkank\u0119 gruczo\u0142ow\u0105, t\u0142uszczow\u0105 i \u0142\u0105czn\u0105. W zwi\u0105zku\u2026","rel":"","context":"Podobny wpis","block_context":{"text":"Podobny wpis","link":""},"img":{"alt_text":"Wykry\u0142a\u015b guzek w piersi? Zobacz co powinna\u015b zrobi\u0107.","src":"https:\/\/www.naturalna-plodnosc.pl\/wp-content\/uploads\/2026\/02\/sandramu-breast-cancer-2773775_640-250x166.jpg","width":350,"height":200},"classes":[]},{"id":14024,"url":"https:\/\/www.naturalna-plodnosc.pl\/index.php\/piersi\/zdrowie\/rak-piersi-czynniki-ryzyka-i-profilaktyka\/","url_meta":{"origin":10976,"position":4},"title":"Rak piersi &#8211; czynniki ryzyka i profilaktyka","author":"Joanna","date":"23 maja 2023","format":false,"excerpt":"Rak piersi to najcz\u0119\u015bciej diagnozowany nowotw\u00f3r z\u0142o\u015bliwy u kobiet na ca\u0142ym \u015bwiecie. Z biegiem lat zachorowalno\u015b\u0107 nadal ro\u015bnie. Statystycznie co roku wykrywa si\u0119 go u 18 tysi\u0119cy kobiet. \u015arednio co trzeci przypadek jest zako\u0144czony \u015bmierci\u0105. Wczesne wykrycie raka piersi ma kluczowe znaczenie w leczeniu i radykalnie zwi\u0119ksza szanse na prze\u017cycie\u2026","rel":"","context":"Podobny wpis","block_context":{"text":"Podobny wpis","link":""},"img":{"alt_text":"Rak piersi - czynniki ryzyka i profilaktyka","src":"http:\/\/www.naturalna-plodnosc.pl\/wp-content\/uploads\/2023\/05\/dainis-graveris-JkPDdLFY2qE-unsplash-250x166.jpg","width":350,"height":200},"classes":[]},{"id":12011,"url":"https:\/\/www.naturalna-plodnosc.pl\/index.php\/piersi\/zdrowie\/samobadanie-piersi-dlaczego-warto-badac-sobie-piersi\/","url_meta":{"origin":10976,"position":5},"title":"Samobadanie piersi. Dlaczego warto bada\u0107 sobie piersi?","author":"Joanna","date":"25 lutego 2021","format":false,"excerpt":"Od wielu lat wiadomo jak wa\u017cne s\u0105 badania profilaktyczne. Mog\u0105 uchroni\u0107 przed rozwojem niebezpiecznych schorze\u0144, jeszcze zanim pojawi\u0105 si\u0119 pierwsze objawy kliniczne. S\u0105 szybkie, \u0142atwo dost\u0119pne, a co najwa\u017cniejsze pozwalaj\u0105 zaoszcz\u0119dzi\u0107 p\u00f3\u017aniejszych zmartwie\u0144 zwi\u0105zanych z zaawansowanym stopniem choroby. Istnieje lista bada\u0144, kt\u00f3re ka\u017cda kobieta powinna wykona\u0107 chocia\u017c raz w roku.\u2026","rel":"","context":"Podobny wpis","block_context":{"text":"Podobny wpis","link":""},"img":{"alt_text":"Samobadanie piersi","src":"http:\/\/www.naturalna-plodnosc.pl\/wp-content\/uploads\/2021\/02\/A_013-250x166.jpg","width":350,"height":200},"classes":[]}],"jetpack_likes_enabled":true,"_links":{"self":[{"href":"https:\/\/www.naturalna-plodnosc.pl\/index.php\/wp-json\/wp\/v2\/pages\/10976","targetHints":{"allow":["GET"]}}],"collection":[{"href":"https:\/\/www.naturalna-plodnosc.pl\/index.php\/wp-json\/wp\/v2\/pages"}],"about":[{"href":"https:\/\/www.naturalna-plodnosc.pl\/index.php\/wp-json\/wp\/v2\/types\/page"}],"author":[{"embeddable":true,"href":"https:\/\/www.naturalna-plodnosc.pl\/index.php\/wp-json\/wp\/v2\/users\/1"}],"replies":[{"embeddable":true,"href":"https:\/\/www.naturalna-plodnosc.pl\/index.php\/wp-json\/wp\/v2\/comments?post=10976"}],"version-history":[{"count":0,"href":"https:\/\/www.naturalna-plodnosc.pl\/index.php\/wp-json\/wp\/v2\/pages\/10976\/revisions"}],"up":[{"embeddable":true,"href":"https:\/\/www.naturalna-plodnosc.pl\/index.php\/wp-json\/wp\/v2\/pages\/151"}],"wp:attachment":[{"href":"https:\/\/www.naturalna-plodnosc.pl\/index.php\/wp-json\/wp\/v2\/media?parent=10976"}],"curies":[{"name":"wp","href":"https:\/\/api.w.org\/{rel}","templated":true}]}}